{"id":51312,"date":"2019-09-20T12:42:19","date_gmt":"2019-09-20T10:42:19","guid":{"rendered":"http:\/\/www.libraria-occitana.org\/?post_type=product&#038;p=51312"},"modified":"2026-04-29T10:35:26","modified_gmt":"2026-04-29T08:35:26","slug":"le-temps-des-limousins-chroniques-horloges-nostalgies-prospectives-du-xie-au-xxie-siecles","status":"publish","type":"product","link":"https:\/\/www.libraria-occitana.org\/en\/product\/le-temps-des-limousins-chroniques-horloges-nostalgies-prospectives-du-xie-au-xxie-siecles\/","title":{"rendered":"Le Temps des Limousins : Chroniques, horloges, nostalgies, prospectives du XIe au XXIe si\u00e8cles"},"content":{"rendered":"<p>Chaque \u00e9poque a une mani\u00e8re qui lui est propre d\u2019habiter le temps : de mesurer le temps qui passe et celui qui est pass\u00e9, d\u2019instrumentaliser le pass\u00e9 pour mieux tirer parti du pr\u00e9sent, de r\u00eaver ou de craindre le futur. Comment les habitants du Limousin, au cours de l\u2019histoire, ont-ils habit\u00e9 leur temps ?<\/p>\n<p>Mesurer le temps. Comment les chroniqueurs m\u00e9di\u00e9vaux parvenaient-ils \u00e0 d\u00e9brouiller l\u2019\u00e9cheveau des si\u00e8cles pass\u00e9s ? Comment la succession des \u00e9v\u00e9nements politiques du royaume venait-elle scander les registres des consuls de Limoges ? Le temps du juge et celui de l\u2019assassin pouvaient-ils s\u2019accorder sur l\u2019heure du crime ? Et comment, faute de pendule \u00e0 la maison, les enfants des villages \u00e9loign\u00e9s du chef-lieu arrivaient-ils \u00e0 l\u2019heure \u00e0 l\u2019\u00e9cole ? Et de quelle heure parle-t-on ? Celle du soleil, bien s\u00fbr, sauf que chaque commune avait la sienne !<\/p>\n<p>Et puis il y a les usages que l\u2019on fait du pass\u00e9, de la lecture que l\u2019on en donne \u2013 g\u00e9n\u00e9ralement celle qui vous arrange, que ce soit dans le cadre d\u2019un proc\u00e8s familial ou d\u2019une politique. Lorsqu\u2019une \u00e9glise m\u00e9di\u00e9vale int\u00e9grait des remplois d\u2019\u00e9difices ant\u00e9rieurs, c\u2019\u00e9tait pour mieux affirmer l\u2019anciennet\u00e9 de sa fondation (et les historiens de l\u2019art doivent se d\u00e9battre avec ce m\u00e9lange des \u00e9poques). Comparable \u00e9tait la motivation des b\u00e2tisseurs de ch\u00e2teaux n\u00e9o-gothiques : aur\u00e9oler du lustre du pass\u00e9 une position sociale. Les \u00e9diles municipaux, quant \u00e0 eux, s\u2019effor\u00e7aient plut\u00f4t de d\u00e9truire les encombrants vestiges pour construire une ville moderne, tourn\u00e9e vers l\u2019avenir. Au tournant des XXe et XXIe si\u00e8cles, le Limousin fut pionnier en mati\u00e8re de prospective r\u00e9gionale ; et il s\u2019av\u00e8re que cette d\u00e9marche appartient d\u00e9j\u00e0 au pass\u00e9&#8230;<\/p>\n<p>Le Limousin a-t-il fait preuve d\u2019originalit\u00e9 dans son rapport au temps ? Rien ne le prouve, mais on souhaiterait vivement que d\u2019autres \u00e9tudes r\u00e9gionales viennent lui donner la r\u00e9plique.<\/p>\n<p><strong>Somari :<\/strong><\/p>\n<p>&#8211; Robert Chanaud \u2013 Avant-propos. Le futur est de retour<\/p>\n<p>&#8211; Pauline Bouchaud \u2013 Introduction<\/p>\n<p><strong>1 \u2013 Mesurer le temps<\/strong><\/p>\n<p>&#8211; Julien Bellarbre \u2013 Ad\u00e9mar de Chabannes et les \u00e2ges du monde. De nouveaux \u00e9l\u00e9ments concernant le \u00ab mill\u00e9narisme \u00bb de l&#8217;auteur.<br \/>\n&#8211; Christian Remy \u2013 Une m\u00e9moire contentieuse au ch\u00e2teau de Bonneval dans la premi\u00e8re moiti\u00e9 du XVIe si\u00e8cle.<br \/>\n&#8211; Nicolas Lestieux \u2013 Une lecture des temporalit\u00e9s des registres consulaires du Ch\u00e2teau de Limoges \u00e0 l&#8217;\u00e9poque moderne (XVIe-XVIIe si\u00e8cles) : entre rythmes des temps et m\u00e9moire du pass\u00e9.<br \/>\n&#8211; Philippe Grandcoing \u2013 L\u2019heure du crime. Se rep\u00e9rer dans le temps face \u00e0 la justice dans les ann\u00e9es 1830-1840.<br \/>\n&#8211; Vincent Brousse \u2013 Le temps de la justice. Chocs des temporalit\u00e9s, 1800-1960. Temps v\u00e9cu, temps estim\u00e9, temps subi.<br \/>\n&#8211; Pascal Bousseyroux \u2013 Les horloges publiques en Corr\u00e8ze au XIXe si\u00e8cle (1830-1923).<br \/>\n&#8211; Michel C. Kiener \u2013 Le temps, le jour et l\u2019heure. Du temps contraint \u00e0 l\u2019heure exacte (1800-1914).<\/p>\n<p><strong>2 \u2013 Se projeter dans le temps<\/strong><\/p>\n<p>&#8211; Laura Viaut \u2013 Construire le futur au Moyen \u00c2ge. La justice restaurative de l\u2019an mil \u00e0 travers le corpus limousin.<br \/>\n&#8211; Jean-Marie Allard, Jean Fran\u00e7ois Boyer, Robert Chanaud, Luc Ferran, St\u00e9phane Lafaye, Christian Remy \u2013 Geoffroi de Vigeois. La construction du r\u00e9cit historique chez un chroniqueur du XIIe si\u00e8cle.<br \/>\n&#8211; Pauline Bouchaud \u2013 R\u00e9\u00e9crire le pass\u00e9. L\u2019exemple du chanoine limousin \u00c9tienne Maleu (\u2020 1322), historien de son \u00e9glise.<br \/>\n&#8211; Claude Andrault-Schmitt \u2013 Le temps du monument. Un pi\u00e8ge pour l&#8217;historien de l&#8217;architecture m\u00e9di\u00e9vale.<br \/>\n&#8211; Nicolas Lestieux \u2013 Du pass\u00e9 r\u00e9invent\u00e9 au pass\u00e9 revendiqu\u00e9 : le gaulois Duratius et la superposition des temporalit\u00e9s dans une cit\u00e9 \u00e0 l\u2019\u00e9poque moderne.<br \/>\n&#8211; Philippe Grandcoing \u2013 Conserver, restaurer, reconstruire. Le XIXe si\u00e8cle et l\u2019h\u00e9ritage du pass\u00e9 \u00e0 Limoges et en Haute-Vienne.<br \/>\n&#8211; Michel C. Kiener \u2013 Limoges 1890-2020. La ville voulue, les r\u00eaves bris\u00e9s.<br \/>\n&#8211; Robert Savy \u2013 La prospective r\u00e9gionale en Limousin. Limousin 2007 &#8211; Limousin 2017.<\/p>\n","protected":false},"excerpt":{"rendered":"<p>Chaque \u00e9poque a une mani\u00e8re qui lui est propre d\u2019habiter le temps : de mesurer le temps qui passe et celui qui est pass\u00e9, d\u2019instrumentaliser le pass\u00e9 pour mieux tirer parti du pr\u00e9sent, de r\u00eaver ou de craindre le futur. Comment les habitants du Limousin, au cours de l\u2019histoire, ont-ils habit\u00e9 leur temps ? Mesurer [&hellip;]<\/p>\n","protected":false},"featured_media":51315,"template":"","meta":{"_acf_changed":false,"_genesis_hide_title":false,"_genesis_hide_breadcrumbs":false,"_genesis_hide_singular_image":false,"_genesis_hide_footer_widgets":false,"_genesis_custom_body_class":"","_genesis_custom_post_class":"","_genesis_layout":""},"product_brand":[],"product_cat":[7132,7156,7148],"product_tag":[],"class_list":{"0":"post-51312","1":"product","2":"type-product","3":"status-publish","4":"has-post-thumbnail","6":"product_cat-books","7":"product_cat-general-history-en","8":"product_cat-history-geography-en","9":"pa_auteur-bouchaud-pauline-en","10":"pa_auteur-chanaud-robert-en","11":"pa_auteur-collectiu-en-2","12":"pa_editeur-pu-limoges-en","13":"pa_langue-francais-en","14":"entry","16":"first","17":"instock","18":"shipping-taxable","19":"purchasable","20":"product-type-simple"},"acf":[],"_links":{"self":[{"href":"https:\/\/www.libraria-occitana.org\/en\/wp-json\/wp\/v2\/product\/51312","targetHints":{"allow":["GET"]}}],"collection":[{"href":"https:\/\/www.libraria-occitana.org\/en\/wp-json\/wp\/v2\/product"}],"about":[{"href":"https:\/\/www.libraria-occitana.org\/en\/wp-json\/wp\/v2\/types\/product"}],"wp:featuredmedia":[{"embeddable":true,"href":"https:\/\/www.libraria-occitana.org\/en\/wp-json\/wp\/v2\/media\/51315"}],"wp:attachment":[{"href":"https:\/\/www.libraria-occitana.org\/en\/wp-json\/wp\/v2\/media?parent=51312"}],"wp:term":[{"taxonomy":"product_brand","embeddable":true,"href":"https:\/\/www.libraria-occitana.org\/en\/wp-json\/wp\/v2\/product_brand?post=51312"},{"taxonomy":"product_cat","embeddable":true,"href":"https:\/\/www.libraria-occitana.org\/en\/wp-json\/wp\/v2\/product_cat?post=51312"},{"taxonomy":"product_tag","embeddable":true,"href":"https:\/\/www.libraria-occitana.org\/en\/wp-json\/wp\/v2\/product_tag?post=51312"}],"curies":[{"name":"wp","href":"https:\/\/api.w.org\/{rel}","templated":true}]}}