{"id":51341,"date":"2019-02-20T17:57:02","date_gmt":"2019-02-20T16:57:02","guid":{"rendered":"http:\/\/www.libraria-occitana.org\/product\/le-cede-de-tripoux\/"},"modified":"2026-04-03T01:32:06","modified_gmt":"2026-04-02T23:32:06","slug":"le-cede-de-tripoux","status":"publish","type":"product","link":"https:\/\/www.libraria-occitana.org\/en\/product\/le-cede-de-tripoux\/","title":{"rendered":"Le C\u00e9d\u00e9 de Tripoux"},"content":{"rendered":"<p><strong>Bastien Fontanille :<\/strong> Vielle \u00e0 roue, accord\u00e9on, banjo, chant<br \/>\n<strong>Daniel Detammaecker :<\/strong> Harmonica, percussions, tambourin \u00e0 cordes, chant<br \/>\n<strong>Maxence Camelin :<\/strong> Cabrette, bodega, boha, hautbois, synth\u00e9 \u00e0 piles, glockenspiel, chant<br \/>\nInvit\u00e9s : <strong>Julen Achiari<\/strong>, <strong>Elisa Trebouville<\/strong>, <strong>Guilhem Cavaill\u00e9<\/strong><\/p>\n<p><strong>Bal tripant retrotrad\u2019\u00d2c bit noise musette.<\/strong><br \/>\nAU SERVICE DU BON GO\u00dbT !!! AMBIANCE GARANTIE 100 % pur gras !<br \/>\nUn trio gastronomique des familles, on les inviterait bien \u00e0 notre table&#8230; quoi que quelque peu envahissants.<br \/>\nIci on aime le go\u00fbt, tout ce qui a du go\u00fbt&#8230; m\u00eame les petits bouts, m\u00eame surtout les tous petits bouts.<br \/>\nTripoux revisite pour le plaisir des danseurs et des piliers de la buvette, un large r\u00e9pertoire allant de l&#8217;Ari\u00e8ge aux Landes, en passant par l&#8217;Auvergne, la Montagne noire, le B\u00e9arn, le Quercy et le bal musette.<\/p>\n<p><strong>Titres :<\/strong><br \/>\n1. Mise en bouche 0&#8217;32<br \/>\n2. Polcas &#8211; \u00e0 Ladonne, polca piqu\u00e9e 2&#8217;34<br \/>\n3. Interlude 0&#8217;20<br \/>\n4. Saut &#8211; Pig(a) 5&#8217;10<br \/>\n5. Branle &#8211; La Vielha 3&#8217;07<br \/>\n6. Interm\u00e8de 0&#8217;24<br \/>\n7. Bourr\u00e9e &lt;3 Temps &#8211; \u00e0 Poujouly, \u00e0 Sudre 3&#8217;16<br \/>\n8. Bourr\u00e9e d&#8217;Ari\u00e8ge &#8211; dite de Sentein 2&#8217;04<br \/>\n9. Bourr\u00e9e d&#8217;Ari\u00e8ge &#8211; Travers\u00e9es 2&#8217;22<br \/>\n10. Intermezzo 0&#8217;26<br \/>\n11. Rondeaux &#8211; en Do Bas 5&#8217;00<br \/>\n12. Ronde des Landes &#8211; Catrin\u00f2ta 4&#8217;55<br \/>\n13. Entracte 0&#8217;29<br \/>\n14. Mazurka &#8211; des familles, d&#8217;Aynac 3&#8217;17<br \/>\n15. Saut &#8211; Mochico 4&#8217;35<br \/>\n16. Saut &#8211; Dus \/ Hegi Pop 3&#8217;15<br \/>\n17. Interplateau 0&#8217;28<br \/>\n18. Rondes du Quercy &#8211; n\u00b049, n\u00b0265 et n\u00b0253 6&#8217;38<br \/>\n19. Marche &#8211; Des cabreta\u00efres, \u00e0 Cancellier 3&#8217;18<br \/>\n20. Valse slow &#8211; Maman la violette, Maman c&#8217;est toi la plus belle du monde 5&#8217;44<br \/>\n21. Rappel 0&#8217;30<br \/>\n22. Chacha &#8211; Se Cantcha, L&#8217;aiga de r\u00f2cha 3&#8217;39<\/p>\n","protected":false},"excerpt":{"rendered":"<p>Bastien Fontanille : Vielle \u00e0 roue, accord\u00e9on, banjo, chant Daniel Detammaecker : Harmonica, percussions, tambourin \u00e0 cordes, chant Maxence Camelin : Cabrette, bodega, boha, hautbois, synth\u00e9 \u00e0 piles, glockenspiel, chant Invit\u00e9s : Julen Achiari, Elisa Trebouville, Guilhem Cavaill\u00e9 Bal tripant retrotrad\u2019\u00d2c bit noise musette. AU SERVICE DU BON GO\u00dbT !!! AMBIANCE GARANTIE 100 % pur [&hellip;]<\/p>\n","protected":false},"featured_media":51339,"template":"","meta":{"_acf_changed":false,"_genesis_hide_title":false,"_genesis_hide_breadcrumbs":false,"_genesis_hide_singular_image":false,"_genesis_hide_footer_widgets":false,"_genesis_custom_body_class":"","_genesis_custom_post_class":"","_genesis_layout":""},"product_brand":[],"product_cat":[7228,7216],"product_tag":[],"class_list":{"0":"post-51341","1":"product","2":"type-product","3":"status-publish","4":"has-post-thumbnail","6":"product_cat-modern-folk-en","7":"product_cat-music-en","8":"pa_auteur-tripoux-en","9":"pa_editeur-trio-tripoux-en","10":"pa_langue-francais-en","11":"pa_langue-occitan-en","12":"entry","14":"first","15":"outofstock","16":"shipping-taxable","17":"purchasable","18":"product-type-simple"},"acf":[],"_links":{"self":[{"href":"https:\/\/www.libraria-occitana.org\/en\/wp-json\/wp\/v2\/product\/51341","targetHints":{"allow":["GET"]}}],"collection":[{"href":"https:\/\/www.libraria-occitana.org\/en\/wp-json\/wp\/v2\/product"}],"about":[{"href":"https:\/\/www.libraria-occitana.org\/en\/wp-json\/wp\/v2\/types\/product"}],"wp:featuredmedia":[{"embeddable":true,"href":"https:\/\/www.libraria-occitana.org\/en\/wp-json\/wp\/v2\/media\/51339"}],"wp:attachment":[{"href":"https:\/\/www.libraria-occitana.org\/en\/wp-json\/wp\/v2\/media?parent=51341"}],"wp:term":[{"taxonomy":"product_brand","embeddable":true,"href":"https:\/\/www.libraria-occitana.org\/en\/wp-json\/wp\/v2\/product_brand?post=51341"},{"taxonomy":"product_cat","embeddable":true,"href":"https:\/\/www.libraria-occitana.org\/en\/wp-json\/wp\/v2\/product_cat?post=51341"},{"taxonomy":"product_tag","embeddable":true,"href":"https:\/\/www.libraria-occitana.org\/en\/wp-json\/wp\/v2\/product_tag?post=51341"}],"curies":[{"name":"wp","href":"https:\/\/api.w.org\/{rel}","templated":true}]}}