{"id":51581,"date":"2019-07-02T16:05:11","date_gmt":"2019-07-02T14:05:11","guid":{"rendered":"http:\/\/www.libraria-occitana.org\/?post_type=product&#038;p=51581"},"modified":"2026-04-18T01:47:04","modified_gmt":"2026-04-17T23:47:04","slug":"sus-la-talvera-en-marge-libre-cd","status":"publish","type":"product","link":"https:\/\/www.libraria-occitana.org\/en\/product\/sus-la-talvera-en-marge-libre-cd\/","title":{"rendered":"Sus la Talvera &#8211; En Marge (libre + CD)"},"content":{"rendered":"<p><em>La Talvera<\/em> est un mot occitan d\u00e9signant la bordure non labour\u00e9e du champ, l\u2019endroit o\u00f9 la charrue doit tourner. Par m\u00e9taphore, <em>sus la talvera<\/em>, sur la talvera, se traduit en fran\u00e7ais par \u00ab en marge \u00bb qui, dans ce long po\u00e8me doit s\u2019entendre comme un souffle de dignit\u00e9, un frison d\u2019espoir, une invocation \u00e0 ceux qui se sont dress\u00e9s, un chant \u00e0 la gloire des vaincus : <em>Gloria Victis<\/em>.<br \/>\n\u00ab En marge \u00bb n\u2019est pas ici d\u00e9crit au sens du barrage, de la s\u00e9paration, de la fronti\u00e8re, mais comme une zone compl\u00e9mentaire d\u2019attente et d\u2019expectative ; comme un lieu d\u2019observation commun, car proposant une vision sensible de l\u2019Histoire ; un territoire de r\u00e9sistance qui renforce le courage face \u00e0 la r\u00e9alit\u00e9 ; le lieu, en d\u00e9finitive, o\u00f9 para\u00eet \u00e0 l\u2019infini se nouer et se conjuguer, les diff\u00e9rentes fi\u00e8vres, tensions, singularit\u00e9s, mani\u00e8res d\u2019\u00eatre au monde.<\/p>\n<p>L&#8217;auteur, Carles Diaz (Santiago, Chili, 1978), est un po\u00e8te franco-chilien, historien de l&#8217;art, chercheur dans le domaine de la culture et de l&#8217;art sp\u00e9cifique au XIXe si\u00e8cles.<\/p>\n<p>Lire un extrait <a href=\"https:\/\/fr.calameo.com\/read\/0061841689c6a3b1fdb75\">ICI<\/a><\/p>\n<h3>Le CD :<\/h3>\n<p><strong>Musique, voix :<\/strong> Pac\u00f4me Gendreau<br \/>\n<strong>R\u00e9alisation, voix :<\/strong> Fr\u00e9d\u00e9ric Paquet<br \/>\n<strong>Photo du CD :<\/strong> Pascal Calmettes<\/p>\n<p>La r\u00e9alisation sonore qui accompagne ce livre a \u00e9t\u00e9 motiv\u00e9e par les \u00e9changes de langages possibles entre la litt\u00e9rature, la traduction et la musique. En passant d\u2019un langage \u00e0 l\u2019autre, en les superposant, l\u2019expression po\u00e9tique s\u2019\u00e9l\u00e8ve au-del\u00e0 du premier sentiment qu\u2019elle suscite.<br \/>\nUne cr\u00e9ation originale, voulue comme une performance orale et musicale \u00e9lectronique, a donc \u00e9t\u00e9 enregistr\u00e9e pour que la singularit\u00e9 de cette po\u00e9sie fasse \u00e9cho \u00e0 son temps.<\/p>\n<p>Musique \u00e9lectro. Dur\u00e9e : 60&#8217;23.<\/p>\n<p><a href=\"http:\/\/www.libraria-occitana.org\/produit\/sus-la-talvera-en-marge\/\"><em>Sus la Talvera<\/em> sans le CD<\/a><\/p>\n","protected":false},"excerpt":{"rendered":"<p>La Talvera est un mot occitan d\u00e9signant la bordure non labour\u00e9e du champ, l\u2019endroit o\u00f9 la charrue doit tourner. Par m\u00e9taphore, sus la talvera, sur la talvera, se traduit en fran\u00e7ais par \u00ab en marge \u00bb qui, dans ce long po\u00e8me doit s\u2019entendre comme un souffle de dignit\u00e9, un frison d\u2019espoir, une invocation \u00e0 ceux [&hellip;]<\/p>\n","protected":false},"featured_media":51575,"template":"","meta":{"_acf_changed":false,"_genesis_hide_title":false,"_genesis_hide_breadcrumbs":false,"_genesis_hide_singular_image":false,"_genesis_hide_footer_widgets":false,"_genesis_custom_body_class":"","_genesis_custom_post_class":"","_genesis_layout":""},"product_brand":[],"product_cat":[7132,7174,7180],"product_tag":[],"class_list":{"0":"post-51581","1":"product","2":"type-product","3":"status-publish","4":"has-post-thumbnail","6":"product_cat-books","7":"product_cat-literature-en","8":"product_cat-poetry-en","9":"pa_auteur-diaz-carles-en","10":"pa_editeur-abordo-en","11":"pa_illustrateur-gendreau-pacome-en","12":"pa_illustrateur-paquet-frederic-en","13":"pa_illustrateur-tardiu-joan-peire-tardif-jean-pierre-en","14":"pa_langue-occitan-lengadocian-en","15":"pa_langue-occitan-francais-en","16":"entry","18":"first","19":"outofstock","20":"shipping-taxable","21":"purchasable","22":"product-type-simple"},"acf":[],"_links":{"self":[{"href":"https:\/\/www.libraria-occitana.org\/en\/wp-json\/wp\/v2\/product\/51581","targetHints":{"allow":["GET"]}}],"collection":[{"href":"https:\/\/www.libraria-occitana.org\/en\/wp-json\/wp\/v2\/product"}],"about":[{"href":"https:\/\/www.libraria-occitana.org\/en\/wp-json\/wp\/v2\/types\/product"}],"wp:featuredmedia":[{"embeddable":true,"href":"https:\/\/www.libraria-occitana.org\/en\/wp-json\/wp\/v2\/media\/51575"}],"wp:attachment":[{"href":"https:\/\/www.libraria-occitana.org\/en\/wp-json\/wp\/v2\/media?parent=51581"}],"wp:term":[{"taxonomy":"product_brand","embeddable":true,"href":"https:\/\/www.libraria-occitana.org\/en\/wp-json\/wp\/v2\/product_brand?post=51581"},{"taxonomy":"product_cat","embeddable":true,"href":"https:\/\/www.libraria-occitana.org\/en\/wp-json\/wp\/v2\/product_cat?post=51581"},{"taxonomy":"product_tag","embeddable":true,"href":"https:\/\/www.libraria-occitana.org\/en\/wp-json\/wp\/v2\/product_tag?post=51581"}],"curies":[{"name":"wp","href":"https:\/\/api.w.org\/{rel}","templated":true}]}}