{"id":51590,"date":"2019-09-02T17:24:49","date_gmt":"2019-09-02T15:24:49","guid":{"rendered":"http:\/\/www.libraria-occitana.org\/?post_type=product&#038;p=51590"},"modified":"2026-04-29T01:56:06","modified_gmt":"2026-04-28T23:56:06","slug":"du-feu-que-nous-sommes","status":"publish","type":"product","link":"https:\/\/www.libraria-occitana.org\/en\/product\/du-feu-que-nous-sommes\/","title":{"rendered":"Du feu que nous sommes"},"content":{"rendered":"<p>Comme toute langue, toute r\u00e9alit\u00e9 est vivante, organique ; tout po\u00e8me est alors par \u00e9vidence une conqu\u00eate essentielle \u00e9troitement li\u00e9e \u00e0 l&#8217;\u00e9poque o\u00f9 il voit le jour. Comme toute cr\u00e9ation, il demeure une \u00e9criture nouvelle en son temps.<br \/>\nCette anthologie po\u00e9tique r\u00e9unit 65 auteurs contemporains venant de divers horizons. Et les textes regroup\u00e9s ici ressemblent chacun \u00e0 un appel marqu\u00e9 par une force criant \u00e0 l&#8217;avenir ; une force qui est celle permettant au po\u00e8te de ressentir ce qu\u2019il est quand il \u00e9crit ; un avenir \u00e0 travers lequel perp\u00e9tuer le souvenir <em>Du feu que nous sommes<\/em>.<\/p>\n<p>Abordo \u00c9ditions publie cet ouvrage \u00e0 l&#8217;occasion de son 10e anniversaire.<\/p>\n<p>Avec des po\u00e8mes en occitan de Gabriel Okoundji, Didier Tousis, Joan-P\u00e8ire Tardiu et Joan-Pau Creissac.<\/p>\n","protected":false},"excerpt":{"rendered":"<p>Comme toute langue, toute r\u00e9alit\u00e9 est vivante, organique ; tout po\u00e8me est alors par \u00e9vidence une conqu\u00eate essentielle \u00e9troitement li\u00e9e \u00e0 l&#8217;\u00e9poque o\u00f9 il voit le jour. Comme toute cr\u00e9ation, il demeure une \u00e9criture nouvelle en son temps. Cette anthologie po\u00e9tique r\u00e9unit 65 auteurs contemporains venant de divers horizons. Et les textes regroup\u00e9s ici ressemblent [&hellip;]<\/p>\n","protected":false},"featured_media":51593,"template":"","meta":{"_acf_changed":false,"_genesis_hide_title":false,"_genesis_hide_breadcrumbs":false,"_genesis_hide_singular_image":false,"_genesis_hide_footer_widgets":false,"_genesis_custom_body_class":"","_genesis_custom_post_class":"","_genesis_layout":""},"product_brand":[],"product_cat":[7132,7174,7180],"product_tag":[],"class_list":{"0":"post-51590","1":"product","2":"type-product","3":"status-publish","4":"has-post-thumbnail","6":"product_cat-books","7":"product_cat-literature-en","8":"product_cat-poetry-en","9":"pa_auteur-collectiu-en-2","10":"pa_editeur-abordo-en","11":"pa_langue-autras-lingas-en","12":"pa_langue-francais-en","13":"pa_langue-occitan-gascon-en","14":"pa_langue-occitan-lengadocian-en","15":"pa_langue-occitan-francais-en","16":"entry","18":"first","19":"outofstock","20":"shipping-taxable","21":"purchasable","22":"product-type-simple"},"acf":[],"_links":{"self":[{"href":"https:\/\/www.libraria-occitana.org\/en\/wp-json\/wp\/v2\/product\/51590","targetHints":{"allow":["GET"]}}],"collection":[{"href":"https:\/\/www.libraria-occitana.org\/en\/wp-json\/wp\/v2\/product"}],"about":[{"href":"https:\/\/www.libraria-occitana.org\/en\/wp-json\/wp\/v2\/types\/product"}],"wp:featuredmedia":[{"embeddable":true,"href":"https:\/\/www.libraria-occitana.org\/en\/wp-json\/wp\/v2\/media\/51593"}],"wp:attachment":[{"href":"https:\/\/www.libraria-occitana.org\/en\/wp-json\/wp\/v2\/media?parent=51590"}],"wp:term":[{"taxonomy":"product_brand","embeddable":true,"href":"https:\/\/www.libraria-occitana.org\/en\/wp-json\/wp\/v2\/product_brand?post=51590"},{"taxonomy":"product_cat","embeddable":true,"href":"https:\/\/www.libraria-occitana.org\/en\/wp-json\/wp\/v2\/product_cat?post=51590"},{"taxonomy":"product_tag","embeddable":true,"href":"https:\/\/www.libraria-occitana.org\/en\/wp-json\/wp\/v2\/product_tag?post=51590"}],"curies":[{"name":"wp","href":"https:\/\/api.w.org\/{rel}","templated":true}]}}