{"id":51600,"date":"2019-06-22T16:56:33","date_gmt":"2019-06-22T14:56:33","guid":{"rendered":"http:\/\/www.libraria-occitana.org\/product\/les-creux-de-maisons\/"},"modified":"2026-04-29T10:16:20","modified_gmt":"2026-04-29T08:16:20","slug":"les-creux-de-maisons","status":"publish","type":"product","link":"https:\/\/www.libraria-occitana.org\/en\/product\/les-creux-de-maisons\/","title":{"rendered":"Les Creux de maisons"},"content":{"rendered":"<p>\u00c9crivain de la ruralit\u00e9, l&#8217;auteur d\u00e9peint un monde qui n&#8217;existe plus, un monde dont les derniers vestiges ont disparu dans les ann\u00e9es 1950 et 1960, le monde paysan fran\u00e7ais d&#8217;an\u00adtan. Ainsi, dans <em>Les Creux de maisons<\/em>, l&#8217;auteur s&#8217;attache-t-il \u00e0 relater, \u00e0 conter plut\u00f4t, la vie d&#8217;un journalier et de sa famille dans une cam\u00adpagne de l&#8217;Ouest. Vie d&#8217;une duret\u00e9 que l&#8217;on ne s&#8217;imagine plus, r\u00e9gie par une \u00e9conomie des plus strictes, l&#8217;autarcie \u00e9tant la r\u00e8gle pour la plupart des produits de consommation cou\u00adrante. Tr\u00e8s grand roman paysan, <em>Les Creux de maisons<\/em> offre au lecteur une immersion totale dans un univers historiquement encore proche, mais \u00f4 combien \u00e9loign\u00e9 du n\u00f4tre par ses conditions de vie.<\/p>\n","protected":false},"excerpt":{"rendered":"<p>\u00c9crivain de la ruralit\u00e9, l&#8217;auteur d\u00e9peint un monde qui n&#8217;existe plus, un monde dont les derniers vestiges ont disparu dans les ann\u00e9es 1950 et 1960, le monde paysan fran\u00e7ais d&#8217;an\u00adtan. Ainsi, dans Les Creux de maisons, l&#8217;auteur s&#8217;attache-t-il \u00e0 relater, \u00e0 conter plut\u00f4t, la vie d&#8217;un journalier et de sa famille dans une cam\u00adpagne de [&hellip;]<\/p>\n","protected":false},"featured_media":51807,"template":"","meta":{"_acf_changed":false,"_genesis_hide_title":false,"_genesis_hide_breadcrumbs":false,"_genesis_hide_singular_image":false,"_genesis_hide_footer_widgets":false,"_genesis_custom_body_class":"","_genesis_custom_post_class":"","_genesis_layout":""},"product_brand":[],"product_cat":[7132,7174,7182],"product_tag":[],"class_list":{"0":"post-51600","1":"product","2":"type-product","3":"status-publish","4":"has-post-thumbnail","6":"product_cat-books","7":"product_cat-literature-en","8":"product_cat-novels-short-stories-en","9":"pa_auteur-perochon-ernest-en","10":"pa_editeur-geste-en","11":"pa_langue-francais-en","12":"entry","14":"first","15":"instock","16":"shipping-taxable","17":"purchasable","18":"product-type-simple"},"acf":[],"_links":{"self":[{"href":"https:\/\/www.libraria-occitana.org\/en\/wp-json\/wp\/v2\/product\/51600","targetHints":{"allow":["GET"]}}],"collection":[{"href":"https:\/\/www.libraria-occitana.org\/en\/wp-json\/wp\/v2\/product"}],"about":[{"href":"https:\/\/www.libraria-occitana.org\/en\/wp-json\/wp\/v2\/types\/product"}],"wp:featuredmedia":[{"embeddable":true,"href":"https:\/\/www.libraria-occitana.org\/en\/wp-json\/wp\/v2\/media\/51807"}],"wp:attachment":[{"href":"https:\/\/www.libraria-occitana.org\/en\/wp-json\/wp\/v2\/media?parent=51600"}],"wp:term":[{"taxonomy":"product_brand","embeddable":true,"href":"https:\/\/www.libraria-occitana.org\/en\/wp-json\/wp\/v2\/product_brand?post=51600"},{"taxonomy":"product_cat","embeddable":true,"href":"https:\/\/www.libraria-occitana.org\/en\/wp-json\/wp\/v2\/product_cat?post=51600"},{"taxonomy":"product_tag","embeddable":true,"href":"https:\/\/www.libraria-occitana.org\/en\/wp-json\/wp\/v2\/product_tag?post=51600"}],"curies":[{"name":"wp","href":"https:\/\/api.w.org\/{rel}","templated":true}]}}