{"id":51658,"date":"2002-06-08T12:42:07","date_gmt":"2002-06-08T10:42:07","guid":{"rendered":"http:\/\/www.libraria-occitana.org\/product\/culte-des-saints-anticlericalisme-entre-statistique-et-culture-populaire\/"},"modified":"2026-04-25T05:31:56","modified_gmt":"2026-04-25T03:31:56","slug":"culte-des-saints-anticlericalisme-entre-statistique-et-culture-populaire","status":"publish","type":"product","link":"https:\/\/www.libraria-occitana.org\/en\/product\/culte-des-saints-anticlericalisme-entre-statistique-et-culture-populaire\/","title":{"rendered":"Culte des Saints &#038; anticl\u00e9ricalisme : Entre statistique et culture populaire"},"content":{"rendered":"<p>Pour honorer son fondateur et premier pr\u00e9sident, l&#8217;association \u00ab Rencontre des historiens du Limousin \u00bb, en collaboration avec la Soci\u00e9t\u00e9 des archives historiques et du mus\u00e9e d&#8217;Ussel, offre \u00e0 Louis P\u00e9rouas, montfortain, l&#8217;un des fondateurs de la sociologie religieuse en France, historien du Limousin, ce recueil d&#8217;une trentaine de ses articles, choisis par lui-m\u00eame, et qui attestent de l&#8217;importance de son \u0153uvre et de l&#8217;originalit\u00e9 de son itin\u00e9raire intellectuel, articles consacr\u00e9s pour l&#8217;essentiel \u00e0 la vie et \u00e0 la pratique religieuse en Limousin du XVIe si\u00e8cle \u00e0 nos jours. Ce recueil mettra \u00e0 la disposition des chercheurs et d&#8217;un public plus large des articles publi\u00e9s dans des revues souvent connues des seuls sp\u00e9cialistes ou disparues aujourd&#8217;hui, \u00e0 c\u00f4t\u00e9 d&#8217;articles de revues historiques de grand renom. Cet ouvrage comprend \u00e9galement la bibliographie des travaux historiques du Professeur P\u00e9rouas.<\/p>\n","protected":false},"excerpt":{"rendered":"<p>Pour honorer son fondateur et premier pr\u00e9sident, l&#8217;association \u00ab Rencontre des historiens du Limousin \u00bb, en collaboration avec la Soci\u00e9t\u00e9 des archives historiques et du mus\u00e9e d&#8217;Ussel, offre \u00e0 Louis P\u00e9rouas, montfortain, l&#8217;un des fondateurs de la sociologie religieuse en France, historien du Limousin, ce recueil d&#8217;une trentaine de ses articles, choisis par lui-m\u00eame, et [&hellip;]<\/p>\n","protected":false},"featured_media":51656,"template":"","meta":{"_acf_changed":false,"_genesis_hide_title":false,"_genesis_hide_breadcrumbs":false,"_genesis_hide_singular_image":false,"_genesis_hide_footer_widgets":false,"_genesis_custom_body_class":"","_genesis_custom_post_class":"","_genesis_layout":""},"product_brand":[],"product_cat":[7132,7156,7148,7204],"product_tag":[],"class_list":{"0":"post-51658","1":"product","2":"type-product","3":"status-publish","4":"has-post-thumbnail","6":"product_cat-books","7":"product_cat-general-history-en","8":"product_cat-history-geography-en","9":"product_cat-religion-spirituality-en","10":"pa_auteur-perouas-louis-en","11":"pa_editeur-musee-du-pays-dussel-en","12":"pa_editeur-rencontre-des-historiens-du-limousin-en","13":"pa_langue-francais-en","14":"entry","16":"first","17":"instock","18":"shipping-taxable","19":"purchasable","20":"product-type-simple"},"acf":[],"_links":{"self":[{"href":"https:\/\/www.libraria-occitana.org\/en\/wp-json\/wp\/v2\/product\/51658","targetHints":{"allow":["GET"]}}],"collection":[{"href":"https:\/\/www.libraria-occitana.org\/en\/wp-json\/wp\/v2\/product"}],"about":[{"href":"https:\/\/www.libraria-occitana.org\/en\/wp-json\/wp\/v2\/types\/product"}],"wp:featuredmedia":[{"embeddable":true,"href":"https:\/\/www.libraria-occitana.org\/en\/wp-json\/wp\/v2\/media\/51656"}],"wp:attachment":[{"href":"https:\/\/www.libraria-occitana.org\/en\/wp-json\/wp\/v2\/media?parent=51658"}],"wp:term":[{"taxonomy":"product_brand","embeddable":true,"href":"https:\/\/www.libraria-occitana.org\/en\/wp-json\/wp\/v2\/product_brand?post=51658"},{"taxonomy":"product_cat","embeddable":true,"href":"https:\/\/www.libraria-occitana.org\/en\/wp-json\/wp\/v2\/product_cat?post=51658"},{"taxonomy":"product_tag","embeddable":true,"href":"https:\/\/www.libraria-occitana.org\/en\/wp-json\/wp\/v2\/product_tag?post=51658"}],"curies":[{"name":"wp","href":"https:\/\/api.w.org\/{rel}","templated":true}]}}