{"id":51661,"date":"2020-06-08T15:54:31","date_gmt":"2020-06-08T13:54:31","guid":{"rendered":"http:\/\/www.libraria-occitana.org\/?post_type=product&#038;p=51661"},"modified":"2026-04-09T21:36:49","modified_gmt":"2026-04-09T19:36:49","slug":"jai-un-accent-et-alors-temoignage-et-enquete-sur-une-discrimination-oubliee","status":"publish","type":"product","link":"https:\/\/www.libraria-occitana.org\/en\/product\/jai-un-accent-et-alors-temoignage-et-enquete-sur-une-discrimination-oubliee\/","title":{"rendered":"J&#8217;ai un accent, et alors ? : T\u00e9moignage et enqu\u00eate sur une discrimination oubli\u00e9e"},"content":{"rendered":"<p>Pourquoi, en France, un seul accent est-il jug\u00e9 \u00ab normal \u00bb ? Pourquoi n&#8217;entend-on jamais ou presque \u00e0 la t\u00e9l\u00e9vision ou \u00e0 la Com\u00e9die-Fran\u00e7aise les intonations du Gers, du Nord, d&#8217;Alsace ou de Corse ? Et qui s&#8217;est arrog\u00e9 le pouvoir de d\u00e9finir la \u00ab bonne \u00bb mani\u00e8re de parler ?<br \/>\nIl existe en France une discrimination par les accents. Elle se traduit souvent par des moqueries, parfois par l&#8217;impossibilit\u00e9 d&#8217;acc\u00e9der \u00e0 certains m\u00e9tiers, que ce soit dans l&#8217;audiovisuel ou le cin\u00e9ma, le monde des affaires ou l&#8217;universit\u00e9&#8230;<br \/>\nJean-Michel Aphatie est l&#8217;un des rares journalistes \u00e0 faire carri\u00e8re \u00e0 la radio et \u00e0 la t\u00e9l\u00e9vision \u00ab malgr\u00e9 \u00bb son accent basque. Michel Feltin-Palas est un amoureux des langues de France et de la diversit\u00e9 culturelle. Tous deux d\u00e9livrent des t\u00e9moignages \u00e9mouvants et un diagnostic choc sur cette discrimination m\u00e9connue, source de souffrances psychologiques plus graves qu&#8217;on ne le croit et qui concerne pr\u00e8s de trente millions de personnes.<\/p>\n","protected":false},"excerpt":{"rendered":"<p>Pourquoi, en France, un seul accent est-il jug\u00e9 \u00ab normal \u00bb ? Pourquoi n&#8217;entend-on jamais ou presque \u00e0 la t\u00e9l\u00e9vision ou \u00e0 la Com\u00e9die-Fran\u00e7aise les intonations du Gers, du Nord, d&#8217;Alsace ou de Corse ? Et qui s&#8217;est arrog\u00e9 le pouvoir de d\u00e9finir la \u00ab bonne \u00bb mani\u00e8re de parler ? Il existe en France [&hellip;]<\/p>\n","protected":false},"featured_media":51664,"template":"","meta":{"_acf_changed":false,"_genesis_hide_title":false,"_genesis_hide_breadcrumbs":false,"_genesis_hide_singular_image":false,"_genesis_hide_footer_widgets":false,"_genesis_custom_body_class":"","_genesis_custom_post_class":"","_genesis_layout":""},"product_brand":[],"product_cat":[7132,7202],"product_tag":[],"class_list":{"0":"post-51661","1":"product","2":"type-product","3":"status-publish","4":"has-post-thumbnail","6":"product_cat-books","7":"product_cat-politics-sociology-current-affairs-en","8":"pa_auteur-aphatie-jean-michel-en","9":"pa_auteur-feltin-palas-michel-en","10":"pa_editeur-michel-lafon-en","11":"pa_langue-francais-en","12":"entry","14":"first","15":"outofstock","16":"shipping-taxable","17":"purchasable","18":"product-type-simple"},"acf":[],"_links":{"self":[{"href":"https:\/\/www.libraria-occitana.org\/en\/wp-json\/wp\/v2\/product\/51661","targetHints":{"allow":["GET"]}}],"collection":[{"href":"https:\/\/www.libraria-occitana.org\/en\/wp-json\/wp\/v2\/product"}],"about":[{"href":"https:\/\/www.libraria-occitana.org\/en\/wp-json\/wp\/v2\/types\/product"}],"wp:featuredmedia":[{"embeddable":true,"href":"https:\/\/www.libraria-occitana.org\/en\/wp-json\/wp\/v2\/media\/51664"}],"wp:attachment":[{"href":"https:\/\/www.libraria-occitana.org\/en\/wp-json\/wp\/v2\/media?parent=51661"}],"wp:term":[{"taxonomy":"product_brand","embeddable":true,"href":"https:\/\/www.libraria-occitana.org\/en\/wp-json\/wp\/v2\/product_brand?post=51661"},{"taxonomy":"product_cat","embeddable":true,"href":"https:\/\/www.libraria-occitana.org\/en\/wp-json\/wp\/v2\/product_cat?post=51661"},{"taxonomy":"product_tag","embeddable":true,"href":"https:\/\/www.libraria-occitana.org\/en\/wp-json\/wp\/v2\/product_tag?post=51661"}],"curies":[{"name":"wp","href":"https:\/\/api.w.org\/{rel}","templated":true}]}}