{"id":51681,"date":"2017-04-08T17:26:31","date_gmt":"2017-04-08T15:26:31","guid":{"rendered":"http:\/\/www.libraria-occitana.org\/?post_type=product&#038;p=51681"},"modified":"2026-04-29T10:17:56","modified_gmt":"2026-04-29T08:17:56","slug":"poesie-du-gerondif","status":"publish","type":"product","link":"https:\/\/www.libraria-occitana.org\/en\/product\/poesie-du-gerondif\/","title":{"rendered":"Po\u00e9sie du g\u00e9rondif : Vagabondages linguistiques d&#8217;un passionn\u00e9 de peuples et de mots"},"content":{"rendered":"<p>Jean-Pierre Minaudier n\u2019est pas un homme ordinaire. Cet amateur de mots est victime d\u2019une terrible addiction : il poss\u00e8de une des plus grandes biblioth\u00e8ques personnelles au monde de grammaires et s\u2019en nourrit comme d\u2019autres lisent des po\u00e8mes et des BD (qu\u2019il lit aussi). Dans <em>Po\u00e9sie du g\u00e9rondif<\/em>, arm\u00e9 de ses quelques 1186 grammaires, concernant plus de 800 langues, il nous raconte avec humour et quantit\u00e9 d\u2019exemples pourquoi chaque langue v\u00e9hicule une vision particuli\u00e8re de l\u2019univers&#8230;<\/p>\n<p>Ancien \u00e9l\u00e8ve de l\u2019\u00c9cole normale sup\u00e9rieure et historien de formation, Jean-Pierre Minaudier s\u2019est d\u00e9couvert sur le tard un amour pour les langues rares. Depuis, il enseigne le basque et l\u2019estonien (qu\u2019il traduit aussi, on lui doit notamment la version fran\u00e7aise de <a href=\"http:\/\/www.libraria-occitana.org\/produit\/lhomme-qui-savait-la-langue-des-serpents\/\"><em>L\u2019Homme qui savait la langue des serpents<\/em><\/a>, d\u2019Andrus Kivir\u00e4hk) et jongle compulsivement avec les centaines d\u2019autres idiomes qui nichent dans sa biblioth\u00e8que.<\/p>\n","protected":false},"excerpt":{"rendered":"<p>Jean-Pierre Minaudier n\u2019est pas un homme ordinaire. Cet amateur de mots est victime d\u2019une terrible addiction : il poss\u00e8de une des plus grandes biblioth\u00e8ques personnelles au monde de grammaires et s\u2019en nourrit comme d\u2019autres lisent des po\u00e8mes et des BD (qu\u2019il lit aussi). Dans Po\u00e9sie du g\u00e9rondif, arm\u00e9 de ses quelques 1186 grammaires, concernant plus [&hellip;]<\/p>\n","protected":false},"featured_media":51684,"template":"","meta":{"_acf_changed":false,"_genesis_hide_title":false,"_genesis_hide_breadcrumbs":false,"_genesis_hide_singular_image":false,"_genesis_hide_footer_widgets":false,"_genesis_custom_body_class":"","_genesis_custom_post_class":"","_genesis_layout":""},"product_brand":[],"product_cat":[7132,7136,7140,7202],"product_tag":[],"class_list":{"0":"post-51681","1":"product","2":"type-product","3":"status-publish","4":"has-post-thumbnail","6":"product_cat-books","7":"product_cat-dictionaries-language-educational-en","8":"product_cat-linguistics-en","9":"product_cat-politics-sociology-current-affairs-en","10":"pa_auteur-minaudier-jean-pierre-1-en-2","11":"pa_editeur-le-tripode-en","12":"pa_langue-francais-en","13":"entry","15":"first","16":"outofstock","17":"shipping-taxable","18":"purchasable","19":"product-type-simple"},"acf":[],"_links":{"self":[{"href":"https:\/\/www.libraria-occitana.org\/en\/wp-json\/wp\/v2\/product\/51681","targetHints":{"allow":["GET"]}}],"collection":[{"href":"https:\/\/www.libraria-occitana.org\/en\/wp-json\/wp\/v2\/product"}],"about":[{"href":"https:\/\/www.libraria-occitana.org\/en\/wp-json\/wp\/v2\/types\/product"}],"wp:featuredmedia":[{"embeddable":true,"href":"https:\/\/www.libraria-occitana.org\/en\/wp-json\/wp\/v2\/media\/51684"}],"wp:attachment":[{"href":"https:\/\/www.libraria-occitana.org\/en\/wp-json\/wp\/v2\/media?parent=51681"}],"wp:term":[{"taxonomy":"product_brand","embeddable":true,"href":"https:\/\/www.libraria-occitana.org\/en\/wp-json\/wp\/v2\/product_brand?post=51681"},{"taxonomy":"product_cat","embeddable":true,"href":"https:\/\/www.libraria-occitana.org\/en\/wp-json\/wp\/v2\/product_cat?post=51681"},{"taxonomy":"product_tag","embeddable":true,"href":"https:\/\/www.libraria-occitana.org\/en\/wp-json\/wp\/v2\/product_tag?post=51681"}],"curies":[{"name":"wp","href":"https:\/\/api.w.org\/{rel}","templated":true}]}}