{"id":51689,"date":"2020-06-08T18:05:12","date_gmt":"2020-06-08T16:05:12","guid":{"rendered":"http:\/\/www.libraria-occitana.org\/?post_type=product&#038;p=51689"},"modified":"2026-04-24T00:06:54","modified_gmt":"2026-04-23T22:06:54","slug":"patrimoine-roman-en-val-de-vienne-de-confolens-a-la-source","status":"publish","type":"product","link":"https:\/\/www.libraria-occitana.org\/en\/product\/patrimoine-roman-en-val-de-vienne-de-confolens-a-la-source\/","title":{"rendered":"Patrimoine roman en Val de Vienne : De Confolens \u00e0 la source"},"content":{"rendered":"<p>Affluent de la Loire, la Vienne s&#8217;\u00e9tire sur 372 km. En amont du Poitou et de la Touraine, son parcours correspond \u00e0 la travers\u00e9e du Limousin, dont les limites co\u00efncident avec celles de l&#8217;ancien dioc\u00e8se de Limoges. De la fin du Xe si\u00e8cle \u00e0 celle du XIIe, le d\u00e9ploiement de l\u2019art roman est ici nourri d\u2019apports ext\u00e9rieurs, et la Vienne, axe le long duquel circul\u00e8rent marchandises, id\u00e9es et influences, tint un r\u00f4le fondamental dans ce processus.<\/p>\n<p>D\u00e8s lors, pourquoi ne pas remonter le cours de la rivi\u00e8re afin de partir \u00e0 la d\u00e9couverte du roman \u00ab limousin \u00bb ? Cet itin\u00e9raire in\u00e9dit ponctu\u00e9 de sites majeurs et d\u2019\u00e9difices plus modestes, mais tout aussi authentiques, se veut autant historique que symbolique et spirituel. Se diriger vers la source de la Vienne, c\u2019est tracer un sillon qui permet de comprendre le cheminement des influences et, l\u00e0 mieux qu\u2019ailleurs, de saisir toute l\u2019originalit\u00e9 de cet art roman \u00ab limousin \u00bb.<\/p>\n<p><strong>Au sommaire :<\/strong><br \/>\nConfolens &#8211; Esse &#8211; Lesterps &#8211; Manot &#8211; Exideuil-sur-Vienne &#8211; \u00c9tagnac &#8211; Biennac &#8211; Saint-Junien &#8211; Saint-Martin-de-Jussac &#8211; Saint-Victurnien &#8211; Veyrac &#8211; Aixe-sur-Vienne &#8211; Solignac &#8211; Limoges &#8211; Feytiat &#8211; Saint-L\u00e9onard-de-Noblat &#8211; Saint-Denis-des-Murs &#8211; Eymoutiers &#8211; La Villedieu &#8211; Tarnac &#8211; Peyrelevade.<\/p>\n","protected":false},"excerpt":{"rendered":"<p>Affluent de la Loire, la Vienne s&#8217;\u00e9tire sur 372 km. En amont du Poitou et de la Touraine, son parcours correspond \u00e0 la travers\u00e9e du Limousin, dont les limites co\u00efncident avec celles de l&#8217;ancien dioc\u00e8se de Limoges. De la fin du Xe si\u00e8cle \u00e0 celle du XIIe, le d\u00e9ploiement de l\u2019art roman est ici nourri [&hellip;]<\/p>\n","protected":false},"featured_media":51692,"template":"","meta":{"_acf_changed":false,"_genesis_hide_title":false,"_genesis_hide_breadcrumbs":false,"_genesis_hide_singular_image":false,"_genesis_hide_footer_widgets":false,"_genesis_custom_body_class":"","_genesis_custom_post_class":"","_genesis_layout":""},"product_brand":[],"product_cat":[7132,7214,7206],"product_tag":[],"class_list":{"0":"post-51689","1":"product","2":"type-product","3":"status-publish","4":"has-post-thumbnail","6":"product_cat-books","7":"product_cat-built-heritage-en","8":"product_cat-traditions-heritage-en","9":"pa_auteur-masmonteil-jean-christophe-en","10":"pa_editeur-rencontre-avec-le-patrimoine-religieux-en","11":"pa_langue-francais-en","12":"entry","14":"first","15":"instock","16":"shipping-taxable","17":"purchasable","18":"product-type-simple"},"acf":[],"_links":{"self":[{"href":"https:\/\/www.libraria-occitana.org\/en\/wp-json\/wp\/v2\/product\/51689","targetHints":{"allow":["GET"]}}],"collection":[{"href":"https:\/\/www.libraria-occitana.org\/en\/wp-json\/wp\/v2\/product"}],"about":[{"href":"https:\/\/www.libraria-occitana.org\/en\/wp-json\/wp\/v2\/types\/product"}],"wp:featuredmedia":[{"embeddable":true,"href":"https:\/\/www.libraria-occitana.org\/en\/wp-json\/wp\/v2\/media\/51692"}],"wp:attachment":[{"href":"https:\/\/www.libraria-occitana.org\/en\/wp-json\/wp\/v2\/media?parent=51689"}],"wp:term":[{"taxonomy":"product_brand","embeddable":true,"href":"https:\/\/www.libraria-occitana.org\/en\/wp-json\/wp\/v2\/product_brand?post=51689"},{"taxonomy":"product_cat","embeddable":true,"href":"https:\/\/www.libraria-occitana.org\/en\/wp-json\/wp\/v2\/product_cat?post=51689"},{"taxonomy":"product_tag","embeddable":true,"href":"https:\/\/www.libraria-occitana.org\/en\/wp-json\/wp\/v2\/product_tag?post=51689"}],"curies":[{"name":"wp","href":"https:\/\/api.w.org\/{rel}","templated":true}]}}