{"id":51702,"date":"2001-11-09T12:27:25","date_gmt":"2001-11-09T11:27:25","guid":{"rendered":"http:\/\/www.libraria-occitana.org\/?post_type=product&#038;p=51702"},"modified":"2026-04-29T10:51:35","modified_gmt":"2026-04-29T08:51:35","slug":"vocabulaire-de-la-musique-medievale","status":"publish","type":"product","link":"https:\/\/www.libraria-occitana.org\/en\/product\/vocabulaire-de-la-musique-medievale\/","title":{"rendered":"Vocabulaire de la musique m\u00e9di\u00e9vale"},"content":{"rendered":"<p><strong>Nouvelle \u00e9dition augment\u00e9e.<\/strong><\/p>\n<p>On d\u00e9couvrira dans ce <em>Vocabulaire de la musique m\u00e9di\u00e9vale<\/em> un lexique issu des ouvrages des th\u00e9oriciens de l&#8217;\u00e9poque (Dante, saint Augustin, Isidore de S\u00e9ville, Guillaume Molinier, Philippe de Vitry&#8230;) concernant les formes, techniques et pratiques musicales.<\/p>\n<p>Cependant, \u00e0 sens multiples, orient\u00e9s et non forc\u00e9ment raisonn\u00e9s, les termes m\u00e9di\u00e9vaux sont souvent source de confusion. Depuis pr\u00e8s de cent cinquante ans, la musicologie s&#8217;est efforc\u00e9e de rem\u00e9dier \u00e0 ces incertitudes. De plus, aujourd&#8217;hui, les m\u00e9thodes d&#8217;\u00e9tude se renouvellent pour tenir compte des points de vue de notre temps.<\/p>\n<p>\u00c0 c\u00f4t\u00e9 de concepts strictement musicologiques, on a donc fait une large place \u00e0 des notions et cat\u00e9gories appartenant \u00e0 d&#8217;autres champs de la connaissance (philosophie, esth\u00e9tique, ethnologie musicale, histoire des mentalit\u00e9s ou histoire de l&#8217;art&#8230;).<\/p>\n<p>Aussi complet et pr\u00e9cis que possible, ce petit livre se voudrait un fil d&#8217;Ariane, un guide commode pour l&#8217;\u00e9tudiant et pour le m\u00e9lomane.<\/p>\n","protected":false},"excerpt":{"rendered":"<p>Nouvelle \u00e9dition augment\u00e9e. On d\u00e9couvrira dans ce Vocabulaire de la musique m\u00e9di\u00e9vale un lexique issu des ouvrages des th\u00e9oriciens de l&#8217;\u00e9poque (Dante, saint Augustin, Isidore de S\u00e9ville, Guillaume Molinier, Philippe de Vitry&#8230;) concernant les formes, techniques et pratiques musicales. Cependant, \u00e0 sens multiples, orient\u00e9s et non forc\u00e9ment raisonn\u00e9s, les termes m\u00e9di\u00e9vaux sont souvent source de [&hellip;]<\/p>\n","protected":false},"featured_media":51705,"template":"","meta":{"_acf_changed":false,"_genesis_hide_title":false,"_genesis_hide_breadcrumbs":false,"_genesis_hide_singular_image":false,"_genesis_hide_footer_widgets":false,"_genesis_custom_body_class":"","_genesis_custom_post_class":"","_genesis_layout":""},"product_brand":[],"product_cat":[7132,7194,7190],"product_tag":[],"class_list":{"0":"post-51702","1":"product","2":"type-product","3":"status-publish","4":"has-post-thumbnail","6":"product_cat-books","7":"product_cat-studies-en","8":"product_cat-music-dances-en","9":"pa_auteur-le-vot-gerard-en","10":"pa_editeur-minerve-en","11":"pa_langue-francais-en","12":"entry","14":"first","15":"instock","16":"shipping-taxable","17":"purchasable","18":"product-type-simple"},"acf":[],"_links":{"self":[{"href":"https:\/\/www.libraria-occitana.org\/en\/wp-json\/wp\/v2\/product\/51702","targetHints":{"allow":["GET"]}}],"collection":[{"href":"https:\/\/www.libraria-occitana.org\/en\/wp-json\/wp\/v2\/product"}],"about":[{"href":"https:\/\/www.libraria-occitana.org\/en\/wp-json\/wp\/v2\/types\/product"}],"wp:featuredmedia":[{"embeddable":true,"href":"https:\/\/www.libraria-occitana.org\/en\/wp-json\/wp\/v2\/media\/51705"}],"wp:attachment":[{"href":"https:\/\/www.libraria-occitana.org\/en\/wp-json\/wp\/v2\/media?parent=51702"}],"wp:term":[{"taxonomy":"product_brand","embeddable":true,"href":"https:\/\/www.libraria-occitana.org\/en\/wp-json\/wp\/v2\/product_brand?post=51702"},{"taxonomy":"product_cat","embeddable":true,"href":"https:\/\/www.libraria-occitana.org\/en\/wp-json\/wp\/v2\/product_cat?post=51702"},{"taxonomy":"product_tag","embeddable":true,"href":"https:\/\/www.libraria-occitana.org\/en\/wp-json\/wp\/v2\/product_tag?post=51702"}],"curies":[{"name":"wp","href":"https:\/\/api.w.org\/{rel}","templated":true}]}}