{"id":51742,"date":"2020-06-10T13:20:06","date_gmt":"2020-06-10T11:20:06","guid":{"rendered":"http:\/\/www.libraria-occitana.org\/product\/mos-mila-primiers-mots-en-occitan\/"},"modified":"2026-04-18T07:16:31","modified_gmt":"2026-04-18T05:16:31","slug":"mos-mila-primiers-mots-en-occitan","status":"publish","type":"product","link":"https:\/\/www.libraria-occitana.org\/en\/product\/mos-mila-primiers-mots-en-occitan\/","title":{"rendered":"Mos mila primi\u00e8rs mots en occitan"},"content":{"rendered":"<p>Ce livre vous propose un \u00e9chantillon de 1000 mots occitans, illustr\u00e9s de fa\u00e7on plaisante et accompagn\u00e9s de leur prononciation figur\u00e9e afin de pouvoir les dire \u00ab avec l\u2019accent \u00bb. Une occasion pour les enfants (et leurs parents) de s\u2019initier au vocabulaire quotidien de la langue d\u2019oc, dans un environnement ludique o\u00f9 le petit canard jaune, mascotte du dessinateur Stephen Cartwight, les attend cach\u00e9 dans un recoin de chaque double page.<\/p>\n","protected":false},"excerpt":{"rendered":"<p>Ce livre vous propose un \u00e9chantillon de 1000 mots occitans, illustr\u00e9s de fa\u00e7on plaisante et accompagn\u00e9s de leur prononciation figur\u00e9e afin de pouvoir les dire \u00ab avec l\u2019accent \u00bb. Une occasion pour les enfants (et leurs parents) de s\u2019initier au vocabulaire quotidien de la langue d\u2019oc, dans un environnement ludique o\u00f9 le petit canard jaune, [&hellip;]<\/p>\n","protected":false},"featured_media":51740,"template":"","meta":{"_acf_changed":false,"_genesis_hide_title":false,"_genesis_hide_breadcrumbs":false,"_genesis_hide_singular_image":false,"_genesis_hide_footer_widgets":false,"_genesis_custom_body_class":"","_genesis_custom_post_class":"","_genesis_layout":""},"product_brand":[],"product_cat":[7132,7170,7164],"product_tag":[],"class_list":{"0":"post-51742","1":"product","2":"type-product","3":"status-publish","4":"has-post-thumbnail","6":"product_cat-books","7":"product_cat-juvenile-en","8":"product_cat-juvenile-and-teen-comics-humour-en","9":"pa_auteur-amery-heather-en","10":"pa_auteur-cartwright-stephen-en","11":"pa_editeur-tintenfass-en","12":"pa_illustrateur-quint-nicolas-en-1","13":"pa_langue-occitan-en","14":"pa_langue-occitan-lengadocian-en","15":"entry","17":"first","18":"instock","19":"shipping-taxable","20":"purchasable","21":"product-type-simple"},"acf":[],"_links":{"self":[{"href":"https:\/\/www.libraria-occitana.org\/en\/wp-json\/wp\/v2\/product\/51742","targetHints":{"allow":["GET"]}}],"collection":[{"href":"https:\/\/www.libraria-occitana.org\/en\/wp-json\/wp\/v2\/product"}],"about":[{"href":"https:\/\/www.libraria-occitana.org\/en\/wp-json\/wp\/v2\/types\/product"}],"wp:featuredmedia":[{"embeddable":true,"href":"https:\/\/www.libraria-occitana.org\/en\/wp-json\/wp\/v2\/media\/51740"}],"wp:attachment":[{"href":"https:\/\/www.libraria-occitana.org\/en\/wp-json\/wp\/v2\/media?parent=51742"}],"wp:term":[{"taxonomy":"product_brand","embeddable":true,"href":"https:\/\/www.libraria-occitana.org\/en\/wp-json\/wp\/v2\/product_brand?post=51742"},{"taxonomy":"product_cat","embeddable":true,"href":"https:\/\/www.libraria-occitana.org\/en\/wp-json\/wp\/v2\/product_cat?post=51742"},{"taxonomy":"product_tag","embeddable":true,"href":"https:\/\/www.libraria-occitana.org\/en\/wp-json\/wp\/v2\/product_tag?post=51742"}],"curies":[{"name":"wp","href":"https:\/\/api.w.org\/{rel}","templated":true}]}}