{"id":51745,"date":"2020-06-10T13:22:12","date_gmt":"2020-06-10T11:22:12","guid":{"rendered":"http:\/\/www.libraria-occitana.org\/?post_type=product&#038;p=51745"},"modified":"2026-04-29T07:11:49","modified_gmt":"2026-04-29T05:11:49","slug":"mes-mille-premiers-mots-en-bas-marchois-libre-cd","status":"publish","type":"product","link":"https:\/\/www.libraria-occitana.org\/en\/product\/mes-mille-premiers-mots-en-bas-marchois-libre-cd\/","title":{"rendered":"Mes mille premiers mots en bas-marchois (libre + CD)"},"content":{"rendered":"<p>Ces \u00ab mille mots \u00bb du vocabulaire de tous les jours en bas-marchois constituent un \u00e9chantillon qui pourra int\u00e9resser toutes les personnes attach\u00e9es au patrimoine linguistique de la Basse-Marche. Ce livre est en particulier destin\u00e9 aux enfants qui, esp\u00e9rons-le, seront attir\u00e9s par son aspect ludique et par le jeu consistant \u00e0 rechercher le petit canard jaune qui se cache dans toutes les pages.<\/p>\n<p>S\u2019il est vrai que les mots ne peuvent vivre que dans des phrases, et qu\u2019ils constituent en quelque sorte les briques d\u2019un mur \u00e0 construire, il est tout aussi \u00e9vident que si l\u2019on veut construire ce mur, ce sont d\u2019abord des briques dont on a besoin ; en voici d\u00e9j\u00e0 mille, toutes pr\u00eates \u00e0 l\u2019usage pour le parler de la Basse-Marche.<\/p>\n","protected":false},"excerpt":{"rendered":"<p>Ces \u00ab mille mots \u00bb du vocabulaire de tous les jours en bas-marchois constituent un \u00e9chantillon qui pourra int\u00e9resser toutes les personnes attach\u00e9es au patrimoine linguistique de la Basse-Marche. Ce livre est en particulier destin\u00e9 aux enfants qui, esp\u00e9rons-le, seront attir\u00e9s par son aspect ludique et par le jeu consistant \u00e0 rechercher le petit canard [&hellip;]<\/p>\n","protected":false},"featured_media":51737,"template":"","meta":{"_acf_changed":false,"_genesis_hide_title":false,"_genesis_hide_breadcrumbs":false,"_genesis_hide_singular_image":false,"_genesis_hide_footer_widgets":false,"_genesis_custom_body_class":"","_genesis_custom_post_class":"","_genesis_layout":""},"product_brand":[],"product_cat":[7132,7170,7164],"product_tag":[],"class_list":{"0":"post-51745","1":"product","2":"type-product","3":"status-publish","4":"has-post-thumbnail","6":"product_cat-books","7":"product_cat-juvenile-en","8":"product_cat-juvenile-and-teen-comics-humour-en","9":"pa_auteur-amery-heather-en","10":"pa_auteur-cartwright-stephen-en","11":"pa_editeur-tintenfass-en","12":"pa_illustrateur-dupeux-michel-en-1","13":"pa_illustrateur-guerin-maximilien-en-1","14":"pa_langue-occitan-en","15":"pa_langue-occitan-lemosin-en","16":"entry","18":"first","19":"instock","20":"shipping-taxable","21":"purchasable","22":"product-type-simple"},"acf":[],"_links":{"self":[{"href":"https:\/\/www.libraria-occitana.org\/en\/wp-json\/wp\/v2\/product\/51745","targetHints":{"allow":["GET"]}}],"collection":[{"href":"https:\/\/www.libraria-occitana.org\/en\/wp-json\/wp\/v2\/product"}],"about":[{"href":"https:\/\/www.libraria-occitana.org\/en\/wp-json\/wp\/v2\/types\/product"}],"wp:featuredmedia":[{"embeddable":true,"href":"https:\/\/www.libraria-occitana.org\/en\/wp-json\/wp\/v2\/media\/51737"}],"wp:attachment":[{"href":"https:\/\/www.libraria-occitana.org\/en\/wp-json\/wp\/v2\/media?parent=51745"}],"wp:term":[{"taxonomy":"product_brand","embeddable":true,"href":"https:\/\/www.libraria-occitana.org\/en\/wp-json\/wp\/v2\/product_brand?post=51745"},{"taxonomy":"product_cat","embeddable":true,"href":"https:\/\/www.libraria-occitana.org\/en\/wp-json\/wp\/v2\/product_cat?post=51745"},{"taxonomy":"product_tag","embeddable":true,"href":"https:\/\/www.libraria-occitana.org\/en\/wp-json\/wp\/v2\/product_tag?post=51745"}],"curies":[{"name":"wp","href":"https:\/\/api.w.org\/{rel}","templated":true}]}}