{"id":51778,"date":"2020-03-10T18:35:36","date_gmt":"2020-03-10T17:35:36","guid":{"rendered":"http:\/\/www.libraria-occitana.org\/?post_type=product&#038;p=51778"},"modified":"2024-07-05T00:26:16","modified_gmt":"2024-07-04T22:26:16","slug":"la-haute-vienne-dhier-a-aujourdhui","status":"publish","type":"product","link":"https:\/\/www.libraria-occitana.org\/en\/product\/la-haute-vienne-dhier-a-aujourdhui\/","title":{"rendered":"La Haute-Vienne d&#8217;hier \u00e0 aujourd&#8217;hui&#8230;"},"content":{"rendered":"<p>Une red\u00e9couverte de l\u2019histoire de la Haute-Vienne par l\u2019image. Une double vision, gr\u00e2ce \u00e0 des documents anciens et r\u00e9cents, collect\u00e9s ou r\u00e9alis\u00e9s par un habitant du d\u00e9partement. Des monuments et constructions importants de pr\u00e8s de 80 communes sont repr\u00e9sent\u00e9s pour d\u00e9finir son identit\u00e9 et la vie de ses habitants. D\u2019Aix-sur-Vienne \u00e0 Vic-sur-Breuilh, de Limoges \u00e0 Solignac ou d\u2019Oradour-sur-Glane \u00e0 Eymoutiers, voyagez \u00e0 travers le temps gr\u00e2ce \u00e0 ce beau livre tr\u00e8s document\u00e9.<\/p>\n","protected":false},"excerpt":{"rendered":"<p>Une red\u00e9couverte de l\u2019histoire de la Haute-Vienne par l\u2019image. Une double vision, gr\u00e2ce \u00e0 des documents anciens et r\u00e9cents, collect\u00e9s ou r\u00e9alis\u00e9s par un habitant du d\u00e9partement. Des monuments et constructions importants de pr\u00e8s de 80 communes sont repr\u00e9sent\u00e9s pour d\u00e9finir son identit\u00e9 et la vie de ses habitants. D\u2019Aix-sur-Vienne \u00e0 Vic-sur-Breuilh, de Limoges \u00e0 [&hellip;]<\/p>\n","protected":false},"featured_media":51770,"template":"","meta":{"_acf_changed":false,"_genesis_hide_title":false,"_genesis_hide_breadcrumbs":false,"_genesis_hide_singular_image":false,"_genesis_hide_footer_widgets":false,"_genesis_custom_body_class":"","_genesis_custom_post_class":"","_genesis_layout":""},"product_brand":[],"product_cat":[7132,7148,7158],"product_tag":[],"class_list":{"0":"post-51778","1":"product","2":"type-product","3":"status-publish","4":"has-post-thumbnail","6":"product_cat-books","7":"product_cat-history-geography-en","8":"product_cat-modern-and-contemporary-history-en","9":"pa_auteur-molleman-rudi-en","10":"pa_editeur-geste-en","11":"pa_langue-francais-en","12":"entry","14":"first","15":"outofstock","16":"shipping-taxable","17":"purchasable","18":"product-type-simple"},"acf":[],"_links":{"self":[{"href":"https:\/\/www.libraria-occitana.org\/en\/wp-json\/wp\/v2\/product\/51778","targetHints":{"allow":["GET"]}}],"collection":[{"href":"https:\/\/www.libraria-occitana.org\/en\/wp-json\/wp\/v2\/product"}],"about":[{"href":"https:\/\/www.libraria-occitana.org\/en\/wp-json\/wp\/v2\/types\/product"}],"wp:featuredmedia":[{"embeddable":true,"href":"https:\/\/www.libraria-occitana.org\/en\/wp-json\/wp\/v2\/media\/51770"}],"wp:attachment":[{"href":"https:\/\/www.libraria-occitana.org\/en\/wp-json\/wp\/v2\/media?parent=51778"}],"wp:term":[{"taxonomy":"product_brand","embeddable":true,"href":"https:\/\/www.libraria-occitana.org\/en\/wp-json\/wp\/v2\/product_brand?post=51778"},{"taxonomy":"product_cat","embeddable":true,"href":"https:\/\/www.libraria-occitana.org\/en\/wp-json\/wp\/v2\/product_cat?post=51778"},{"taxonomy":"product_tag","embeddable":true,"href":"https:\/\/www.libraria-occitana.org\/en\/wp-json\/wp\/v2\/product_tag?post=51778"}],"curies":[{"name":"wp","href":"https:\/\/api.w.org\/{rel}","templated":true}]}}