{"id":51798,"date":"2023-05-21T12:59:36","date_gmt":"2023-05-21T10:59:36","guid":{"rendered":"http:\/\/www.libraria-occitana.org\/product\/lapero-jeu-limousin-42-cartes-a-jouer-170-blagues-et-questions\/"},"modified":"2026-04-26T02:06:40","modified_gmt":"2026-04-26T00:06:40","slug":"lapero-jeu-limousin-42-cartes-a-jouer-170-blagues-et-questions","status":"publish","type":"product","link":"https:\/\/www.libraria-occitana.org\/en\/product\/lapero-jeu-limousin-42-cartes-a-jouer-170-blagues-et-questions\/","title":{"rendered":"L&#8217;Ap\u00e9ro jeu Limousin : 42 cartes \u00e0 jouer \u2013 170 blagues et questions"},"content":{"rendered":"<p>\u00c9largissez vos connaissances sur la r\u00e9gion du Limousin gr\u00e2ce \u00e0 un ap\u00e9ro en famille ou entre amis !<br \/>\nPartagez un moment dr\u00f4le et convivial en vous cultivant.<br \/>\nAvec pr\u00e8s de 170 questions, vous avez de quoi d\u00e9couvrir nombre d&#8217;anecdotes sur la r\u00e9gion, son histoire, sa culture et bien plus encore.<\/p>\n<p>Dans ce nouveau jeu ax\u00e9 sur le \u00ab parler limousin \u00bb, l&#8217;id\u00e9e est de faire d\u00e9couvrir les sp\u00e9cificit\u00e9s et particularit\u00e9s de la langue r\u00e9gionale. Au travers de charades et de petites \u00e9nigmes, les joueurs sont invit\u00e9s \u00e0 comprendre et d\u00e9couvrir des expressions et mots occitans.<\/p>\n","protected":false},"excerpt":{"rendered":"<p>\u00c9largissez vos connaissances sur la r\u00e9gion du Limousin gr\u00e2ce \u00e0 un ap\u00e9ro en famille ou entre amis ! Partagez un moment dr\u00f4le et convivial en vous cultivant. Avec pr\u00e8s de 170 questions, vous avez de quoi d\u00e9couvrir nombre d&#8217;anecdotes sur la r\u00e9gion, son histoire, sa culture et bien plus encore. Dans ce nouveau jeu ax\u00e9 [&hellip;]<\/p>\n","protected":false},"featured_media":59057,"template":"","meta":{"_acf_changed":false,"_genesis_hide_title":false,"_genesis_hide_breadcrumbs":false,"_genesis_hide_singular_image":false,"_genesis_hide_footer_widgets":false,"_genesis_custom_body_class":"","_genesis_custom_post_class":"","_genesis_layout":""},"product_brand":[],"product_cat":[7130],"product_tag":[],"class_list":{"0":"post-51798","1":"product","2":"type-product","3":"status-publish","4":"has-post-thumbnail","6":"product_cat-other-en","7":"pa_auteur-linol-franck-en","8":"pa_editeur-geste-en","9":"pa_langue-francais-en","10":"entry","12":"first","13":"instock","14":"shipping-taxable","15":"purchasable","16":"product-type-simple"},"acf":[],"_links":{"self":[{"href":"https:\/\/www.libraria-occitana.org\/en\/wp-json\/wp\/v2\/product\/51798","targetHints":{"allow":["GET"]}}],"collection":[{"href":"https:\/\/www.libraria-occitana.org\/en\/wp-json\/wp\/v2\/product"}],"about":[{"href":"https:\/\/www.libraria-occitana.org\/en\/wp-json\/wp\/v2\/types\/product"}],"wp:featuredmedia":[{"embeddable":true,"href":"https:\/\/www.libraria-occitana.org\/en\/wp-json\/wp\/v2\/media\/59057"}],"wp:attachment":[{"href":"https:\/\/www.libraria-occitana.org\/en\/wp-json\/wp\/v2\/media?parent=51798"}],"wp:term":[{"taxonomy":"product_brand","embeddable":true,"href":"https:\/\/www.libraria-occitana.org\/en\/wp-json\/wp\/v2\/product_brand?post=51798"},{"taxonomy":"product_cat","embeddable":true,"href":"https:\/\/www.libraria-occitana.org\/en\/wp-json\/wp\/v2\/product_cat?post=51798"},{"taxonomy":"product_tag","embeddable":true,"href":"https:\/\/www.libraria-occitana.org\/en\/wp-json\/wp\/v2\/product_tag?post=51798"}],"curies":[{"name":"wp","href":"https:\/\/api.w.org\/{rel}","templated":true}]}}