{"id":51863,"date":"2008-06-11T16:22:00","date_gmt":"2008-06-11T14:22:00","guid":{"rendered":"http:\/\/www.libraria-occitana.org\/?post_type=product&#038;p=51863"},"modified":"2024-07-05T00:18:10","modified_gmt":"2024-07-04T22:18:10","slug":"genealogies-limousines-et-marchoises-tome-xvi","status":"publish","type":"product","link":"https:\/\/www.libraria-occitana.org\/en\/product\/genealogies-limousines-et-marchoises-tome-xvi\/","title":{"rendered":"G\u00e9n\u00e9alogies limousines et marchoises Tome XVI"},"content":{"rendered":"<p>G\u00e9n\u00e9alogies limousines et marchoises Tome XVI<\/p>\n<p><a href=\"http:\/\/www.libraria-occitana.org\/wp-content\/uploads\/2008\/06\/prospectus_tome16.pdf\"><strong>Somari<\/strong><\/a><\/p>\n","protected":false},"excerpt":{"rendered":"<p>G\u00e9n\u00e9alogies limousines et marchoises Tome XVI Somari<\/p>\n","protected":false},"featured_media":51851,"template":"","meta":{"_acf_changed":false,"_genesis_hide_title":false,"_genesis_hide_breadcrumbs":false,"_genesis_hide_singular_image":false,"_genesis_hide_footer_widgets":false,"_genesis_custom_body_class":"","_genesis_custom_post_class":"","_genesis_layout":""},"product_brand":[],"product_cat":[7132,7150,7148],"product_tag":[],"class_list":{"0":"post-51863","1":"product","2":"type-product","3":"status-publish","4":"has-post-thumbnail","6":"product_cat-books","7":"product_cat-genealogy-heraldry-en","8":"product_cat-history-geography-en","9":"pa_auteur-collectiu-en-2","10":"pa_editeur-editions-regionales-de-louest-mayenne-en","11":"pa_langue-francais-en","12":"entry","14":"first","15":"outofstock","16":"shipping-taxable","17":"purchasable","18":"product-type-simple"},"acf":[],"_links":{"self":[{"href":"https:\/\/www.libraria-occitana.org\/en\/wp-json\/wp\/v2\/product\/51863","targetHints":{"allow":["GET"]}}],"collection":[{"href":"https:\/\/www.libraria-occitana.org\/en\/wp-json\/wp\/v2\/product"}],"about":[{"href":"https:\/\/www.libraria-occitana.org\/en\/wp-json\/wp\/v2\/types\/product"}],"wp:featuredmedia":[{"embeddable":true,"href":"https:\/\/www.libraria-occitana.org\/en\/wp-json\/wp\/v2\/media\/51851"}],"wp:attachment":[{"href":"https:\/\/www.libraria-occitana.org\/en\/wp-json\/wp\/v2\/media?parent=51863"}],"wp:term":[{"taxonomy":"product_brand","embeddable":true,"href":"https:\/\/www.libraria-occitana.org\/en\/wp-json\/wp\/v2\/product_brand?post=51863"},{"taxonomy":"product_cat","embeddable":true,"href":"https:\/\/www.libraria-occitana.org\/en\/wp-json\/wp\/v2\/product_cat?post=51863"},{"taxonomy":"product_tag","embeddable":true,"href":"https:\/\/www.libraria-occitana.org\/en\/wp-json\/wp\/v2\/product_tag?post=51863"}],"curies":[{"name":"wp","href":"https:\/\/api.w.org\/{rel}","templated":true}]}}