{"id":51902,"date":"2018-12-12T11:06:17","date_gmt":"2018-12-12T10:06:17","guid":{"rendered":"http:\/\/www.libraria-occitana.org\/?post_type=product&#038;p=51902"},"modified":"2026-04-29T05:26:28","modified_gmt":"2026-04-29T03:26:28","slug":"mon-ombra-e-ieu","status":"publish","type":"product","link":"https:\/\/www.libraria-occitana.org\/en\/product\/mon-ombra-e-ieu\/","title":{"rendered":"Mon ombra e ieu"},"content":{"rendered":"<p><strong>Laurent Cavali\u00e9 :<\/strong> Paroles et musique, sauf \u00ab E lo boi\u00e8r laurava \u00bb \u2013 paroles L\u00e9on Cordes, \u00abFraternitat\u00bb \u2013 paroles inspir\u00e9es d\u2019Auguste Four\u00e8s, \u00ab La can\u00e7on de la fi\u00e8ra \u00bb et \u00ab Lo poleton pichon \u00bb \u2013 paroles de Joan Bodon, \u00ab La n\u00e8it es estelada \u00bb \u2013 paroles d\u2019Auguste Four\u00e8s.<\/p>\n<p><strong>Laurent Cavali\u00e9 :<\/strong> Chant, accord\u00e9ons, percussions (bombe du Lauraguais), instrument \u00e0 cordes. Cet instrument \u00e0 cordes n\u2019a pas encore de nom, il a \u00e9t\u00e9 invent\u00e9 par Laurent Cavali\u00e9 et Camille Paichelair, luthier.<\/p>\n<p>Compos\u00e9 de 16 titres, \u00ab Mon ombra e ieu \u00bb est le 2e album solo de Laurent Cavali\u00e9 apr\u00e8s \u00ab Soli solet \u00bb paru en 2009.<\/p>\n<p>En notes impressionnistes, Laurent Cavali\u00e9 y d\u00e9peint des sentiments personnels ou des lieux qui lui sont chers (le Canal de la Robine \u00e0 Narbonne, la M\u00e9diterran\u00e9e) tout en \u00e9voquant des personnages de la mythologie languedocienne. Avec un regard o\u00f9 se m\u00ealent tendresse, ironie et r\u00e9volte sur le monde tel qu\u2019il va\u2026<\/p>\n<p>Si les grands po\u00e8tes languedociens sont toujours pr\u00e9sents dans cet album (L\u00e9on Cordes, Joan Bodon, Auguste Four\u00e8s), Laurent Cavali\u00e9 esquisse sa propre \u0153uvre po\u00e9tique sans jamais perdre de vue la dimension populaire de son art.<\/p>\n<p>L\u2019accord\u00e9on y tient une place de choix, c\u00f4toyant une percussion ancienne (bombe du Lauragais) ainsi qu\u2019un instrument \u00e0 cordes in\u00e9dit.<\/p>\n<p>Depuis plus de 20 ans Laurent Cavali\u00e9 remet en pleine lumi\u00e8re le patrimoine oral languedocien : tout d\u2019abord \u00e0 travers un collectage qui lui a permis de recueillir des centaines de chansons n\u00e9es entre Corbi\u00e8res et Minervois. Puis en popularisant ces th\u00e8mes \u00e0 travers des projets musicaux vari\u00e9s : La Mal Coiff\u00e9e dont il est le directeur artistique ; Du Bart\u00e0s o\u00f9 il officie en tant qu\u2019accord\u00e9oniste-chanteur.<\/p>\n<p>Prix \u00ab Coup de c\u0153ur Musiques du monde \u00bb 2019 cat\u00e9gorie Cr\u00e9ations de l\u2019Acad\u00e9mie Charles Cros.<\/p>\n<p><strong>Titres :<\/strong><br \/>\n1. Manhagueta 3&#8217;36<br \/>\n2. La vila chica-chaca ! 4&#8217;19<br \/>\n3. La can\u00e7on de la fi\u00e8ira 4&#8217;22<br \/>\n4. Soi ieu lo lop 3&#8217;06<br \/>\n5. La dan\u00e7a de l&#8217;est\u00e8la 4&#8217;08<br \/>\n6. Mon ase n&#8217;es entristesit 4&#8217;22<br \/>\n7. Dins un estable 3&#8217;41<br \/>\n8. Lo barc\u00f2t es de papi\u00e8r 5&#8217;38<br \/>\n9. La n\u00e8it es estelada 4&#8217;32<br \/>\n10. Quiquiriqui ! 3&#8217;35<br \/>\n11. Fraternitat 2&#8217;42<br \/>\n12. Lo vira-l&#8217;ast de Sant-Jaume 3&#8217;20<br \/>\n13. Mon ombra e ieu 2&#8217;32<br \/>\n14. Que donarai ieu ? 4&#8217;58<br \/>\n15. Lo poleton pichon 3&#8217;25<br \/>\n16. E lo boi\u00e8r laurava 3&#8217;53<\/p>\n","protected":false},"excerpt":{"rendered":"<p>Laurent Cavali\u00e9 : Paroles et musique, sauf \u00ab E lo boi\u00e8r laurava \u00bb \u2013 paroles L\u00e9on Cordes, \u00abFraternitat\u00bb \u2013 paroles inspir\u00e9es d\u2019Auguste Four\u00e8s, \u00ab La can\u00e7on de la fi\u00e8ra \u00bb et \u00ab Lo poleton pichon \u00bb \u2013 paroles de Joan Bodon, \u00ab La n\u00e8it es estelada \u00bb \u2013 paroles d\u2019Auguste Four\u00e8s. Laurent Cavali\u00e9 : Chant, [&hellip;]<\/p>\n","protected":false},"featured_media":51905,"template":"","meta":{"_acf_changed":false,"_genesis_hide_title":false,"_genesis_hide_breadcrumbs":false,"_genesis_hide_singular_image":false,"_genesis_hide_footer_widgets":false,"_genesis_custom_body_class":"","_genesis_custom_post_class":"","_genesis_layout":""},"product_brand":[],"product_cat":[7216,7218],"product_tag":[],"class_list":{"0":"post-51902","1":"product","2":"type-product","3":"status-publish","4":"has-post-thumbnail","6":"product_cat-music-en","7":"product_cat-voice-en","8":"pa_auteur-cavalie-laurent-en","9":"pa_editeur-sirventes-en","10":"pa_langue-occitan-en","11":"pa_langue-occitan-lengadocian-en","12":"entry","14":"first","15":"instock","16":"shipping-taxable","17":"purchasable","18":"product-type-simple"},"acf":[],"_links":{"self":[{"href":"https:\/\/www.libraria-occitana.org\/en\/wp-json\/wp\/v2\/product\/51902","targetHints":{"allow":["GET"]}}],"collection":[{"href":"https:\/\/www.libraria-occitana.org\/en\/wp-json\/wp\/v2\/product"}],"about":[{"href":"https:\/\/www.libraria-occitana.org\/en\/wp-json\/wp\/v2\/types\/product"}],"wp:featuredmedia":[{"embeddable":true,"href":"https:\/\/www.libraria-occitana.org\/en\/wp-json\/wp\/v2\/media\/51905"}],"wp:attachment":[{"href":"https:\/\/www.libraria-occitana.org\/en\/wp-json\/wp\/v2\/media?parent=51902"}],"wp:term":[{"taxonomy":"product_brand","embeddable":true,"href":"https:\/\/www.libraria-occitana.org\/en\/wp-json\/wp\/v2\/product_brand?post=51902"},{"taxonomy":"product_cat","embeddable":true,"href":"https:\/\/www.libraria-occitana.org\/en\/wp-json\/wp\/v2\/product_cat?post=51902"},{"taxonomy":"product_tag","embeddable":true,"href":"https:\/\/www.libraria-occitana.org\/en\/wp-json\/wp\/v2\/product_tag?post=51902"}],"curies":[{"name":"wp","href":"https:\/\/api.w.org\/{rel}","templated":true}]}}