{"id":51935,"date":"2019-07-12T16:20:51","date_gmt":"2019-07-12T14:20:51","guid":{"rendered":"http:\/\/www.libraria-occitana.org\/?post_type=product&#038;p=51935"},"modified":"2026-04-02T20:01:33","modified_gmt":"2026-04-02T18:01:33","slug":"arbres-et-arbustes-en-campagne","status":"publish","type":"product","link":"https:\/\/www.libraria-occitana.org\/en\/product\/arbres-et-arbustes-en-campagne\/","title":{"rendered":"Arbres et arbustes en campagne"},"content":{"rendered":"<p>\u00c9cart\u00e9e au XXe si\u00e8cle au profit de la photographie, la pratique du dessin s&#8217;inscrit dans une longue tradition des sciences naturelles et de la botanique. Parce qu&#8217;il interpr\u00e8te autant qu&#8217;il d\u00e9crit, le dessin amplifie la vision et permet de saisir dans son ensemble la r\u00e9alit\u00e9 d&#8217;un objet vivant et complexe. L&#8217;arbre est de ceux-l\u00e0, et des tr\u00e9sors d&#8217;informations, qui \u00e9chappent aux outils d&#8217;enregistrement les plus modernes, surgissent opportun\u00e9ment sous le crayon expert de David Dellas.<\/p>\n<p>Par la puissance de son r\u00e9alisme, l&#8217;ouvrage procure un sentiment de proximit\u00e9 et d&#8217;\u00e9merveillement, et, comme l&#8217;indique Francis Hall\u00e9, \u00ab nous voyons enfin les arbres et arbustes de nos r\u00e9gions comme ils sont r\u00e9ellement, repr\u00e9sent\u00e9s avec une pr\u00e9cision et une sensibilit\u00e9 telles que leur identification devient ais\u00e9e et presque imm\u00e9diate \u00bb.<\/p>\n<p>Au fil d&#8217;un sobre et vibrant plaidoyer iconographique pour la biodiversit\u00e9 ordinaire, l&#8217;auteur propose une \u00ab flore \u00bb accessible \u00e0 tous, permettant de d\u00e9couvrir et de reconna\u00eetre les arbres champ\u00eatres, compagnons de notre quotidien, dont on a oubli\u00e9 la noblesse, la rusticit\u00e9 et les grandes utilit\u00e9s&#8230; Des arbres discrets et ignor\u00e9s, qui jouent pourtant un r\u00f4le transversal et pr\u00e9cieux dans le devenir et la durabilit\u00e9 des territoires et de l&#8217;agriculture.<\/p>\n","protected":false},"excerpt":{"rendered":"<p>\u00c9cart\u00e9e au XXe si\u00e8cle au profit de la photographie, la pratique du dessin s&#8217;inscrit dans une longue tradition des sciences naturelles et de la botanique. Parce qu&#8217;il interpr\u00e8te autant qu&#8217;il d\u00e9crit, le dessin amplifie la vision et permet de saisir dans son ensemble la r\u00e9alit\u00e9 d&#8217;un objet vivant et complexe. L&#8217;arbre est de ceux-l\u00e0, et [&hellip;]<\/p>\n","protected":false},"featured_media":51938,"template":"","meta":{"_acf_changed":false,"_genesis_hide_title":false,"_genesis_hide_breadcrumbs":false,"_genesis_hide_singular_image":false,"_genesis_hide_footer_widgets":false,"_genesis_custom_body_class":"","_genesis_custom_post_class":"","_genesis_layout":""},"product_brand":[],"product_cat":[7132,7196,7200],"product_tag":[],"class_list":{"0":"post-51935","1":"product","2":"type-product","3":"status-publish","4":"has-post-thumbnail","6":"product_cat-books","7":"product_cat-nature-tourism-en","8":"product_cat-nature-gardening-en","9":"pa_auteur-dellas-david-en","10":"pa_editeur-actes-sud-en","11":"pa_illustrateur-sirven-bruno-en","12":"pa_langue-francais-en","13":"entry","15":"first","16":"outofstock","17":"shipping-taxable","18":"purchasable","19":"product-type-simple"},"acf":[],"_links":{"self":[{"href":"https:\/\/www.libraria-occitana.org\/en\/wp-json\/wp\/v2\/product\/51935","targetHints":{"allow":["GET"]}}],"collection":[{"href":"https:\/\/www.libraria-occitana.org\/en\/wp-json\/wp\/v2\/product"}],"about":[{"href":"https:\/\/www.libraria-occitana.org\/en\/wp-json\/wp\/v2\/types\/product"}],"wp:featuredmedia":[{"embeddable":true,"href":"https:\/\/www.libraria-occitana.org\/en\/wp-json\/wp\/v2\/media\/51938"}],"wp:attachment":[{"href":"https:\/\/www.libraria-occitana.org\/en\/wp-json\/wp\/v2\/media?parent=51935"}],"wp:term":[{"taxonomy":"product_brand","embeddable":true,"href":"https:\/\/www.libraria-occitana.org\/en\/wp-json\/wp\/v2\/product_brand?post=51935"},{"taxonomy":"product_cat","embeddable":true,"href":"https:\/\/www.libraria-occitana.org\/en\/wp-json\/wp\/v2\/product_cat?post=51935"},{"taxonomy":"product_tag","embeddable":true,"href":"https:\/\/www.libraria-occitana.org\/en\/wp-json\/wp\/v2\/product_tag?post=51935"}],"curies":[{"name":"wp","href":"https:\/\/api.w.org\/{rel}","templated":true}]}}