{"id":51966,"date":"2020-06-17T19:04:31","date_gmt":"2020-06-17T17:04:31","guid":{"rendered":"http:\/\/www.libraria-occitana.org\/product\/la-carta\/"},"modified":"2026-04-29T05:56:36","modified_gmt":"2026-04-29T03:56:36","slug":"la-carta","status":"publish","type":"product","link":"https:\/\/www.libraria-occitana.org\/en\/product\/la-carta\/","title":{"rendered":"La carta"},"content":{"rendered":"<p>Voici un outil transdisciplinaire pens\u00e9 et construit au service de la langue et de la culture occitanes.<br \/>\nUn album t\u00eate-b\u00eache compos\u00e9 de deux parties : une narration graphique et cinq contes d&#8217;Occitanie dans leur version originale. Au milieu du livre une carte postale permet de faire le lien entre ces deux parties.<\/p>\n<p><strong>R\u00e9cit graphique du Lac des Rives appel\u00e9 aussi \u00ab Las Aigas \u00bb. <\/strong><br \/>\nLa trame narrative se compl\u00e8te au fur et \u00e0 mesure des pages jusqu&#8217;\u00e0 la composition compl\u00e8te du paysage. L\u00e0, un lac appara\u00eet et le remplit. Cette histoire sans texte s&#8217;ach\u00e8ve dans la chambre d&#8217;une fillette qui vient de recevoir une carte postale. Qui lui a \u00e9crit ? Pourquoi d&#8217;autres cartes postales sont-elles punais\u00e9es au-dessus du bureau ? D&#8217;o\u00f9 viennent-elles ? Les contes pr\u00e9sent\u00e9s dans l&#8217;autre partie de l&#8217;ouvrage aideront peut-\u00eatre \u00e0 d\u00e9couvrir le lien cach\u00e9 qui relie toutes ces histoires.<\/p>\n<p><strong>Cinq contes<\/strong>, cinq lieux qui donnent \u00e0 voir ce qu&#8217;il y a au del\u00e0 du fond de l&#8217;eau, cinq cartes postales.<br \/>\nQu&#8217;est-ce qui les relie ? Un pays ? Des grands-parents soucieux de transmettre leur culture \u00e0 leur petite-fille ?<br \/>\nOu cette part de myst\u00e8re que l&#8217;on retrouve dans les lieux d&#8217;eau chez nous ?<\/p>\n<p>Une cr\u00e9ation du CAP&#8217;\u00d2C illustr\u00e9e par C\u00e9cile Serres.<br \/>\nVersion multivari\u00e9tale : les contes sont \u00e9crits dans leur version dialectale d&#8217;origine, trois contes en occitan languedocien, un conte en occitan limousin et un conte en occitan gascon.<br \/>\nLes contes en version audio sont \u00e0 retrouver sur <a href=\"https:\/\/www.capoc.fr\/\">https:\/\/www.capoc.fr\/<\/a> :<br \/>\n&#8211; <em>Las Aigas<\/em> (lecture de Yves Durand)<br \/>\n&#8211; <em>Lo niu de las s\u00e8rps<\/em> (lecture de Bernard Cauhap\u00e9)<br \/>\n&#8211; <em>La vila englotida de Balaruc<\/em> (lecture de Stella Fontana)<br \/>\n&#8211; <em>Las cl\u00f2chas dau saut dau Chaslar<\/em> (lecture de Jaumeta Beauzetie)<br \/>\n&#8211; <em>La hada deu ponton<\/em> (lecture de Serge Mauhourat)<\/p>\n<p>Livret p\u00e9dagogique \u00e9galement disponible sur le site.<br \/>\nCycles 1 \u00e0 4.<\/p>\n","protected":false},"excerpt":{"rendered":"<p>Voici un outil transdisciplinaire pens\u00e9 et construit au service de la langue et de la culture occitanes. Un album t\u00eate-b\u00eache compos\u00e9 de deux parties : une narration graphique et cinq contes d&#8217;Occitanie dans leur version originale. Au milieu du livre une carte postale permet de faire le lien entre ces deux parties. R\u00e9cit graphique du [&hellip;]<\/p>\n","protected":false},"featured_media":51964,"template":"","meta":{"_acf_changed":false,"_genesis_hide_title":false,"_genesis_hide_breadcrumbs":false,"_genesis_hide_singular_image":false,"_genesis_hide_footer_widgets":false,"_genesis_custom_body_class":"","_genesis_custom_post_class":"","_genesis_layout":""},"product_brand":[],"product_cat":[7132,7136,7144],"product_tag":[],"class_list":{"0":"post-51966","1":"product","2":"type-product","3":"status-publish","4":"has-post-thumbnail","6":"product_cat-books","7":"product_cat-dictionaries-language-educational-en","8":"product_cat-educational-pedagogy-en","9":"pa_auteur-capoc-en","10":"pa_editeur-canope-editions-en","11":"pa_illustrateur-serres-cecile-en","12":"pa_langue-occitan-en","13":"pa_langue-occitan-gascon-en","14":"pa_langue-occitan-lemosin-en","15":"pa_langue-occitan-lengadocian-en","16":"entry","18":"first","19":"instock","20":"shipping-taxable","21":"purchasable","22":"product-type-simple"},"acf":[],"_links":{"self":[{"href":"https:\/\/www.libraria-occitana.org\/en\/wp-json\/wp\/v2\/product\/51966","targetHints":{"allow":["GET"]}}],"collection":[{"href":"https:\/\/www.libraria-occitana.org\/en\/wp-json\/wp\/v2\/product"}],"about":[{"href":"https:\/\/www.libraria-occitana.org\/en\/wp-json\/wp\/v2\/types\/product"}],"wp:featuredmedia":[{"embeddable":true,"href":"https:\/\/www.libraria-occitana.org\/en\/wp-json\/wp\/v2\/media\/51964"}],"wp:attachment":[{"href":"https:\/\/www.libraria-occitana.org\/en\/wp-json\/wp\/v2\/media?parent=51966"}],"wp:term":[{"taxonomy":"product_brand","embeddable":true,"href":"https:\/\/www.libraria-occitana.org\/en\/wp-json\/wp\/v2\/product_brand?post=51966"},{"taxonomy":"product_cat","embeddable":true,"href":"https:\/\/www.libraria-occitana.org\/en\/wp-json\/wp\/v2\/product_cat?post=51966"},{"taxonomy":"product_tag","embeddable":true,"href":"https:\/\/www.libraria-occitana.org\/en\/wp-json\/wp\/v2\/product_tag?post=51966"}],"curies":[{"name":"wp","href":"https:\/\/api.w.org\/{rel}","templated":true}]}}