{"id":52031,"date":"2019-06-18T18:13:48","date_gmt":"2019-06-18T16:13:48","guid":{"rendered":"http:\/\/www.libraria-occitana.org\/?post_type=product&#038;p=52031"},"modified":"2026-04-26T05:01:36","modified_gmt":"2026-04-26T03:01:36","slug":"carte-2-volets-jojo-petit-lemosin-au-pre-enveloppe","status":"publish","type":"product","link":"https:\/\/www.libraria-occitana.org\/en\/product\/carte-2-volets-jojo-petit-lemosin-au-pre-enveloppe\/","title":{"rendered":"Carte 2 volets \u00ab J\u00f2j\u00f2, petit lemosin \u00bb : Au pr\u00e9 + enveloppe"},"content":{"rendered":"<p>\u00ab Je me souviens surtout de deux grands pr\u00e9s, un apr\u00e8s le moulin de la Barbarie sur la droite et l&#8217;autre en bas du village ; j&#8217;y gardais les trois vaches de mon p\u00e9p\u00e9 et ma m\u00e9m\u00e9. \u00bb<br \/>\n\u00ab Me rapele mai que mai de doas pradas, una delai lo molin de la Barbaria, sus la drecha, e l&#8217;autra en debas dau vilatge ; l-i tochava las tres vachas de mos grands. \u00bb<\/p>\n<p>Linogravure noir &amp; blanc de Marianne Tixeuil sur 1 volet, extraite du livre <a href=\"http:\/\/www.libraria-occitana.org\/produit\/jojo-petit-lemosin\/\"><em>J\u00f2j\u00f2, petit Lemosin<\/em><\/a>.<br \/>\nImpression manuelle.<br \/>\nEnveloppe assortie avec linogravure noir &amp; blanc sur une face.<\/p>\n","protected":false},"excerpt":{"rendered":"<p>\u00ab Je me souviens surtout de deux grands pr\u00e9s, un apr\u00e8s le moulin de la Barbarie sur la droite et l&#8217;autre en bas du village ; j&#8217;y gardais les trois vaches de mon p\u00e9p\u00e9 et ma m\u00e9m\u00e9. \u00bb \u00ab Me rapele mai que mai de doas pradas, una delai lo molin de la Barbaria, sus [&hellip;]<\/p>\n","protected":false},"featured_media":52015,"template":"","meta":{"_acf_changed":false,"_genesis_hide_title":false,"_genesis_hide_breadcrumbs":false,"_genesis_hide_singular_image":false,"_genesis_hide_footer_widgets":false,"_genesis_custom_body_class":"","_genesis_custom_post_class":"","_genesis_layout":""},"product_brand":[],"product_cat":[7130],"product_tag":[],"class_list":{"0":"post-52031","1":"product","2":"type-product","3":"status-publish","4":"has-post-thumbnail","6":"product_cat-other-en","7":"pa_auteur-tixeuil-marianne-en","8":"entry","10":"first","11":"outofstock","12":"shipping-taxable","13":"purchasable","14":"product-type-simple"},"acf":[],"_links":{"self":[{"href":"https:\/\/www.libraria-occitana.org\/en\/wp-json\/wp\/v2\/product\/52031","targetHints":{"allow":["GET"]}}],"collection":[{"href":"https:\/\/www.libraria-occitana.org\/en\/wp-json\/wp\/v2\/product"}],"about":[{"href":"https:\/\/www.libraria-occitana.org\/en\/wp-json\/wp\/v2\/types\/product"}],"wp:featuredmedia":[{"embeddable":true,"href":"https:\/\/www.libraria-occitana.org\/en\/wp-json\/wp\/v2\/media\/52015"}],"wp:attachment":[{"href":"https:\/\/www.libraria-occitana.org\/en\/wp-json\/wp\/v2\/media?parent=52031"}],"wp:term":[{"taxonomy":"product_brand","embeddable":true,"href":"https:\/\/www.libraria-occitana.org\/en\/wp-json\/wp\/v2\/product_brand?post=52031"},{"taxonomy":"product_cat","embeddable":true,"href":"https:\/\/www.libraria-occitana.org\/en\/wp-json\/wp\/v2\/product_cat?post=52031"},{"taxonomy":"product_tag","embeddable":true,"href":"https:\/\/www.libraria-occitana.org\/en\/wp-json\/wp\/v2\/product_tag?post=52031"}],"curies":[{"name":"wp","href":"https:\/\/api.w.org\/{rel}","templated":true}]}}