{"id":52127,"date":"2014-12-24T18:46:41","date_gmt":"2014-12-24T17:46:41","guid":{"rendered":"http:\/\/www.libraria-occitana.org\/product\/nou-contes-de-nadal-dendacom-mai\/"},"modified":"2026-04-29T06:56:21","modified_gmt":"2026-04-29T04:56:21","slug":"nou-contes-de-nadal-dendacom-mai","status":"publish","type":"product","link":"https:\/\/www.libraria-occitana.org\/en\/product\/nou-contes-de-nadal-dendacom-mai\/","title":{"rendered":"N\u00f2u Contes de Nadal d&#8217;endac\u00f2m mai"},"content":{"rendered":"<p>Recueil de neuf contes de No\u00ebl c\u00e9l\u00e8bres d\u2019autres pays traduits en occitan, avec la version originale et la traduction en vis-\u00e0-vis, par Bernard Verni\u00e8res, Aline Bugarel et Serge Gayral : un allemand, un anglais, un danois, un espagnol, un anglais (am\u00e9ricain), un italien, deux russes, un su\u00e9dois.<\/p>\n<p>Textes originaux de : Andersen, Deledda, Dostoi\u00e8vski, Grimm, Lagerl\u00f6f, O. Henry, Pardo Baz\u00e1n, Salhens-Tolst\u00f2i, Wilde.<\/p>\n","protected":false},"excerpt":{"rendered":"<p>Recueil de neuf contes de No\u00ebl c\u00e9l\u00e8bres d\u2019autres pays traduits en occitan, avec la version originale et la traduction en vis-\u00e0-vis, par Bernard Verni\u00e8res, Aline Bugarel et Serge Gayral : un allemand, un anglais, un danois, un espagnol, un anglais (am\u00e9ricain), un italien, deux russes, un su\u00e9dois. Textes originaux de : Andersen, Deledda, Dostoi\u00e8vski, Grimm, [&hellip;]<\/p>\n","protected":false},"featured_media":52125,"template":"","meta":{"_acf_changed":false,"_genesis_hide_title":false,"_genesis_hide_breadcrumbs":false,"_genesis_hide_singular_image":false,"_genesis_hide_footer_widgets":false,"_genesis_custom_body_class":"","_genesis_custom_post_class":"","_genesis_layout":""},"product_brand":[],"product_cat":[7132,7174,7176],"product_tag":[],"class_list":{"0":"post-52127","1":"product","2":"type-product","3":"status-publish","4":"has-post-thumbnail","6":"product_cat-books","7":"product_cat-literature-en","8":"product_cat-tales-fables-en","9":"pa_auteur-collectiu-en-2","10":"pa_editeur-ieo-tarn-en","11":"pa_illustrateur-bugarel-alina-en","12":"pa_illustrateur-gairal-sergi-en","13":"pa_illustrateur-vernhieras-bernat-vernieres-bernard-en","14":"pa_langue-autras-lingas-en","15":"pa_langue-occitan-en","16":"pa_langue-occitan-lengadocian-en","17":"entry","19":"first","20":"outofstock","21":"shipping-taxable","22":"purchasable","23":"product-type-simple"},"acf":[],"_links":{"self":[{"href":"https:\/\/www.libraria-occitana.org\/en\/wp-json\/wp\/v2\/product\/52127","targetHints":{"allow":["GET"]}}],"collection":[{"href":"https:\/\/www.libraria-occitana.org\/en\/wp-json\/wp\/v2\/product"}],"about":[{"href":"https:\/\/www.libraria-occitana.org\/en\/wp-json\/wp\/v2\/types\/product"}],"wp:featuredmedia":[{"embeddable":true,"href":"https:\/\/www.libraria-occitana.org\/en\/wp-json\/wp\/v2\/media\/52125"}],"wp:attachment":[{"href":"https:\/\/www.libraria-occitana.org\/en\/wp-json\/wp\/v2\/media?parent=52127"}],"wp:term":[{"taxonomy":"product_brand","embeddable":true,"href":"https:\/\/www.libraria-occitana.org\/en\/wp-json\/wp\/v2\/product_brand?post=52127"},{"taxonomy":"product_cat","embeddable":true,"href":"https:\/\/www.libraria-occitana.org\/en\/wp-json\/wp\/v2\/product_cat?post=52127"},{"taxonomy":"product_tag","embeddable":true,"href":"https:\/\/www.libraria-occitana.org\/en\/wp-json\/wp\/v2\/product_tag?post=52127"}],"curies":[{"name":"wp","href":"https:\/\/api.w.org\/{rel}","templated":true}]}}