{"id":52166,"date":"2019-12-02T17:25:37","date_gmt":"2019-12-02T16:25:37","guid":{"rendered":"http:\/\/www.libraria-occitana.org\/product\/gao\/"},"modified":"2026-04-03T04:26:16","modified_gmt":"2026-04-03T02:26:16","slug":"gao","status":"publish","type":"product","link":"https:\/\/www.libraria-occitana.org\/en\/product\/gao\/","title":{"rendered":"Gao"},"content":{"rendered":"<p><strong>Eric Fraj :<\/strong> Chant, guitare<br \/>\n<strong>Morgan Astruc :<\/strong> Guitares<br \/>\n<strong>Mingo :<\/strong> Arrangements, programmation avec la participation de Jean-Luc Amestoy, Serge Lopez, Pascal Rollando, Clairveau Ramsamy, Herv\u00e9 Chiquet, Sarah Fraj et Sophie Renard<\/p>\n<p>Gao est une ville du Mali, o\u00f9 \u00c9ric Fraj a v\u00e9cu quelques ann\u00e9es de son enfance et o\u00f9 il a failli mourir. Presque 50 ans apr\u00e8s, cette ville lui est apparue en r\u00eave, lui demandant ce qu&#8217;il avait fait de la vie qu\u2019elle lui avait laiss\u00e9e. Voici sa r\u00e9ponse : 18 chansons \u00e9clectiques, qui parlent d\u2019une Afrique imaginaire, onirique. Et nous interrogent : qu\u2019en est-il de notre vie ? Qu\u2019en est-il de notre monde ?<\/p>\n<p><em>Gao<\/em> est une cr\u00e9ation originale sur des textes de \u00c9ric Fraj, Jean-Louis Baradat, Dominique Decomps, Jean-Raymond G\u00e9lis, Marie G\u00e9lis, Roland P\u00e9cout et Jean Rigouste.<\/p>\n<p><strong>Titres :<\/strong><br \/>\n1. Dona negra 2&#8217;52<br \/>\n2. Abans d\u2019anar-me\u2019n 2&#8217;33<br \/>\n3. Amics petits 4&#8217;00<br \/>\n4. Saludada ai Tamacheqs 2&#8217;33<br \/>\n5. Per\u00f2 quant de temps ? 2&#8217;52<br \/>\n6. Continent 5&#8217;20<br \/>\n7. Djoliba 2&#8217;23<br \/>\n8. Evl\u00edn 3&#8217;17<br \/>\n9. Al reialme del vent 3&#8217;22<br \/>\n10. Gao 4&#8217;49<br \/>\n11. Au parad\u00eds d\u2019All\u00e0h 3&#8217;59<br \/>\n12. Pescadores 3&#8217;22<br \/>\n13. Umans 2&#8217;53<br \/>\n14. Daissar la riba 3&#8217;37<br \/>\n15. Vous nous avez donn\u00e9&#8230; 2&#8217;21<br \/>\n16. Viatjaire 3&#8217;50<br \/>\n17. Qui chante ici ? 3&#8217;35<br \/>\n18. Tam-tam 2&#8217;57<\/p>\n","protected":false},"excerpt":{"rendered":"<p>Eric Fraj : Chant, guitare Morgan Astruc : Guitares Mingo : Arrangements, programmation avec la participation de Jean-Luc Amestoy, Serge Lopez, Pascal Rollando, Clairveau Ramsamy, Herv\u00e9 Chiquet, Sarah Fraj et Sophie Renard Gao est une ville du Mali, o\u00f9 \u00c9ric Fraj a v\u00e9cu quelques ann\u00e9es de son enfance et o\u00f9 il a failli mourir. Presque [&hellip;]<\/p>\n","protected":false},"featured_media":52169,"template":"","meta":{"_acf_changed":false,"_genesis_hide_title":false,"_genesis_hide_breadcrumbs":false,"_genesis_hide_singular_image":false,"_genesis_hide_footer_widgets":false,"_genesis_custom_body_class":"","_genesis_custom_post_class":"","_genesis_layout":""},"product_brand":[],"product_cat":[7216,7218],"product_tag":[],"class_list":{"0":"post-52166","1":"product","2":"type-product","3":"status-publish","4":"has-post-thumbnail","6":"product_cat-music-en","7":"product_cat-voice-en","8":"pa_auteur-fraj-eric-en","9":"pa_editeur-troba-vox-en","10":"pa_langue-autras-lingas-en","11":"pa_langue-occitan-gascon-en","12":"pa_langue-occitan-lemosin-en","13":"pa_langue-occitan-lengadocian-en","14":"pa_langue-occitan-provencau-en","15":"pa_langue-occitan-francais-en","16":"entry","18":"first","19":"instock","20":"shipping-taxable","21":"purchasable","22":"product-type-simple"},"acf":[],"_links":{"self":[{"href":"https:\/\/www.libraria-occitana.org\/en\/wp-json\/wp\/v2\/product\/52166","targetHints":{"allow":["GET"]}}],"collection":[{"href":"https:\/\/www.libraria-occitana.org\/en\/wp-json\/wp\/v2\/product"}],"about":[{"href":"https:\/\/www.libraria-occitana.org\/en\/wp-json\/wp\/v2\/types\/product"}],"wp:featuredmedia":[{"embeddable":true,"href":"https:\/\/www.libraria-occitana.org\/en\/wp-json\/wp\/v2\/media\/52169"}],"wp:attachment":[{"href":"https:\/\/www.libraria-occitana.org\/en\/wp-json\/wp\/v2\/media?parent=52166"}],"wp:term":[{"taxonomy":"product_brand","embeddable":true,"href":"https:\/\/www.libraria-occitana.org\/en\/wp-json\/wp\/v2\/product_brand?post=52166"},{"taxonomy":"product_cat","embeddable":true,"href":"https:\/\/www.libraria-occitana.org\/en\/wp-json\/wp\/v2\/product_cat?post=52166"},{"taxonomy":"product_tag","embeddable":true,"href":"https:\/\/www.libraria-occitana.org\/en\/wp-json\/wp\/v2\/product_tag?post=52166"}],"curies":[{"name":"wp","href":"https:\/\/api.w.org\/{rel}","templated":true}]}}