{"id":52172,"date":"2020-07-02T18:14:47","date_gmt":"2020-07-02T16:14:47","guid":{"rendered":"http:\/\/www.libraria-occitana.org\/?post_type=product&#038;p=52172"},"modified":"2026-04-29T05:41:15","modified_gmt":"2026-04-29T03:41:15","slug":"par-tous-les-chemins","status":"publish","type":"product","link":"https:\/\/www.libraria-occitana.org\/en\/product\/par-tous-les-chemins\/","title":{"rendered":"Par tous les chemins"},"content":{"rendered":"<p><strong>Muriel Batbie Castell :<\/strong> Chant, guitare, compositions<br \/>\n<strong>Anne-Claire Cazalet :<\/strong> Harpe, arrangements harpe<\/p>\n<p>Dans ce r\u00e9cital cr\u00e9\u00e9 \u00e0 partir de l\u2019ouvrage <a href=\"http:\/\/www.libraria-occitana.org\/produit\/par-tous-les-chemins-florilege-poetique-des-langues-de-france\/\"><em>Floril\u00e8ge po\u00e9tique des Langues de France<\/em><\/a> (alsacien, basque, breton, catalan, corse, occitan), premi\u00e8re grande anthologie consacr\u00e9e aux langues de France sous la direction de Marie-Jeanne Verny et Norbert Paganelli (\u00e9d. Le Bord de l\u2019Eau, pr\u00e9face de J.Pierre Sim\u00e9on), Muriel Batbie Castell d\u00e9cide d\u2019en explorer toutes les possibilit\u00e9s au fil d\u2019un parcours brillant, v\u00e9ritable prouesse vocale et linguistique alternant les chants <em>a capella<\/em> et les lectures po\u00e9tiques en 7 langues, le tout construit dans une trame de r\u00e9cit de voyage.<\/p>\n<p>Originaire de Toulouse, la chanteuse, apr\u00e8s un double cursus de formation musicale en Conservatoires avec une sp\u00e9cialisation en musique ancienne ainsi qu\u2019universitaire en lettres, langues et arts et une sp\u00e9cialisation en langue occitane, se consacre aujourd\u2019hui, entre autres activit\u00e9s artistiques et p\u00e9dagogiques, \u00e0 l\u2019interpr\u00e9tation d\u2019\u0153uvres po\u00e9tiques anciennes ou contemporaines.<\/p>\n<p><strong>Titres :<\/strong><br \/>\n1. Carle Galtier : Lis alo de l&#8217;auc\u00e8u (occitan) 1&#8217;46<br \/>\n2. Itxaro Borda : Egi baino (basque) 1&#8217;31<br \/>\n3. Robert Lafont : A meis amics occitanistas (occitan) 2&#8217;10<br \/>\n4. P\u00e8ire Bec : Can\u00e7on en forma de redond\u00e8u (occitan) 1&#8217;10<br \/>\n5. Maite Barcons Reniu : Homenatge (catalan) 1&#8217;41<br \/>\n6. Benedicta Bonnet : Chantarai (occitan) 1&#8217;29<br \/>\n7. Naig Rozmor : Daouarn va zad (breton) 2&#8217;45<br \/>\n8. Pere Figu\u00e8res : M\u2019arriscar\u00e9 (catalan) 2&#8217;01<br \/>\n9. Lucia Santucci : Fochi Paoli (corse) 2&#8217;00<br \/>\n10. Mich\u00e8u Courty : N\u00f2sti mot (occitan) 1&#8217;46<br \/>\n11. Ronald Euler : Coragem irmon (alsacien) 1&#8217;38<br \/>\n12. Marikita Tambourin : Uzbekistan (basque) 2&#8217;11<br \/>\n13. Brigittte Miremont-Orazio : Mercant d\u2019oblit (occitan) 1&#8217;38<br \/>\n14. Per Pondaven : An enezenn c\u2019hlas (breton) 2&#8217;59<br \/>\n15. Marianghjula Antonetti-Orsoni : L\u2019alburu di vita (corse) 1&#8217;41<br \/>\n16. Yann-Ber Piriou : Fa\u00f1ch ar Moneiz (breton) 1&#8217;21<br \/>\n17. Max Roqueta : Lo m\u00e8rle (occitan) 1&#8217;49<\/p>\n","protected":false},"excerpt":{"rendered":"<p>Muriel Batbie Castell : Chant, guitare, compositions Anne-Claire Cazalet : Harpe, arrangements harpe Dans ce r\u00e9cital cr\u00e9\u00e9 \u00e0 partir de l\u2019ouvrage Floril\u00e8ge po\u00e9tique des Langues de France (alsacien, basque, breton, catalan, corse, occitan), premi\u00e8re grande anthologie consacr\u00e9e aux langues de France sous la direction de Marie-Jeanne Verny et Norbert Paganelli (\u00e9d. Le Bord de l\u2019Eau, [&hellip;]<\/p>\n","protected":false},"featured_media":52175,"template":"","meta":{"_acf_changed":false,"_genesis_hide_title":false,"_genesis_hide_breadcrumbs":false,"_genesis_hide_singular_image":false,"_genesis_hide_footer_widgets":false,"_genesis_custom_body_class":"","_genesis_custom_post_class":"","_genesis_layout":""},"product_brand":[],"product_cat":[7216,7218],"product_tag":[],"class_list":{"0":"post-52172","1":"product","2":"type-product","3":"status-publish","4":"has-post-thumbnail","6":"product_cat-music-en","7":"product_cat-voice-en","8":"pa_auteur-batbie-castell-muriel-en","9":"pa_editeur-troba-vox-en","10":"pa_langue-autras-lingas-en","11":"pa_langue-occitan-gascon-en","12":"pa_langue-occitan-lemosin-en","13":"pa_langue-occitan-lengadocian-en","14":"pa_langue-occitan-provencau-en","15":"pa_langue-occitan-francais-en","16":"entry","18":"first","19":"instock","20":"shipping-taxable","21":"purchasable","22":"product-type-simple"},"acf":[],"_links":{"self":[{"href":"https:\/\/www.libraria-occitana.org\/en\/wp-json\/wp\/v2\/product\/52172","targetHints":{"allow":["GET"]}}],"collection":[{"href":"https:\/\/www.libraria-occitana.org\/en\/wp-json\/wp\/v2\/product"}],"about":[{"href":"https:\/\/www.libraria-occitana.org\/en\/wp-json\/wp\/v2\/types\/product"}],"wp:featuredmedia":[{"embeddable":true,"href":"https:\/\/www.libraria-occitana.org\/en\/wp-json\/wp\/v2\/media\/52175"}],"wp:attachment":[{"href":"https:\/\/www.libraria-occitana.org\/en\/wp-json\/wp\/v2\/media?parent=52172"}],"wp:term":[{"taxonomy":"product_brand","embeddable":true,"href":"https:\/\/www.libraria-occitana.org\/en\/wp-json\/wp\/v2\/product_brand?post=52172"},{"taxonomy":"product_cat","embeddable":true,"href":"https:\/\/www.libraria-occitana.org\/en\/wp-json\/wp\/v2\/product_cat?post=52172"},{"taxonomy":"product_tag","embeddable":true,"href":"https:\/\/www.libraria-occitana.org\/en\/wp-json\/wp\/v2\/product_tag?post=52172"}],"curies":[{"name":"wp","href":"https:\/\/api.w.org\/{rel}","templated":true}]}}