{"id":52197,"date":"2005-09-06T17:11:19","date_gmt":"2005-09-06T15:11:19","guid":{"rendered":"http:\/\/www.libraria-occitana.org\/?post_type=product&#038;p=52197"},"modified":"2026-04-29T11:03:35","modified_gmt":"2026-04-29T09:03:35","slug":"jardins-perdus","status":"publish","type":"product","link":"https:\/\/www.libraria-occitana.org\/en\/product\/jardins-perdus\/","title":{"rendered":"Jardins perdus"},"content":{"rendered":"<p>Voici une savoureuse galerie de portraits ; une petite anthologie de dialogues sur le vif, de peintures sur le motif ; une le\u00e7on d&#8217;\u00e9criture d\u00e9roul\u00e9e \u00e0 la mani\u00e8re d&#8217;un recueil de dict\u00e9es \u00e0 l&#8217;ancienne. Ces nouvelles, ces petites histoires, ces tableautins ont pour cadres les divers lieux traditionnels de cette grande lande o\u00f9 habite Manciet depuis toujours ; et pourtant tous ces personnages deviennent des arch\u00e9types et tendent \u00e0 l&#8217;universelle condition, par la force, par la gr\u00e2ce de la litt\u00e9rature. Ces petites proses prouvent, s&#8217;il en \u00e9tait besoin et une fois de plus, que Bernard Manciet est un tr\u00e8s grand \u00e9crivain !<\/p>\n<p>Traduit par Guy Latry.<\/p>\n<p><a href=\"http:\/\/www.libraria-occitana.org\/produit\/les-murmures-du-mal-jardins-perdus-2\/\"><em>Les murmures du mal<\/em><\/a> (<em>Jardins perdus<\/em> 2)<br \/>\nEn version originale occitane : <a href=\"http:\/\/www.libraria-occitana.org\/produit\/casaus-perduts\/\"><em>Casaus perduts<\/em><\/a><\/p>\n","protected":false},"excerpt":{"rendered":"<p>Voici une savoureuse galerie de portraits ; une petite anthologie de dialogues sur le vif, de peintures sur le motif ; une le\u00e7on d&#8217;\u00e9criture d\u00e9roul\u00e9e \u00e0 la mani\u00e8re d&#8217;un recueil de dict\u00e9es \u00e0 l&#8217;ancienne. Ces nouvelles, ces petites histoires, ces tableautins ont pour cadres les divers lieux traditionnels de cette grande lande o\u00f9 habite Manciet [&hellip;]<\/p>\n","protected":false},"featured_media":52186,"template":"","meta":{"_acf_changed":false,"_genesis_hide_title":false,"_genesis_hide_breadcrumbs":false,"_genesis_hide_singular_image":false,"_genesis_hide_footer_widgets":false,"_genesis_custom_body_class":"","_genesis_custom_post_class":"","_genesis_layout":""},"product_brand":[],"product_cat":[7132,7174,7182],"product_tag":[],"class_list":{"0":"post-52197","1":"product","2":"type-product","3":"status-publish","4":"has-post-thumbnail","6":"product_cat-books","7":"product_cat-literature-en","8":"product_cat-novels-short-stories-en","9":"pa_auteur-manciet-bernat-manciet-bernard-en","10":"pa_editeur-lescampette-en","11":"pa_illustrateur-latry-guy-en","12":"pa_langue-francais-en","13":"entry","15":"first","16":"instock","17":"shipping-taxable","18":"purchasable","19":"product-type-simple"},"acf":[],"_links":{"self":[{"href":"https:\/\/www.libraria-occitana.org\/en\/wp-json\/wp\/v2\/product\/52197","targetHints":{"allow":["GET"]}}],"collection":[{"href":"https:\/\/www.libraria-occitana.org\/en\/wp-json\/wp\/v2\/product"}],"about":[{"href":"https:\/\/www.libraria-occitana.org\/en\/wp-json\/wp\/v2\/types\/product"}],"wp:featuredmedia":[{"embeddable":true,"href":"https:\/\/www.libraria-occitana.org\/en\/wp-json\/wp\/v2\/media\/52186"}],"wp:attachment":[{"href":"https:\/\/www.libraria-occitana.org\/en\/wp-json\/wp\/v2\/media?parent=52197"}],"wp:term":[{"taxonomy":"product_brand","embeddable":true,"href":"https:\/\/www.libraria-occitana.org\/en\/wp-json\/wp\/v2\/product_brand?post=52197"},{"taxonomy":"product_cat","embeddable":true,"href":"https:\/\/www.libraria-occitana.org\/en\/wp-json\/wp\/v2\/product_cat?post=52197"},{"taxonomy":"product_tag","embeddable":true,"href":"https:\/\/www.libraria-occitana.org\/en\/wp-json\/wp\/v2\/product_tag?post=52197"}],"curies":[{"name":"wp","href":"https:\/\/api.w.org\/{rel}","templated":true}]}}