{"id":52200,"date":"2006-04-06T17:54:20","date_gmt":"2006-04-06T15:54:20","guid":{"rendered":"http:\/\/www.libraria-occitana.org\/?post_type=product&#038;p=52200"},"modified":"2026-04-02T23:17:03","modified_gmt":"2026-04-02T21:17:03","slug":"les-murmures-du-mal-jardins-perdus-2","status":"publish","type":"product","link":"https:\/\/www.libraria-occitana.org\/en\/product\/les-murmures-du-mal-jardins-perdus-2\/","title":{"rendered":"Les murmures du mal (Jardins perdus 2)"},"content":{"rendered":"<p>Bernard Manciet, disparu en 2005, nous laisse une \u0153uvre imposante \u2013 po\u00e9sie, th\u00e9\u00e2tre, romans, nouvelles, essais \u2013 dont une bonne partie parue \u00e0 nos \u00e9ditions. Si la presse, unanime, a salu\u00e9 l&#8217;\u00e9crivain et sa stature exceptionnelle, beaucoup de ses livres restent \u00e0 d\u00e9couvrir&#8230;<\/p>\n<p>Gageons que ces recueils de nouvelles (<a href=\"http:\/\/www.libraria-occitana.org\/produit\/jardins-perdus\/\"><em>Jardins perdus<\/em><\/a> et <em>Les Murmures du mal<\/em>) am\u00e8neront \u00e0 Bernard Manciet le lectorat qui doit \u00eatre le sien !<\/p>\n<p>Traduit par Guy Latry.<\/p>\n<p>En version originale occitane : <a href=\"http:\/\/www.libraria-occitana.org\/produit\/casaus-perduts\/\"><em>Casaus perduts<\/em><\/a><\/p>\n","protected":false},"excerpt":{"rendered":"<p>Bernard Manciet, disparu en 2005, nous laisse une \u0153uvre imposante \u2013 po\u00e9sie, th\u00e9\u00e2tre, romans, nouvelles, essais \u2013 dont une bonne partie parue \u00e0 nos \u00e9ditions. Si la presse, unanime, a salu\u00e9 l&#8217;\u00e9crivain et sa stature exceptionnelle, beaucoup de ses livres restent \u00e0 d\u00e9couvrir&#8230; Gageons que ces recueils de nouvelles (Jardins perdus et Les Murmures du [&hellip;]<\/p>\n","protected":false},"featured_media":52189,"template":"","meta":{"_acf_changed":false,"_genesis_hide_title":false,"_genesis_hide_breadcrumbs":false,"_genesis_hide_singular_image":false,"_genesis_hide_footer_widgets":false,"_genesis_custom_body_class":"","_genesis_custom_post_class":"","_genesis_layout":""},"product_brand":[],"product_cat":[7132,7174,7182],"product_tag":[],"class_list":{"0":"post-52200","1":"product","2":"type-product","3":"status-publish","4":"has-post-thumbnail","6":"product_cat-books","7":"product_cat-literature-en","8":"product_cat-novels-short-stories-en","9":"pa_auteur-manciet-bernat-manciet-bernard-en","10":"pa_editeur-lescampette-en","11":"pa_illustrateur-latry-guy-en","12":"pa_langue-francais-en","13":"entry","15":"first","16":"instock","17":"shipping-taxable","18":"purchasable","19":"product-type-simple"},"acf":[],"_links":{"self":[{"href":"https:\/\/www.libraria-occitana.org\/en\/wp-json\/wp\/v2\/product\/52200","targetHints":{"allow":["GET"]}}],"collection":[{"href":"https:\/\/www.libraria-occitana.org\/en\/wp-json\/wp\/v2\/product"}],"about":[{"href":"https:\/\/www.libraria-occitana.org\/en\/wp-json\/wp\/v2\/types\/product"}],"wp:featuredmedia":[{"embeddable":true,"href":"https:\/\/www.libraria-occitana.org\/en\/wp-json\/wp\/v2\/media\/52189"}],"wp:attachment":[{"href":"https:\/\/www.libraria-occitana.org\/en\/wp-json\/wp\/v2\/media?parent=52200"}],"wp:term":[{"taxonomy":"product_brand","embeddable":true,"href":"https:\/\/www.libraria-occitana.org\/en\/wp-json\/wp\/v2\/product_brand?post=52200"},{"taxonomy":"product_cat","embeddable":true,"href":"https:\/\/www.libraria-occitana.org\/en\/wp-json\/wp\/v2\/product_cat?post=52200"},{"taxonomy":"product_tag","embeddable":true,"href":"https:\/\/www.libraria-occitana.org\/en\/wp-json\/wp\/v2\/product_tag?post=52200"}],"curies":[{"name":"wp","href":"https:\/\/api.w.org\/{rel}","templated":true}]}}