{"id":52215,"date":"2019-04-07T14:36:44","date_gmt":"2019-04-07T12:36:44","guid":{"rendered":"http:\/\/www.libraria-occitana.org\/product\/lei-contes-de-la-placeta-e-dau-cors-nou\/"},"modified":"2026-04-14T00:31:14","modified_gmt":"2026-04-13T22:31:14","slug":"lei-contes-de-la-placeta-e-dau-cors-nou","status":"publish","type":"product","link":"https:\/\/www.libraria-occitana.org\/en\/product\/lei-contes-de-la-placeta-e-dau-cors-nou\/","title":{"rendered":"Lei contes de la Placeta e dau Cors n\u00f2u"},"content":{"rendered":"<p>Georges Gros, romancier, nouvelliste, conteur et conf\u00e9rencier, commen\u00e7a en 1982 son \u0153uvre \u00e9crite par les six contes pr\u00e9sent\u00e9s dans cette r\u00e9\u00e9dition. La Placette, ch\u00e8re \u00e0 l&#8217;auteur, y tient un r\u00f4le central. Il y fait vivre son petit peuple et les \u00eatres imaginaires qui l&#8217;accompagnent.<\/p>\n<p>\u00ab Ces contes, traduits de l&#8217;occitan et plus particuli\u00e8rement du parler n\u00eemois, sont n\u00e9s de la rencontre des souvenirs du folklore traditionnel familial et des fabulations d&#8217;enfance.<br \/>\nLes enfants de N\u00eemes y retrouveront des lieux bien connus d&#8217;eux et de leurs parents. Certains y rencontreront des personnages mythiques ou r\u00e9els qui vivaient dans les r\u00e9cits de leurs \u201cmamets\u201d \u00bb.<\/p>\n<p style=\"text-align: right;\">J\u00f2rgi Gr\u00f2s, extrait de l&#8217;avant-propos<\/p>\n","protected":false},"excerpt":{"rendered":"<p>Georges Gros, romancier, nouvelliste, conteur et conf\u00e9rencier, commen\u00e7a en 1982 son \u0153uvre \u00e9crite par les six contes pr\u00e9sent\u00e9s dans cette r\u00e9\u00e9dition. La Placette, ch\u00e8re \u00e0 l&#8217;auteur, y tient un r\u00f4le central. Il y fait vivre son petit peuple et les \u00eatres imaginaires qui l&#8217;accompagnent. \u00ab Ces contes, traduits de l&#8217;occitan et plus particuli\u00e8rement du parler [&hellip;]<\/p>\n","protected":false},"featured_media":52213,"template":"","meta":{"_acf_changed":false,"_genesis_hide_title":false,"_genesis_hide_breadcrumbs":false,"_genesis_hide_singular_image":false,"_genesis_hide_footer_widgets":false,"_genesis_custom_body_class":"","_genesis_custom_post_class":"","_genesis_layout":""},"product_brand":[],"product_cat":[7132,7174,7176],"product_tag":[],"class_list":{"0":"post-52215","1":"product","2":"type-product","3":"status-publish","4":"has-post-thumbnail","6":"product_cat-books","7":"product_cat-literature-en","8":"product_cat-tales-fables-en","9":"pa_auteur-gros-jorgi-en","10":"pa_editeur-lauceu-libre-en","11":"pa_langue-occitan-provencau-en","12":"pa_langue-occitan-francais-en","13":"entry","15":"first","16":"instock","17":"shipping-taxable","18":"purchasable","19":"product-type-simple"},"acf":[],"_links":{"self":[{"href":"https:\/\/www.libraria-occitana.org\/en\/wp-json\/wp\/v2\/product\/52215","targetHints":{"allow":["GET"]}}],"collection":[{"href":"https:\/\/www.libraria-occitana.org\/en\/wp-json\/wp\/v2\/product"}],"about":[{"href":"https:\/\/www.libraria-occitana.org\/en\/wp-json\/wp\/v2\/types\/product"}],"wp:featuredmedia":[{"embeddable":true,"href":"https:\/\/www.libraria-occitana.org\/en\/wp-json\/wp\/v2\/media\/52213"}],"wp:attachment":[{"href":"https:\/\/www.libraria-occitana.org\/en\/wp-json\/wp\/v2\/media?parent=52215"}],"wp:term":[{"taxonomy":"product_brand","embeddable":true,"href":"https:\/\/www.libraria-occitana.org\/en\/wp-json\/wp\/v2\/product_brand?post=52215"},{"taxonomy":"product_cat","embeddable":true,"href":"https:\/\/www.libraria-occitana.org\/en\/wp-json\/wp\/v2\/product_cat?post=52215"},{"taxonomy":"product_tag","embeddable":true,"href":"https:\/\/www.libraria-occitana.org\/en\/wp-json\/wp\/v2\/product_tag?post=52215"}],"curies":[{"name":"wp","href":"https:\/\/api.w.org\/{rel}","templated":true}]}}