{"id":52243,"date":"2020-07-20T19:08:50","date_gmt":"2020-07-20T17:08:50","guid":{"rendered":"http:\/\/www.libraria-occitana.org\/product\/la-part-des-anges\/"},"modified":"2026-04-29T02:41:10","modified_gmt":"2026-04-29T00:41:10","slug":"la-part-des-anges","status":"publish","type":"product","link":"https:\/\/www.libraria-occitana.org\/en\/product\/la-part-des-anges\/","title":{"rendered":"La part des anges"},"content":{"rendered":"<p><strong>Cyrille Brotto et St\u00e9phane Milleret :<\/strong> Accord\u00e9on diatonique<\/p>\n<p>\u00ab La part des anges \u00bb est un album fait maison, brass\u00e9 artisanalement.<br \/>\nCertains morceaux, issus de leurs r\u00e9pertoires individuels, sont enregistr\u00e9s dans les conditions du live. Comme une ambr\u00e9e traditionnelle, ces compositions, houblonn\u00e9es et fruit\u00e9es, sont concoct\u00e9es avec des ingr\u00e9dients issus d\u2019Appellation d\u2019Origine Contr\u00f4l\u00e9e : musique n\u00e9o-traditionnelle d\u2019inspiration occitane et folklore imaginaire des alentours de Grenoble.<br \/>\nD\u2019autres, comme la cr\u00e9ation subtile d\u2019une IPA, dense et am\u00e8re \u00e0 la fois, sont compos\u00e9s par et pour le duo. Beaucoup plus produits et reflets d\u2019une identit\u00e9 commune, ils sont le point de rencontre de ces deux artistes aux parcours diff\u00e9rents mais dont les trajectoires se m\u00ealent pour vous proposer un album qui s\u2019adresse aux papilles et parle aux oreilles.<\/p>\n<p><strong>Titres :<\/strong><br \/>\n1. Scottish pour Anatole (CB) \/ Inhibitude (SM) 5&#8217;26<br \/>\n2. Les trois cailloux (CB) 2&#8217;29<br \/>\n3. \u00c7a mousse (CB) \/ Route 87 (SM) 2&#8217;49<br \/>\n4. Troisi\u00e8me Z (CB) 5&#8217;09<br \/>\n5. Le mistigri (SM) \/ Lentille verveine (CB \/ SM) 2&#8217;36<br \/>\n6. La transparence du rien (CB \/ SM) 5&#8217;01<br \/>\n7. Sur les quais (CB) \/ La presqu&#8217;\u00eele (CB) \/ Au coin de la rue (SM) 3&#8217;54<br \/>\n8. Ivoirine (SM) 3&#8217;21<br \/>\n9. Les pieds de la dame aux clebs (SM) \/ Bouh bouh (J-M Rohart) 4&#8217;20<br \/>\n10. Three sharks (N. Eaton) \/ Ricochets (SM) 3&#8217;18<br \/>\n11. De bon matin (Trad) \/ Dejos lo pont de Lion (Trad) \/ Dess\u00fas la grava de Bord\u00e8u (Trad) \/ Amazone (CB) 3&#8217;55<\/p>\n","protected":false},"excerpt":{"rendered":"<p>Cyrille Brotto et St\u00e9phane Milleret : Accord\u00e9on diatonique \u00ab La part des anges \u00bb est un album fait maison, brass\u00e9 artisanalement. Certains morceaux, issus de leurs r\u00e9pertoires individuels, sont enregistr\u00e9s dans les conditions du live. Comme une ambr\u00e9e traditionnelle, ces compositions, houblonn\u00e9es et fruit\u00e9es, sont concoct\u00e9es avec des ingr\u00e9dients issus d\u2019Appellation d\u2019Origine Contr\u00f4l\u00e9e : musique [&hellip;]<\/p>\n","protected":false},"featured_media":52241,"template":"","meta":{"_acf_changed":false,"_genesis_hide_title":false,"_genesis_hide_breadcrumbs":false,"_genesis_hide_singular_image":false,"_genesis_hide_footer_widgets":false,"_genesis_custom_body_class":"","_genesis_custom_post_class":"","_genesis_layout":""},"product_brand":[],"product_cat":[7228,7216],"product_tag":[],"class_list":{"0":"post-52243","1":"product","2":"type-product","3":"status-publish","4":"has-post-thumbnail","6":"product_cat-modern-folk-en","7":"product_cat-music-en","8":"pa_auteur-duo-brotto-milleret-en","9":"pa_editeur-mustradem-en","10":"entry","12":"first","13":"outofstock","14":"shipping-taxable","15":"purchasable","16":"product-type-simple"},"acf":[],"_links":{"self":[{"href":"https:\/\/www.libraria-occitana.org\/en\/wp-json\/wp\/v2\/product\/52243","targetHints":{"allow":["GET"]}}],"collection":[{"href":"https:\/\/www.libraria-occitana.org\/en\/wp-json\/wp\/v2\/product"}],"about":[{"href":"https:\/\/www.libraria-occitana.org\/en\/wp-json\/wp\/v2\/types\/product"}],"wp:featuredmedia":[{"embeddable":true,"href":"https:\/\/www.libraria-occitana.org\/en\/wp-json\/wp\/v2\/media\/52241"}],"wp:attachment":[{"href":"https:\/\/www.libraria-occitana.org\/en\/wp-json\/wp\/v2\/media?parent=52243"}],"wp:term":[{"taxonomy":"product_brand","embeddable":true,"href":"https:\/\/www.libraria-occitana.org\/en\/wp-json\/wp\/v2\/product_brand?post=52243"},{"taxonomy":"product_cat","embeddable":true,"href":"https:\/\/www.libraria-occitana.org\/en\/wp-json\/wp\/v2\/product_cat?post=52243"},{"taxonomy":"product_tag","embeddable":true,"href":"https:\/\/www.libraria-occitana.org\/en\/wp-json\/wp\/v2\/product_tag?post=52243"}],"curies":[{"name":"wp","href":"https:\/\/api.w.org\/{rel}","templated":true}]}}