{"id":52255,"date":"2020-06-20T19:39:16","date_gmt":"2020-06-20T17:39:16","guid":{"rendered":"http:\/\/www.libraria-occitana.org\/?post_type=product&#038;p=52255"},"modified":"2026-04-29T07:11:59","modified_gmt":"2026-04-29T05:11:59","slug":"le-ptit-prince","status":"publish","type":"product","link":"https:\/\/www.libraria-occitana.org\/en\/product\/le-ptit-prince\/","title":{"rendered":"Le P&#8217;tit Prince : Drabiaud \/ Drabl\u00e9sien (Az\u00e9rables, Creuse)"},"content":{"rendered":"<p>Une version en occitan d&#8217;Az\u00e9rables (Creuse) du <em>Petit Prince<\/em> de Saint-Exup\u00e9ry. Graphie phon\u00e9tique de l&#8217;auteur.<\/p>\n<p>\u00ab A r&#8217;ou\u00e8re, dessi le r&#8217;n\u00e2d.<br \/>\nOu \u00e9s qu\u00f4 mon secr\u00e9t. \u00c2u-z-\u00e9s byin simpye :<br \/>\non ou\u00e9 byin qu&#8217;av\u00e8que le queur.<br \/>\nC&#8217; qu&#8217;\u00e9s important peu pas s&#8217;ou\u00e8re av\u00e8que l\u00e2us yeus. \u00bb<\/p>\n<p>Traduction : Henri Jammot. Relecture : G\u00e9rard Th\u00e9venot. \u00c9dition : Nicolas Quint.<\/p>\n","protected":false},"excerpt":{"rendered":"<p>Une version en occitan d&#8217;Az\u00e9rables (Creuse) du Petit Prince de Saint-Exup\u00e9ry. Graphie phon\u00e9tique de l&#8217;auteur. \u00ab A r&#8217;ou\u00e8re, dessi le r&#8217;n\u00e2d. Ou \u00e9s qu\u00f4 mon secr\u00e9t. \u00c2u-z-\u00e9s byin simpye : on ou\u00e9 byin qu&#8217;av\u00e8que le queur. C&#8217; qu&#8217;\u00e9s important peu pas s&#8217;ou\u00e8re av\u00e8que l\u00e2us yeus. \u00bb Traduction : Henri Jammot. Relecture : G\u00e9rard Th\u00e9venot. \u00c9dition [&hellip;]<\/p>\n","protected":false},"featured_media":52252,"template":"","meta":{"_acf_changed":false,"_genesis_hide_title":false,"_genesis_hide_breadcrumbs":false,"_genesis_hide_singular_image":false,"_genesis_hide_footer_widgets":false,"_genesis_custom_body_class":"","_genesis_custom_post_class":"","_genesis_layout":""},"product_brand":[],"product_cat":[7132,7136,7140],"product_tag":[],"class_list":{"0":"post-52255","1":"product","2":"type-product","3":"status-publish","4":"has-post-thumbnail","6":"product_cat-books","7":"product_cat-dictionaries-language-educational-en","8":"product_cat-linguistics-en","9":"pa_auteur-saint-exupery-antoine-de-fr-en","10":"pa_editeur-tintenfass-en","11":"pa_illustrateur-jammot-henri-en","12":"pa_illustrateur-quint-nicolas-en-1","13":"pa_illustrateur-thevenot-gerard-en","14":"pa_langue-occitan-en","15":"pa_langue-occitan-lemosin-en","16":"entry","18":"first","19":"instock","20":"shipping-taxable","21":"purchasable","22":"product-type-simple"},"acf":[],"_links":{"self":[{"href":"https:\/\/www.libraria-occitana.org\/en\/wp-json\/wp\/v2\/product\/52255","targetHints":{"allow":["GET"]}}],"collection":[{"href":"https:\/\/www.libraria-occitana.org\/en\/wp-json\/wp\/v2\/product"}],"about":[{"href":"https:\/\/www.libraria-occitana.org\/en\/wp-json\/wp\/v2\/types\/product"}],"wp:featuredmedia":[{"embeddable":true,"href":"https:\/\/www.libraria-occitana.org\/en\/wp-json\/wp\/v2\/media\/52252"}],"wp:attachment":[{"href":"https:\/\/www.libraria-occitana.org\/en\/wp-json\/wp\/v2\/media?parent=52255"}],"wp:term":[{"taxonomy":"product_brand","embeddable":true,"href":"https:\/\/www.libraria-occitana.org\/en\/wp-json\/wp\/v2\/product_brand?post=52255"},{"taxonomy":"product_cat","embeddable":true,"href":"https:\/\/www.libraria-occitana.org\/en\/wp-json\/wp\/v2\/product_cat?post=52255"},{"taxonomy":"product_tag","embeddable":true,"href":"https:\/\/www.libraria-occitana.org\/en\/wp-json\/wp\/v2\/product_tag?post=52255"}],"curies":[{"name":"wp","href":"https:\/\/api.w.org\/{rel}","templated":true}]}}