{"id":52259,"date":"2020-07-22T11:08:02","date_gmt":"2020-07-22T09:08:02","guid":{"rendered":"http:\/\/www.libraria-occitana.org\/?post_type=product&#038;p=52259"},"modified":"2026-04-10T20:56:41","modified_gmt":"2026-04-10T18:56:41","slug":"paraulas-dauseus","status":"publish","type":"product","link":"https:\/\/www.libraria-occitana.org\/en\/product\/paraulas-dauseus\/","title":{"rendered":"Paraulas d&#8217;auseus"},"content":{"rendered":"<p>\u00c0 la d\u00e9couverte du langage des oiseaux et de quelques autres animaux, transcrit et interpr\u00e9t\u00e9 en occitan par Marie-Odile Dumeaux \u00e0 l\u2019imitation du chant du coucou, de la tourterelle, du pivert, du merle, de la m\u00e9sange, du loriot, du rossignol, de la huppe, du corbeau, des grues, du hibou et du duc\u2026 ou bien encore des poules et du coq, du b\u0153uf, de l\u2019\u00e2ne, des crapauds ou de l\u2019eau\u2026<br \/>\nTout un tr\u00e9sor de mimologismes alliant la d\u00e9couverte de la nature et celle de la langue d\u2019oc.<\/p>\n<p>Texte occitan et traduction fran\u00e7aise en pdf sur demande.<\/p>\n","protected":false},"excerpt":{"rendered":"<p>\u00c0 la d\u00e9couverte du langage des oiseaux et de quelques autres animaux, transcrit et interpr\u00e9t\u00e9 en occitan par Marie-Odile Dumeaux \u00e0 l\u2019imitation du chant du coucou, de la tourterelle, du pivert, du merle, de la m\u00e9sange, du loriot, du rossignol, de la huppe, du corbeau, des grues, du hibou et du duc\u2026 ou bien encore [&hellip;]<\/p>\n","protected":false},"featured_media":52262,"template":"","meta":{"_acf_changed":false,"_genesis_hide_title":false,"_genesis_hide_breadcrumbs":false,"_genesis_hide_singular_image":false,"_genesis_hide_footer_widgets":false,"_genesis_custom_body_class":"","_genesis_custom_post_class":"","_genesis_layout":""},"product_brand":[],"product_cat":[7224,7216],"product_tag":[],"class_list":{"0":"post-52259","1":"product","2":"type-product","3":"status-publish","4":"has-post-thumbnail","6":"product_cat-litterature-musique-en","7":"product_cat-music-en","8":"pa_auteur-dumeaux-maria-odila-en","9":"pa_editeur-letras-doc-en","10":"pa_langue-occitan-en","11":"pa_langue-occitan-lengadocian-en","12":"entry","14":"first","15":"instock","16":"shipping-taxable","17":"purchasable","18":"product-type-simple"},"acf":[],"_links":{"self":[{"href":"https:\/\/www.libraria-occitana.org\/en\/wp-json\/wp\/v2\/product\/52259","targetHints":{"allow":["GET"]}}],"collection":[{"href":"https:\/\/www.libraria-occitana.org\/en\/wp-json\/wp\/v2\/product"}],"about":[{"href":"https:\/\/www.libraria-occitana.org\/en\/wp-json\/wp\/v2\/types\/product"}],"wp:featuredmedia":[{"embeddable":true,"href":"https:\/\/www.libraria-occitana.org\/en\/wp-json\/wp\/v2\/media\/52262"}],"wp:attachment":[{"href":"https:\/\/www.libraria-occitana.org\/en\/wp-json\/wp\/v2\/media?parent=52259"}],"wp:term":[{"taxonomy":"product_brand","embeddable":true,"href":"https:\/\/www.libraria-occitana.org\/en\/wp-json\/wp\/v2\/product_brand?post=52259"},{"taxonomy":"product_cat","embeddable":true,"href":"https:\/\/www.libraria-occitana.org\/en\/wp-json\/wp\/v2\/product_cat?post=52259"},{"taxonomy":"product_tag","embeddable":true,"href":"https:\/\/www.libraria-occitana.org\/en\/wp-json\/wp\/v2\/product_tag?post=52259"}],"curies":[{"name":"wp","href":"https:\/\/api.w.org\/{rel}","templated":true}]}}