{"id":52450,"date":"2020-09-11T17:00:58","date_gmt":"2020-09-11T15:00:58","guid":{"rendered":"http:\/\/www.libraria-occitana.org\/product\/a-nostre-biais-apprendre-loccitan-vivaro-alpin\/"},"modified":"2026-04-26T21:26:06","modified_gmt":"2026-04-26T19:26:06","slug":"a-nostre-biais-apprendre-loccitan-vivaro-alpin","status":"publish","type":"product","link":"https:\/\/www.libraria-occitana.org\/en\/product\/a-nostre-biais-apprendre-loccitan-vivaro-alpin\/","title":{"rendered":"A n\u00f2stre biais : Apprendre l&#8217;Occitan vivaro-alpin"},"content":{"rendered":"<p>L&#8217;occitan, langue romane tr\u00e8s proche du catalan, recouvre 32 d\u00e9partements fran\u00e7ais et 7 vall\u00e9es pi\u00e9montaises (Italie).<br \/>\nLes linguistes d\u00e9finissent 7 grands dialectes (pour autant il y a intercompr\u00e9hension entre les diff\u00e9rents locuteurs).<br \/>\nCette m\u00e9thode concerne l&#8217;occitan vivaro-alpin qui couvre les Alpes du sud, l&#8217;Ard\u00e8che, la Drome et trois vall\u00e9es pi\u00e9montaises.<br \/>\nC&#8217;est une m\u00e9thode classique qui comprend le\u00e7ons, prononciation, vocabulaire, grammaire et syntaxe.<br \/>\nDes exercices sont aussi propos\u00e9s pour v\u00e9rifier l&#8217;acquisition des apprentissages.<\/p>\n<p>Les enregistrements des textes des le\u00e7ons peuvent \u00eatre t\u00e9l\u00e9charg\u00e9s en ligne.<\/p>\n<p>Avec la collaboration de Jacques Jaussaud, Philippe Martel, \u00c9liane Tourtet.<\/p>\n","protected":false},"excerpt":{"rendered":"<p>L&#8217;occitan, langue romane tr\u00e8s proche du catalan, recouvre 32 d\u00e9partements fran\u00e7ais et 7 vall\u00e9es pi\u00e9montaises (Italie). Les linguistes d\u00e9finissent 7 grands dialectes (pour autant il y a intercompr\u00e9hension entre les diff\u00e9rents locuteurs). Cette m\u00e9thode concerne l&#8217;occitan vivaro-alpin qui couvre les Alpes du sud, l&#8217;Ard\u00e8che, la Drome et trois vall\u00e9es pi\u00e9montaises. C&#8217;est une m\u00e9thode classique qui [&hellip;]<\/p>\n","protected":false},"featured_media":52448,"template":"","meta":{"_acf_changed":false,"_genesis_hide_title":false,"_genesis_hide_breadcrumbs":false,"_genesis_hide_singular_image":false,"_genesis_hide_footer_widgets":false,"_genesis_custom_body_class":"","_genesis_custom_post_class":"","_genesis_layout":""},"product_brand":[],"product_cat":[7132,7142,7136],"product_tag":[],"class_list":{"0":"post-52450","1":"product","2":"type-product","3":"status-publish","4":"has-post-thumbnail","6":"product_cat-books","7":"product_cat-course-books-en","8":"product_cat-dictionaries-language-educational-en","9":"pa_auteur-ligozat-gerard-en","10":"pa_editeur-yoran-embanner-en","11":"pa_illustrateur-budillon-jean-paul-en","12":"pa_langue-occitan-vivaroaupenc-en","13":"pa_langue-occitan-francais-en","14":"entry","16":"first","17":"outofstock","18":"shipping-taxable","19":"purchasable","20":"product-type-simple"},"acf":[],"_links":{"self":[{"href":"https:\/\/www.libraria-occitana.org\/en\/wp-json\/wp\/v2\/product\/52450","targetHints":{"allow":["GET"]}}],"collection":[{"href":"https:\/\/www.libraria-occitana.org\/en\/wp-json\/wp\/v2\/product"}],"about":[{"href":"https:\/\/www.libraria-occitana.org\/en\/wp-json\/wp\/v2\/types\/product"}],"wp:featuredmedia":[{"embeddable":true,"href":"https:\/\/www.libraria-occitana.org\/en\/wp-json\/wp\/v2\/media\/52448"}],"wp:attachment":[{"href":"https:\/\/www.libraria-occitana.org\/en\/wp-json\/wp\/v2\/media?parent=52450"}],"wp:term":[{"taxonomy":"product_brand","embeddable":true,"href":"https:\/\/www.libraria-occitana.org\/en\/wp-json\/wp\/v2\/product_brand?post=52450"},{"taxonomy":"product_cat","embeddable":true,"href":"https:\/\/www.libraria-occitana.org\/en\/wp-json\/wp\/v2\/product_cat?post=52450"},{"taxonomy":"product_tag","embeddable":true,"href":"https:\/\/www.libraria-occitana.org\/en\/wp-json\/wp\/v2\/product_tag?post=52450"}],"curies":[{"name":"wp","href":"https:\/\/api.w.org\/{rel}","templated":true}]}}