{"id":52601,"date":"2020-10-02T19:51:20","date_gmt":"2020-10-02T17:51:20","guid":{"rendered":"http:\/\/www.libraria-occitana.org\/?post_type=product&#038;p=52601"},"modified":"2026-04-29T02:26:07","modified_gmt":"2026-04-29T00:26:07","slug":"sega-de-segre-per-un-paisan-quatorze-saumes","status":"publish","type":"product","link":"https:\/\/www.libraria-occitana.org\/en\/product\/sega-de-segre-per-un-paisan-quatorze-saumes\/","title":{"rendered":"Sega de segre per un paisan &#8211; Quat\u00f2rze saumes"},"content":{"rendered":"<p>Quatorze po\u00e8mes de Marcelle Delpastre mis en voix, dont le long po\u00e8me Sega de segre per un paisan par Jan dau Melhau et Bernat Combi.<\/p>\n<p><strong>Titres :<\/strong><br \/>\n1. La jarba (<a href=\"http:\/\/www.libraria-occitana.org\/produit\/saumes-pagans-psaumes-paiens\/\">Saumes pagans<\/a> p. 141)<br \/>\n2. Sega de segre per un paisan (<a href=\"http:\/\/www.libraria-occitana.org\/produit\/duna-lenga-lautra\/\">D&#8217;una lenga l&#8217;autra<\/a>)<br \/>\n3. Ma terra (<a href=\"http:\/\/www.libraria-occitana.org\/produit\/paraulas-per-questa-terra-paroles-pour-cette-terre-i\/\">Paraulas per questa terra I<\/a> p. 157)<br \/>\n4. Lo perfum de la terra (<a href=\"http:\/\/www.libraria-occitana.org\/produit\/paraulas-per-questa-terra-paroles-pour-cette-terre-iii\/\">Paraulas per questa terra III<\/a> p. 69)<br \/>\n5. Lo c\u00f2r de la terra (Paraulas per questa terra I p. 11)<br \/>\n6. La terra que monta (Paraulas per questa terra III p. 119)<br \/>\n7. Terra (<a href=\"http:\/\/www.libraria-occitana.org\/produit\/paraulas-per-questa-terra-paroles-pour-cette-terre-ii\/\">Paraulas per questa terra II<\/a> p. 69)<br \/>\n8. Lo chant de la terra (Paraulas per questa terra II p. 85)<br \/>\n9. Terra (Saumes pagans p. 139)<br \/>\n10. La terra vielha (Paraulas per questa terra II p. 83)<br \/>\n11. La terra negra (Paraulas per questa terra III p. 105)<br \/>\n12. La terra (Paraulas per questa terra III p. 83)<br \/>\n13. Terra n\u00f2stra (<a href=\"http:\/\/www.libraria-occitana.org\/produit\/paraulas-per-questa-terra-paroles-pour-cette-terre-iv\/\">Paraulas per questa terra IV<\/a> p. 29)<br \/>\ne La prima rai\u00e7 (<a href=\"http:\/\/www.libraria-occitana.org\/produit\/paraulas-per-questa-terra-paroles-pour-cette-terre-v\/\">Paraulas per questa terra V<\/a> p. 77)<br \/>\n14. La terra (Paraulas per questa terra IV p. 71)<\/p>\n","protected":false},"excerpt":{"rendered":"<p>Quatorze po\u00e8mes de Marcelle Delpastre mis en voix, dont le long po\u00e8me Sega de segre per un paisan par Jan dau Melhau et Bernat Combi. Titres : 1. La jarba (Saumes pagans p. 141) 2. Sega de segre per un paisan (D&#8217;una lenga l&#8217;autra) 3. Ma terra (Paraulas per questa terra I p. 157) 4. [&hellip;]<\/p>\n","protected":false},"featured_media":52604,"template":"","meta":{"_acf_changed":false,"_genesis_hide_title":false,"_genesis_hide_breadcrumbs":false,"_genesis_hide_singular_image":false,"_genesis_hide_footer_widgets":false,"_genesis_custom_body_class":"","_genesis_custom_post_class":"","_genesis_layout":""},"product_brand":[],"product_cat":[7224,7216],"product_tag":[],"class_list":{"0":"post-52601","1":"product","2":"type-product","3":"status-publish","4":"has-post-thumbnail","6":"product_cat-litterature-musique-en","7":"product_cat-music-en","8":"pa_auteur-delpastre-marcela-en","9":"pa_editeur-lo-chamin-de-sent-jaume-en","10":"pa_langue-occitan-en","11":"pa_langue-occitan-lemosin-en","12":"entry","14":"first","15":"instock","16":"shipping-taxable","17":"purchasable","18":"product-type-simple"},"acf":[],"_links":{"self":[{"href":"https:\/\/www.libraria-occitana.org\/en\/wp-json\/wp\/v2\/product\/52601","targetHints":{"allow":["GET"]}}],"collection":[{"href":"https:\/\/www.libraria-occitana.org\/en\/wp-json\/wp\/v2\/product"}],"about":[{"href":"https:\/\/www.libraria-occitana.org\/en\/wp-json\/wp\/v2\/types\/product"}],"wp:featuredmedia":[{"embeddable":true,"href":"https:\/\/www.libraria-occitana.org\/en\/wp-json\/wp\/v2\/media\/52604"}],"wp:attachment":[{"href":"https:\/\/www.libraria-occitana.org\/en\/wp-json\/wp\/v2\/media?parent=52601"}],"wp:term":[{"taxonomy":"product_brand","embeddable":true,"href":"https:\/\/www.libraria-occitana.org\/en\/wp-json\/wp\/v2\/product_brand?post=52601"},{"taxonomy":"product_cat","embeddable":true,"href":"https:\/\/www.libraria-occitana.org\/en\/wp-json\/wp\/v2\/product_cat?post=52601"},{"taxonomy":"product_tag","embeddable":true,"href":"https:\/\/www.libraria-occitana.org\/en\/wp-json\/wp\/v2\/product_tag?post=52601"}],"curies":[{"name":"wp","href":"https:\/\/api.w.org\/{rel}","templated":true}]}}