{"id":52704,"date":"2018-04-23T13:33:29","date_gmt":"2018-04-23T11:33:29","guid":{"rendered":"http:\/\/www.libraria-occitana.org\/?post_type=product&#038;p=52704"},"modified":"2026-04-29T10:49:21","modified_gmt":"2026-04-29T08:49:21","slug":"lo-men-conilh-patata","status":"publish","type":"product","link":"https:\/\/www.libraria-occitana.org\/en\/product\/lo-men-conilh-patata\/","title":{"rendered":"Lo men conilh Patata"},"content":{"rendered":"<p>La dr\u00f4le de rencontre entre un lapin nain pas tout \u00e0 fait comme les autres et son petit ma\u00eetre. Un album pour apprendre \u00e0 g\u00e9rer ses \u00e9motions.<\/p>\n<p>\u00c0 partir de 6 ans.<\/p>\n","protected":false},"excerpt":{"rendered":"<p>La dr\u00f4le de rencontre entre un lapin nain pas tout \u00e0 fait comme les autres et son petit ma\u00eetre. Un album pour apprendre \u00e0 g\u00e9rer ses \u00e9motions. \u00c0 partir de 6 ans.<\/p>\n","protected":false},"featured_media":52710,"template":"","meta":{"_acf_changed":false,"_genesis_hide_title":false,"_genesis_hide_breadcrumbs":false,"_genesis_hide_singular_image":false,"_genesis_hide_footer_widgets":false,"_genesis_custom_body_class":"","_genesis_custom_post_class":"","_genesis_layout":""},"product_brand":[],"product_cat":[7132,7170,7164],"product_tag":[],"class_list":{"0":"post-52704","1":"product","2":"type-product","3":"status-publish","4":"has-post-thumbnail","6":"product_cat-books","7":"product_cat-juvenile-en","8":"product_cat-juvenile-and-teen-comics-humour-en","9":"pa_auteur-roussey-christine-en","10":"pa_editeur-per-noste-en","11":"pa_illustrateur-drouin-gautier-en","12":"pa_langue-occitan-en","13":"pa_langue-occitan-gascon-en","14":"entry","16":"first","17":"outofstock","18":"shipping-taxable","19":"purchasable","20":"product-type-simple"},"acf":[],"_links":{"self":[{"href":"https:\/\/www.libraria-occitana.org\/en\/wp-json\/wp\/v2\/product\/52704","targetHints":{"allow":["GET"]}}],"collection":[{"href":"https:\/\/www.libraria-occitana.org\/en\/wp-json\/wp\/v2\/product"}],"about":[{"href":"https:\/\/www.libraria-occitana.org\/en\/wp-json\/wp\/v2\/types\/product"}],"wp:featuredmedia":[{"embeddable":true,"href":"https:\/\/www.libraria-occitana.org\/en\/wp-json\/wp\/v2\/media\/52710"}],"wp:attachment":[{"href":"https:\/\/www.libraria-occitana.org\/en\/wp-json\/wp\/v2\/media?parent=52704"}],"wp:term":[{"taxonomy":"product_brand","embeddable":true,"href":"https:\/\/www.libraria-occitana.org\/en\/wp-json\/wp\/v2\/product_brand?post=52704"},{"taxonomy":"product_cat","embeddable":true,"href":"https:\/\/www.libraria-occitana.org\/en\/wp-json\/wp\/v2\/product_cat?post=52704"},{"taxonomy":"product_tag","embeddable":true,"href":"https:\/\/www.libraria-occitana.org\/en\/wp-json\/wp\/v2\/product_tag?post=52704"}],"curies":[{"name":"wp","href":"https:\/\/api.w.org\/{rel}","templated":true}]}}