{"id":52725,"date":"2020-10-23T13:56:18","date_gmt":"2020-10-23T11:56:18","guid":{"rendered":"http:\/\/www.libraria-occitana.org\/product\/dab-avajon-la-marmota-que-he-rampeu-a-livern\/"},"modified":"2026-04-29T10:49:56","modified_gmt":"2026-04-29T08:49:56","slug":"dab-avajon-la-marmota-que-he-rampeu-a-livern","status":"publish","type":"product","link":"https:\/\/www.libraria-occitana.org\/en\/product\/dab-avajon-la-marmota-que-he-rampeu-a-livern\/","title":{"rendered":"Dab Avajon la marm\u00f2ta que h\u00e8 ramp\u00e8u a l&#8217;iv\u00e8rn"},"content":{"rendered":"<p>Que se passe-t-il vraiment l\u2019hiver quand Avajon et sa famille hibernent ?<br \/>\nQue font les autres animaux ? Ont-ils froid ? Que mangent-ils ?<br \/>\nVous allez le d\u00e9couvrir dans cet album un peu diff\u00e9rent\u2026<\/p>\n","protected":false},"excerpt":{"rendered":"<p>Que se passe-t-il vraiment l\u2019hiver quand Avajon et sa famille hibernent ? Que font les autres animaux ? Ont-ils froid ? Que mangent-ils ? Vous allez le d\u00e9couvrir dans cet album un peu diff\u00e9rent\u2026<\/p>\n","protected":false},"featured_media":52722,"template":"","meta":{"_acf_changed":false,"_genesis_hide_title":false,"_genesis_hide_breadcrumbs":false,"_genesis_hide_singular_image":false,"_genesis_hide_footer_widgets":false,"_genesis_custom_body_class":"","_genesis_custom_post_class":"","_genesis_layout":""},"product_brand":[],"product_cat":[7132,7170,7164],"product_tag":[],"class_list":{"0":"post-52725","1":"product","2":"type-product","3":"status-publish","4":"has-post-thumbnail","6":"product_cat-books","7":"product_cat-juvenile-en","8":"product_cat-juvenile-and-teen-comics-humour-en","9":"pa_auteur-bubol-en","10":"pa_auteur-jessic-raphaelle-en","11":"pa_editeur-per-noste-en","12":"pa_illustrateur-labandes-claudia-en","13":"pa_langue-occitan-en","14":"pa_langue-occitan-gascon-en","15":"entry","17":"first","18":"instock","19":"shipping-taxable","20":"purchasable","21":"product-type-simple"},"acf":[],"_links":{"self":[{"href":"https:\/\/www.libraria-occitana.org\/en\/wp-json\/wp\/v2\/product\/52725","targetHints":{"allow":["GET"]}}],"collection":[{"href":"https:\/\/www.libraria-occitana.org\/en\/wp-json\/wp\/v2\/product"}],"about":[{"href":"https:\/\/www.libraria-occitana.org\/en\/wp-json\/wp\/v2\/types\/product"}],"wp:featuredmedia":[{"embeddable":true,"href":"https:\/\/www.libraria-occitana.org\/en\/wp-json\/wp\/v2\/media\/52722"}],"wp:attachment":[{"href":"https:\/\/www.libraria-occitana.org\/en\/wp-json\/wp\/v2\/media?parent=52725"}],"wp:term":[{"taxonomy":"product_brand","embeddable":true,"href":"https:\/\/www.libraria-occitana.org\/en\/wp-json\/wp\/v2\/product_brand?post=52725"},{"taxonomy":"product_cat","embeddable":true,"href":"https:\/\/www.libraria-occitana.org\/en\/wp-json\/wp\/v2\/product_cat?post=52725"},{"taxonomy":"product_tag","embeddable":true,"href":"https:\/\/www.libraria-occitana.org\/en\/wp-json\/wp\/v2\/product_tag?post=52725"}],"curies":[{"name":"wp","href":"https:\/\/api.w.org\/{rel}","templated":true}]}}