{"id":52732,"date":"2020-10-23T14:11:24","date_gmt":"2020-10-23T12:11:24","guid":{"rendered":"http:\/\/www.libraria-occitana.org\/product\/pilula-roja\/"},"modified":"2026-04-29T10:49:48","modified_gmt":"2026-04-29T08:49:48","slug":"pilula-roja","status":"publish","type":"product","link":"https:\/\/www.libraria-occitana.org\/en\/product\/pilula-roja\/","title":{"rendered":"Pilula roja"},"content":{"rendered":"<p>\u00ab Par cons\u00e9quent, bien qu\u2019il e\u00fbt contribu\u00e9 \u2013 ou peut-\u00eatre du fait d\u2019avoir contribu\u00e9 \u2013 par ses recherches \u00e0 d\u00e9velopper la th\u00e9orie de la gravitation quantique d\u2019anneaux, pr\u00e9sent\u00e9e de plus en plus comme une rivale s\u00e9rieuse \u00e0 la th\u00e9orie des cordes pour unifier la relativit\u00e9 g\u00e9n\u00e9rale et les concepts de physique quantique, Matthew avait senti, soup\u00e7onn\u00e9 ou compris \u2013 je ne sais quel mot convient le mieux \u2013 que les deux th\u00e9ories, sp\u00e9culatives au plus haut point, ne pouvaient mener nulle part. Et la conscience aigu\u00eb, douloureuse, de cet \u00e9chec de l\u2019esprit humain le laissa, \u00e0 lui qui avait d\u00e9di\u00e9 sa jeune vie \u00e0 d\u00e9couvrir les secrets de la mati\u00e8re, comme an\u00e9anti. \u00bb<\/p>\n<p>Et si pr\u00e9cis\u00e9ment il valait mieux ne pas savoir ce qui se cache derri\u00e8re l\u2019apparence des choses ? Ne serait-il pas plus avis\u00e9 de refuser de prendre la pilule rouge quand on nous l\u2019offre ? \u00c0 chacun de d\u00e9cider. Une chose est s\u00fbre : c\u2019est un aller sans retour.<\/p>\n","protected":false},"excerpt":{"rendered":"<p>\u00ab Par cons\u00e9quent, bien qu\u2019il e\u00fbt contribu\u00e9 \u2013 ou peut-\u00eatre du fait d\u2019avoir contribu\u00e9 \u2013 par ses recherches \u00e0 d\u00e9velopper la th\u00e9orie de la gravitation quantique d\u2019anneaux, pr\u00e9sent\u00e9e de plus en plus comme une rivale s\u00e9rieuse \u00e0 la th\u00e9orie des cordes pour unifier la relativit\u00e9 g\u00e9n\u00e9rale et les concepts de physique quantique, Matthew avait senti, [&hellip;]<\/p>\n","protected":false},"featured_media":52707,"template":"","meta":{"_acf_changed":false,"_genesis_hide_title":false,"_genesis_hide_breadcrumbs":false,"_genesis_hide_singular_image":false,"_genesis_hide_footer_widgets":false,"_genesis_custom_body_class":"","_genesis_custom_post_class":"","_genesis_layout":""},"product_brand":[],"product_cat":[7132,7174,7182],"product_tag":[],"class_list":{"0":"post-52732","1":"product","2":"type-product","3":"status-publish","4":"has-post-thumbnail","6":"product_cat-books","7":"product_cat-literature-en","8":"product_cat-novels-short-stories-en","9":"pa_auteur-biu-felip-en","10":"pa_editeur-per-noste-en","11":"pa_langue-occitan-en","12":"pa_langue-occitan-gascon-en","13":"entry","15":"first","16":"outofstock","17":"shipping-taxable","18":"purchasable","19":"product-type-simple"},"acf":[],"_links":{"self":[{"href":"https:\/\/www.libraria-occitana.org\/en\/wp-json\/wp\/v2\/product\/52732","targetHints":{"allow":["GET"]}}],"collection":[{"href":"https:\/\/www.libraria-occitana.org\/en\/wp-json\/wp\/v2\/product"}],"about":[{"href":"https:\/\/www.libraria-occitana.org\/en\/wp-json\/wp\/v2\/types\/product"}],"wp:featuredmedia":[{"embeddable":true,"href":"https:\/\/www.libraria-occitana.org\/en\/wp-json\/wp\/v2\/media\/52707"}],"wp:attachment":[{"href":"https:\/\/www.libraria-occitana.org\/en\/wp-json\/wp\/v2\/media?parent=52732"}],"wp:term":[{"taxonomy":"product_brand","embeddable":true,"href":"https:\/\/www.libraria-occitana.org\/en\/wp-json\/wp\/v2\/product_brand?post=52732"},{"taxonomy":"product_cat","embeddable":true,"href":"https:\/\/www.libraria-occitana.org\/en\/wp-json\/wp\/v2\/product_cat?post=52732"},{"taxonomy":"product_tag","embeddable":true,"href":"https:\/\/www.libraria-occitana.org\/en\/wp-json\/wp\/v2\/product_tag?post=52732"}],"curies":[{"name":"wp","href":"https:\/\/api.w.org\/{rel}","templated":true}]}}