{"id":52735,"date":"2020-10-23T14:19:23","date_gmt":"2020-10-23T12:19:23","guid":{"rendered":"http:\/\/www.libraria-occitana.org\/product\/refugi\/"},"modified":"2026-04-25T23:41:21","modified_gmt":"2026-04-25T21:41:21","slug":"refugi","status":"publish","type":"product","link":"https:\/\/www.libraria-occitana.org\/en\/product\/refugi\/","title":{"rendered":"Refugi"},"content":{"rendered":"<p>Une nouvelle \u00e9l\u00e8ve est arriv\u00e9e \u00e0 l\u2019\u00e9cole de Joaneta.<br \/>\nElle s\u2019appelle Iliana, elle est r\u00e9fugi\u00e9e. Les deux petites s\u2019apprivoisent autour de leur passion commune, l\u2019astronomie.<br \/>\nElles dessinent des r\u00eaves et des \u00e9toiles, elles parlent de science et de migration, elles mangent des petits g\u00e2teaux, bien \u00e0 l\u2019abri dans une cabane au beau milieu d\u2019un arbre.<\/p>\n","protected":false},"excerpt":{"rendered":"<p>Une nouvelle \u00e9l\u00e8ve est arriv\u00e9e \u00e0 l\u2019\u00e9cole de Joaneta. Elle s\u2019appelle Iliana, elle est r\u00e9fugi\u00e9e. Les deux petites s\u2019apprivoisent autour de leur passion commune, l\u2019astronomie. Elles dessinent des r\u00eaves et des \u00e9toiles, elles parlent de science et de migration, elles mangent des petits g\u00e2teaux, bien \u00e0 l\u2019abri dans une cabane au beau milieu d\u2019un arbre.<\/p>\n","protected":false},"featured_media":52719,"template":"","meta":{"_acf_changed":false,"_genesis_hide_title":false,"_genesis_hide_breadcrumbs":false,"_genesis_hide_singular_image":false,"_genesis_hide_footer_widgets":false,"_genesis_custom_body_class":"","_genesis_custom_post_class":"","_genesis_layout":""},"product_brand":[],"product_cat":[7132,7170,7164],"product_tag":[],"class_list":{"0":"post-52735","1":"product","2":"type-product","3":"status-publish","4":"has-post-thumbnail","6":"product_cat-books","7":"product_cat-juvenile-en","8":"product_cat-juvenile-and-teen-comics-humour-en","9":"pa_auteur-le-guen-sandra-en","10":"pa_auteur-nicolet-stephane-en","11":"pa_editeur-per-noste-en","12":"pa_illustrateur-labandes-claudia-en","13":"pa_langue-occitan-en","14":"pa_langue-occitan-gascon-en","15":"entry","17":"first","18":"instock","19":"shipping-taxable","20":"purchasable","21":"product-type-simple"},"acf":[],"_links":{"self":[{"href":"https:\/\/www.libraria-occitana.org\/en\/wp-json\/wp\/v2\/product\/52735","targetHints":{"allow":["GET"]}}],"collection":[{"href":"https:\/\/www.libraria-occitana.org\/en\/wp-json\/wp\/v2\/product"}],"about":[{"href":"https:\/\/www.libraria-occitana.org\/en\/wp-json\/wp\/v2\/types\/product"}],"wp:featuredmedia":[{"embeddable":true,"href":"https:\/\/www.libraria-occitana.org\/en\/wp-json\/wp\/v2\/media\/52719"}],"wp:attachment":[{"href":"https:\/\/www.libraria-occitana.org\/en\/wp-json\/wp\/v2\/media?parent=52735"}],"wp:term":[{"taxonomy":"product_brand","embeddable":true,"href":"https:\/\/www.libraria-occitana.org\/en\/wp-json\/wp\/v2\/product_brand?post=52735"},{"taxonomy":"product_cat","embeddable":true,"href":"https:\/\/www.libraria-occitana.org\/en\/wp-json\/wp\/v2\/product_cat?post=52735"},{"taxonomy":"product_tag","embeddable":true,"href":"https:\/\/www.libraria-occitana.org\/en\/wp-json\/wp\/v2\/product_tag?post=52735"}],"curies":[{"name":"wp","href":"https:\/\/api.w.org\/{rel}","templated":true}]}}