{"id":52774,"date":"2020-10-29T12:18:22","date_gmt":"2020-10-29T11:18:22","guid":{"rendered":"http:\/\/www.libraria-occitana.org\/product\/contes-de-la-val-de-la-boneta-contes-de-la-vallee-de-la-bonnette-libre-cd\/"},"modified":"2026-04-29T10:19:37","modified_gmt":"2026-04-29T08:19:37","slug":"contes-de-la-val-de-la-boneta-contes-de-la-vallee-de-la-bonnette-libre-cd","status":"publish","type":"product","link":"https:\/\/www.libraria-occitana.org\/en\/product\/contes-de-la-val-de-la-boneta-contes-de-la-vallee-de-la-bonnette-libre-cd\/","title":{"rendered":"Contes de la val de la Boneta &#8211; Contes de la vall\u00e9e de la Bonnette (libre + CD)"},"content":{"rendered":"<p>Recueillis par des \u00e9coliers au d\u00e9but du XXe si\u00e8cle entre Quercy et Rouergue, ces contes populaires occitans ont gard\u00e9 la fra\u00eecheur et la spontan\u00e9it\u00e9 du temps de leur collecte.<\/p>\n<p>Toute une galerie de personnages s\u2019y pr\u00e9sente au lecteur : le Roi des Oiseaux, le Loup, le Renard et la Perdrix, le rus\u00e9 Polichinelle aux prises avec Rapatou (alias le Diable), le Drac, des nigauds incorrigibles et de fins imb\u00e9ciles, des cur\u00e9s cr\u00e9dules ou cette petite ni\u00e8ce, sans piti\u00e9 pour la vieillesse, en qu\u00eate de son galant meneur de loups, dans la nuit fantastique des Quatre-Temps\u2026<\/p>\n<p>L\u2019ouvrage est accompagn\u00e9 de l\u2019enregistrement int\u00e9gral de l\u2019ensemble des contes par Muriel Verni\u00e8res.<\/p>\n","protected":false},"excerpt":{"rendered":"<p>Recueillis par des \u00e9coliers au d\u00e9but du XXe si\u00e8cle entre Quercy et Rouergue, ces contes populaires occitans ont gard\u00e9 la fra\u00eecheur et la spontan\u00e9it\u00e9 du temps de leur collecte. Toute une galerie de personnages s\u2019y pr\u00e9sente au lecteur : le Roi des Oiseaux, le Loup, le Renard et la Perdrix, le rus\u00e9 Polichinelle aux prises [&hellip;]<\/p>\n","protected":false},"featured_media":52769,"template":"","meta":{"_acf_changed":false,"_genesis_hide_title":false,"_genesis_hide_breadcrumbs":false,"_genesis_hide_singular_image":false,"_genesis_hide_footer_widgets":false,"_genesis_custom_body_class":"","_genesis_custom_post_class":"","_genesis_layout":""},"product_brand":[],"product_cat":[7132,7174,7176],"product_tag":[],"class_list":{"0":"post-52774","1":"product","2":"type-product","3":"status-publish","4":"has-post-thumbnail","6":"product_cat-books","7":"product_cat-literature-en","8":"product_cat-tales-fables-en","9":"pa_auteur-collectiu-en-2","10":"pa_editeur-letras-doc-en","11":"pa_illustrateur-vernieres-muriel-en","12":"pa_langue-occitan-lengadocian-en","13":"pa_langue-occitan-francais-en","14":"entry","16":"first","17":"instock","18":"shipping-taxable","19":"purchasable","20":"product-type-simple"},"acf":[],"_links":{"self":[{"href":"https:\/\/www.libraria-occitana.org\/en\/wp-json\/wp\/v2\/product\/52774","targetHints":{"allow":["GET"]}}],"collection":[{"href":"https:\/\/www.libraria-occitana.org\/en\/wp-json\/wp\/v2\/product"}],"about":[{"href":"https:\/\/www.libraria-occitana.org\/en\/wp-json\/wp\/v2\/types\/product"}],"wp:featuredmedia":[{"embeddable":true,"href":"https:\/\/www.libraria-occitana.org\/en\/wp-json\/wp\/v2\/media\/52769"}],"wp:attachment":[{"href":"https:\/\/www.libraria-occitana.org\/en\/wp-json\/wp\/v2\/media?parent=52774"}],"wp:term":[{"taxonomy":"product_brand","embeddable":true,"href":"https:\/\/www.libraria-occitana.org\/en\/wp-json\/wp\/v2\/product_brand?post=52774"},{"taxonomy":"product_cat","embeddable":true,"href":"https:\/\/www.libraria-occitana.org\/en\/wp-json\/wp\/v2\/product_cat?post=52774"},{"taxonomy":"product_tag","embeddable":true,"href":"https:\/\/www.libraria-occitana.org\/en\/wp-json\/wp\/v2\/product_tag?post=52774"}],"curies":[{"name":"wp","href":"https:\/\/api.w.org\/{rel}","templated":true}]}}