{"id":52777,"date":"2020-10-29T12:33:40","date_gmt":"2020-10-29T11:33:40","guid":{"rendered":"http:\/\/www.libraria-occitana.org\/product\/los-sants-innocents\/"},"modified":"2026-04-29T10:19:42","modified_gmt":"2026-04-29T08:19:42","slug":"los-sants-innocents","status":"publish","type":"product","link":"https:\/\/www.libraria-occitana.org\/en\/product\/los-sants-innocents\/","title":{"rendered":"Los sants innocents"},"content":{"rendered":"<p>D\u2019une \u00e9criture vive, rythm\u00e9e, allant \u00e0 l\u2019essentiel, Miguel Delibes, grand romancier espagnol du XXe si\u00e8cle, nous donne ici un de ses chefs-d\u2019\u0153uvre : <em>Los sants innocents<\/em>.<\/p>\n<p>Dans la campagne d\u2019Extr\u00e9madure, au temps des grands domaines, les ma\u00eetres et les ouvriers agricoles vivent dans des mondes s\u00e9par\u00e9s. Les pauvres, attach\u00e9s \u00e0 la terre, restent soumis \u00e0 la volont\u00e9 de ma\u00eetres tout-puissants et aux durs travaux quotidiens.<br \/>\nMais, dans ce monde qui semble immuable, on peut aussi rencontrer des innocents, en contact \u00e9troit avec la nature environnante. Comme Azar\u00edas qui sait parler aux oiseaux et les apprivoise : un don \u00e9trange qui sera le n\u0153ud du drame final de ce r\u00e9cit r\u00e9aliste et po\u00e9tique.<\/p>\n<p>Traduit de l\u2019original espagnol par Serge Carles.<br \/>\nAvec un lexique occitan-fran\u00e7ais.<\/p>\n","protected":false},"excerpt":{"rendered":"<p>D\u2019une \u00e9criture vive, rythm\u00e9e, allant \u00e0 l\u2019essentiel, Miguel Delibes, grand romancier espagnol du XXe si\u00e8cle, nous donne ici un de ses chefs-d\u2019\u0153uvre : Los sants innocents. Dans la campagne d\u2019Extr\u00e9madure, au temps des grands domaines, les ma\u00eetres et les ouvriers agricoles vivent dans des mondes s\u00e9par\u00e9s. Les pauvres, attach\u00e9s \u00e0 la terre, restent soumis \u00e0 [&hellip;]<\/p>\n","protected":false},"featured_media":52772,"template":"","meta":{"_acf_changed":false,"_genesis_hide_title":false,"_genesis_hide_breadcrumbs":false,"_genesis_hide_singular_image":false,"_genesis_hide_footer_widgets":false,"_genesis_custom_body_class":"","_genesis_custom_post_class":"","_genesis_layout":""},"product_brand":[],"product_cat":[7132,7174,7182],"product_tag":[],"class_list":{"0":"post-52777","1":"product","2":"type-product","3":"status-publish","4":"has-post-thumbnail","6":"product_cat-books","7":"product_cat-literature-en","8":"product_cat-novels-short-stories-en","9":"pa_auteur-delibes-miguel-en","10":"pa_editeur-letras-doc-en","11":"pa_illustrateur-carles-sergi-2-en","12":"pa_langue-occitan-en","13":"pa_langue-occitan-lengadocian-en","14":"entry","16":"first","17":"instock","18":"shipping-taxable","19":"purchasable","20":"product-type-simple"},"acf":[],"_links":{"self":[{"href":"https:\/\/www.libraria-occitana.org\/en\/wp-json\/wp\/v2\/product\/52777","targetHints":{"allow":["GET"]}}],"collection":[{"href":"https:\/\/www.libraria-occitana.org\/en\/wp-json\/wp\/v2\/product"}],"about":[{"href":"https:\/\/www.libraria-occitana.org\/en\/wp-json\/wp\/v2\/types\/product"}],"wp:featuredmedia":[{"embeddable":true,"href":"https:\/\/www.libraria-occitana.org\/en\/wp-json\/wp\/v2\/media\/52772"}],"wp:attachment":[{"href":"https:\/\/www.libraria-occitana.org\/en\/wp-json\/wp\/v2\/media?parent=52777"}],"wp:term":[{"taxonomy":"product_brand","embeddable":true,"href":"https:\/\/www.libraria-occitana.org\/en\/wp-json\/wp\/v2\/product_brand?post=52777"},{"taxonomy":"product_cat","embeddable":true,"href":"https:\/\/www.libraria-occitana.org\/en\/wp-json\/wp\/v2\/product_cat?post=52777"},{"taxonomy":"product_tag","embeddable":true,"href":"https:\/\/www.libraria-occitana.org\/en\/wp-json\/wp\/v2\/product_tag?post=52777"}],"curies":[{"name":"wp","href":"https:\/\/api.w.org\/{rel}","templated":true}]}}