{"id":52844,"date":"2020-11-05T16:05:44","date_gmt":"2020-11-05T15:05:44","guid":{"rendered":"http:\/\/www.libraria-occitana.org\/?post_type=product&#038;p=52844"},"modified":"2026-04-03T00:36:53","modified_gmt":"2026-04-02T22:36:53","slug":"nouveau-dictionnaire-francais-limousin-graphies-limousine-et-occitane","status":"publish","type":"product","link":"https:\/\/www.libraria-occitana.org\/en\/product\/nouveau-dictionnaire-francais-limousin-graphies-limousine-et-occitane\/","title":{"rendered":"Nouveau dictionnaire fran\u00e7ais-limousin : Graphies limousine et occitane"},"content":{"rendered":"<p>Ce dictionnaire est graphi\u00e9 selon les r\u00e8gles d&#8217;\u00e9criture de l&#8217;auteur. \u00c0 chaque mot en fran\u00e7ais, correspondent plusieurs mots dans cette graphie et un en graphie normalis\u00e9e. L&#8217;ouvrage est agr\u00e9ment\u00e9 de commentaires \u00e0 caract\u00e8re ethnographique, sociologique ou ethnolinguistique.<\/p>\n<p>\u00ab La langue limousine, composante de la langue d&#8217;oc est, comme le fran\u00e7ais, une langue romane issue, pour l&#8217;essentiel, du latin et du gaulois, mais aussi de divers apports, au cours des premiers si\u00e8cles de notre histoire.<br \/>\nFran\u00e7ois 1er, en 1539, imposera le fran\u00e7ais (francien) \u00e0 tout le royaume, r\u00e9duisant les langues r\u00e9gionales \u00e0 l&#8217;\u00e9tat de \u00ab patois \u00bb, langues minoritaires mais porteuses des cultures vernaculaires, que les \u00ab patoisants \u00bb feront vivre jusqu&#8217;\u00e0 nos jours, surtout \u00e0 partir du XVIIIe si\u00e8cle.<br \/>\nAu milieu du XXe si\u00e8cle, des universitaires proposeront une r\u00e9forme graphique susceptible de s&#8217;adapter \u00e0 tous les dialectes d&#8217;oc et de favoriser un sentiment national dans une Occitanie unifi\u00e9e, et cr\u00e9eront l&#8217;Institut d&#8217;\u00c9tudes Occitanes (I.E.O.) devenu tr\u00e8s actif en Limousin.<br \/>\nCe nouveau dictionnaire rassemble, apr\u00e8s la pr\u00e9sentation des formes graphiques utilis\u00e9es, environ 7000 entr\u00e9es et 200 000 traductions en limousin, le \u00ab patois \u00bb, qui a recueilli le riche fonds de la culture r\u00e9gionale : vocabulaire, expressions originales, coutumes, faits historiques. Tout cela constitue l&#8217;identit\u00e9 limousine, menac\u00e9e mais toujours vivante, un riche patrimoine qui m\u00e9rite d&#8217;\u00eatre entretenu et valoris\u00e9. L&#8217;auteur utilise une graphie populaire, accessible \u00e0 tous les Limousins, limousinants ou non, et donne le plus souvent les \u00e9quivalents sous la forme occitane. \u00bb<\/p>\n<p style=\"text-align: right;\">Maurice Robert<\/p>\n","protected":false},"excerpt":{"rendered":"<p>Ce dictionnaire est graphi\u00e9 selon les r\u00e8gles d&#8217;\u00e9criture de l&#8217;auteur. \u00c0 chaque mot en fran\u00e7ais, correspondent plusieurs mots dans cette graphie et un en graphie normalis\u00e9e. L&#8217;ouvrage est agr\u00e9ment\u00e9 de commentaires \u00e0 caract\u00e8re ethnographique, sociologique ou ethnolinguistique. \u00ab La langue limousine, composante de la langue d&#8217;oc est, comme le fran\u00e7ais, une langue romane issue, pour [&hellip;]<\/p>\n","protected":false},"featured_media":52842,"template":"","meta":{"_acf_changed":false,"_genesis_hide_title":false,"_genesis_hide_breadcrumbs":false,"_genesis_hide_singular_image":false,"_genesis_hide_footer_widgets":false,"_genesis_custom_body_class":"","_genesis_custom_post_class":"","_genesis_layout":""},"product_brand":[],"product_cat":[7132,7136,7138],"product_tag":[],"class_list":{"0":"post-52844","1":"product","2":"type-product","3":"status-publish","4":"has-post-thumbnail","6":"product_cat-books","7":"product_cat-dictionaries-language-educational-en","8":"product_cat-dictionaries-grammars-en","9":"pa_auteur-robert-maurice-en","10":"pa_editeur-geste-en","11":"pa_langue-occitan-lemosin-en","12":"pa_langue-occitan-francais-en","13":"entry","15":"first","16":"instock","17":"shipping-taxable","18":"purchasable","19":"product-type-simple"},"acf":[],"_links":{"self":[{"href":"https:\/\/www.libraria-occitana.org\/en\/wp-json\/wp\/v2\/product\/52844","targetHints":{"allow":["GET"]}}],"collection":[{"href":"https:\/\/www.libraria-occitana.org\/en\/wp-json\/wp\/v2\/product"}],"about":[{"href":"https:\/\/www.libraria-occitana.org\/en\/wp-json\/wp\/v2\/types\/product"}],"wp:featuredmedia":[{"embeddable":true,"href":"https:\/\/www.libraria-occitana.org\/en\/wp-json\/wp\/v2\/media\/52842"}],"wp:attachment":[{"href":"https:\/\/www.libraria-occitana.org\/en\/wp-json\/wp\/v2\/media?parent=52844"}],"wp:term":[{"taxonomy":"product_brand","embeddable":true,"href":"https:\/\/www.libraria-occitana.org\/en\/wp-json\/wp\/v2\/product_brand?post=52844"},{"taxonomy":"product_cat","embeddable":true,"href":"https:\/\/www.libraria-occitana.org\/en\/wp-json\/wp\/v2\/product_cat?post=52844"},{"taxonomy":"product_tag","embeddable":true,"href":"https:\/\/www.libraria-occitana.org\/en\/wp-json\/wp\/v2\/product_tag?post=52844"}],"curies":[{"name":"wp","href":"https:\/\/api.w.org\/{rel}","templated":true}]}}