{"id":52881,"date":"2020-10-14T19:09:33","date_gmt":"2020-10-14T17:09:33","guid":{"rendered":"http:\/\/www.libraria-occitana.org\/product\/a-lecole-de-la-vie-precede-de-enfance-limousine\/"},"modified":"2026-04-25T06:51:24","modified_gmt":"2026-04-25T04:51:24","slug":"a-lecole-de-la-vie-precede-de-enfance-limousine","status":"publish","type":"product","link":"https:\/\/www.libraria-occitana.org\/en\/product\/a-lecole-de-la-vie-precede-de-enfance-limousine\/","title":{"rendered":"\u00c0 l&#8217;\u00e9cole de la vie, pr\u00e9c\u00e9d\u00e9 de Enfance limousine"},"content":{"rendered":"<p>Ren\u00e9 Bonnet, n\u00e9 \u00e0 Paris en 1905, passa son enfance chez ses grands-parents, en Corr\u00e8ze. <em>Enfance limousine<\/em> fait revivre ces ann\u00e9es heureuses. Puis il fut rappel\u00e9 \u00e0 Paris, par ses parents, qui le mirent en apprentissage dans l&#8217;entreprise de charpente o\u00f9 son p\u00e8re \u00e9tait man\u0153uvre, une exp\u00e9rience cont\u00e9e dans <em>\u00c0 l&#8217;\u00e9cole de la vie<\/em>. Un camarade lui fera lire des ouvrages d&#8217;Henry Poulaille dont il deviendra un ami tr\u00e8s proche. Il collaborera, apr\u00e8s la guerre de 39-45 aux <em>Cahiers du Peuple<\/em> de Michel Ragon et collaborera \u00e0 de nombreuses petites revues prol\u00e9tariennes. Comme son ami, Jean Prugnot, il n&#8217;avait aucune ambition sociale ou litt\u00e9raire, ses \u00e9crits resteront cependant, \u00e0 titre de documents bruts. Il mourut le 21 ao\u00fbt 1988 \u00e0 Paris.<\/p>\n","protected":false},"excerpt":{"rendered":"<p>Ren\u00e9 Bonnet, n\u00e9 \u00e0 Paris en 1905, passa son enfance chez ses grands-parents, en Corr\u00e8ze. Enfance limousine fait revivre ces ann\u00e9es heureuses. Puis il fut rappel\u00e9 \u00e0 Paris, par ses parents, qui le mirent en apprentissage dans l&#8217;entreprise de charpente o\u00f9 son p\u00e8re \u00e9tait man\u0153uvre, une exp\u00e9rience cont\u00e9e dans \u00c0 l&#8217;\u00e9cole de la vie. Un [&hellip;]<\/p>\n","protected":false},"featured_media":52643,"template":"","meta":{"_acf_changed":false,"_genesis_hide_title":false,"_genesis_hide_breadcrumbs":false,"_genesis_hide_singular_image":false,"_genesis_hide_footer_widgets":false,"_genesis_custom_body_class":"","_genesis_custom_post_class":"","_genesis_layout":""},"product_brand":[],"product_cat":[7132,7174,7186],"product_tag":[],"class_list":{"0":"post-52881","1":"product","2":"type-product","3":"status-publish","4":"has-post-thumbnail","6":"product_cat-books","7":"product_cat-literature-en","8":"product_cat-personal-narratives-memoirs-en","9":"pa_auteur-bonnet-rene-en","10":"pa_editeur-plein-chant-en","11":"pa_langue-francais-en","12":"entry","14":"first","15":"instock","16":"shipping-taxable","17":"purchasable","18":"product-type-simple"},"acf":[],"_links":{"self":[{"href":"https:\/\/www.libraria-occitana.org\/en\/wp-json\/wp\/v2\/product\/52881","targetHints":{"allow":["GET"]}}],"collection":[{"href":"https:\/\/www.libraria-occitana.org\/en\/wp-json\/wp\/v2\/product"}],"about":[{"href":"https:\/\/www.libraria-occitana.org\/en\/wp-json\/wp\/v2\/types\/product"}],"wp:featuredmedia":[{"embeddable":true,"href":"https:\/\/www.libraria-occitana.org\/en\/wp-json\/wp\/v2\/media\/52643"}],"wp:attachment":[{"href":"https:\/\/www.libraria-occitana.org\/en\/wp-json\/wp\/v2\/media?parent=52881"}],"wp:term":[{"taxonomy":"product_brand","embeddable":true,"href":"https:\/\/www.libraria-occitana.org\/en\/wp-json\/wp\/v2\/product_brand?post=52881"},{"taxonomy":"product_cat","embeddable":true,"href":"https:\/\/www.libraria-occitana.org\/en\/wp-json\/wp\/v2\/product_cat?post=52881"},{"taxonomy":"product_tag","embeddable":true,"href":"https:\/\/www.libraria-occitana.org\/en\/wp-json\/wp\/v2\/product_tag?post=52881"}],"curies":[{"name":"wp","href":"https:\/\/api.w.org\/{rel}","templated":true}]}}