{"id":52898,"date":"2020-11-13T11:46:49","date_gmt":"2020-11-13T10:46:49","guid":{"rendered":"http:\/\/www.libraria-occitana.org\/?post_type=product&#038;p=52898"},"modified":"2026-04-29T02:21:47","modified_gmt":"2026-04-29T00:21:47","slug":"lo-cocotin-de-largfuelh-la-petite-baie-du-houx-et-le-dernier-poeme-sans-titre-et-inacheve","status":"publish","type":"product","link":"https:\/\/www.libraria-occitana.org\/en\/product\/lo-cocotin-de-largfuelh-la-petite-baie-du-houx-et-le-dernier-poeme-sans-titre-et-inacheve\/","title":{"rendered":"Lo cocotin de l&#8217;argfuelh &#8211; La petite baie du houx, et le dernier po\u00e8me, sans titre et inachev\u00e9"},"content":{"rendered":"<p>Ces textes, dits par Bernat Combi, ont \u00e9t\u00e9 \u00e9dit\u00e9s dans le volume intitul\u00e9 <a href=\"http:\/\/www.libraria-occitana.org\/produit\/duna-lenga-lautra\/\"><em>D&#8217;una lenga l&#8217;autra<\/em><\/a> par Lo chamin de sent Jaume.<\/p>\n","protected":false},"excerpt":{"rendered":"<p>Ces textes, dits par Bernat Combi, ont \u00e9t\u00e9 \u00e9dit\u00e9s dans le volume intitul\u00e9 D&#8217;una lenga l&#8217;autra par Lo chamin de sent Jaume.<\/p>\n","protected":false},"featured_media":52907,"template":"","meta":{"_acf_changed":false,"_genesis_hide_title":false,"_genesis_hide_breadcrumbs":false,"_genesis_hide_singular_image":false,"_genesis_hide_footer_widgets":false,"_genesis_custom_body_class":"","_genesis_custom_post_class":"","_genesis_layout":""},"product_brand":[],"product_cat":[7224,7216],"product_tag":[],"class_list":{"0":"post-52898","1":"product","2":"type-product","3":"status-publish","4":"has-post-thumbnail","6":"product_cat-litterature-musique-en","7":"product_cat-music-en","8":"pa_auteur-delpastre-marcela-en","9":"pa_editeur-lo-chamin-de-sent-jaume-en","10":"pa_langue-francais-en","11":"pa_langue-occitan-en","12":"pa_langue-occitan-lemosin-en","13":"entry","15":"first","16":"instock","17":"shipping-taxable","18":"purchasable","19":"product-type-simple"},"acf":[],"_links":{"self":[{"href":"https:\/\/www.libraria-occitana.org\/en\/wp-json\/wp\/v2\/product\/52898","targetHints":{"allow":["GET"]}}],"collection":[{"href":"https:\/\/www.libraria-occitana.org\/en\/wp-json\/wp\/v2\/product"}],"about":[{"href":"https:\/\/www.libraria-occitana.org\/en\/wp-json\/wp\/v2\/types\/product"}],"wp:featuredmedia":[{"embeddable":true,"href":"https:\/\/www.libraria-occitana.org\/en\/wp-json\/wp\/v2\/media\/52907"}],"wp:attachment":[{"href":"https:\/\/www.libraria-occitana.org\/en\/wp-json\/wp\/v2\/media?parent=52898"}],"wp:term":[{"taxonomy":"product_brand","embeddable":true,"href":"https:\/\/www.libraria-occitana.org\/en\/wp-json\/wp\/v2\/product_brand?post=52898"},{"taxonomy":"product_cat","embeddable":true,"href":"https:\/\/www.libraria-occitana.org\/en\/wp-json\/wp\/v2\/product_cat?post=52898"},{"taxonomy":"product_tag","embeddable":true,"href":"https:\/\/www.libraria-occitana.org\/en\/wp-json\/wp\/v2\/product_tag?post=52898"}],"curies":[{"name":"wp","href":"https:\/\/api.w.org\/{rel}","templated":true}]}}