{"id":52912,"date":"2020-11-13T12:33:15","date_gmt":"2020-11-13T11:33:15","guid":{"rendered":"http:\/\/www.libraria-occitana.org\/?post_type=product&#038;p=52912"},"modified":"2026-04-18T02:16:42","modified_gmt":"2026-04-18T00:16:42","slug":"le-chemin-de-feu-ballades","status":"publish","type":"product","link":"https:\/\/www.libraria-occitana.org\/en\/product\/le-chemin-de-feu-ballades\/","title":{"rendered":"Le chemin du feu &#8211; Ballades"},"content":{"rendered":"<p><strong>Le chemin du feu<\/strong><\/p>\n<p>Le fils : Bernard Comby<br \/>\nLa m\u00e8re : Th\u00e9r\u00e8se Canet<br \/>\nLe p\u00e8re : Jan dau Melhau<br \/>\nLes voix, le ch\u0153ur : Jean-Claude Bergon, Brigitte Fleygnac, Genevi\u00e8ve Lavaud, Christine Virolle Da Silva<br \/>\nDirection artistique : Jan dau Melhau<\/p>\n<p>Le texte du po\u00e8me figure dans le <a href=\"http:\/\/www.libraria-occitana.org\/produit\/poemes-dramatiques-ii\/\">second volume des <em>Po\u00e8mes dramatiques<\/em><\/a> \u00e9dit\u00e9s par Lo chamin de sent Jaume.<\/p>\n<p><strong>Quelques ballades<\/strong><\/p>\n<p>lues par Bernard Comby et Jan dau Melhau, extraites des deux recueils <em>Ballades innocentes<\/em> et <em>Ballades de la mort vive<\/em> \u00e9dit\u00e9es en <a href=\"http:\/\/www.libraria-occitana.org\/produit\/ballades\/\">un volume<\/a> par Plein chant.<\/p>\n","protected":false},"excerpt":{"rendered":"<p>Le chemin du feu Le fils : Bernard Comby La m\u00e8re : Th\u00e9r\u00e8se Canet Le p\u00e8re : Jan dau Melhau Les voix, le ch\u0153ur : Jean-Claude Bergon, Brigitte Fleygnac, Genevi\u00e8ve Lavaud, Christine Virolle Da Silva Direction artistique : Jan dau Melhau Le texte du po\u00e8me figure dans le second volume des Po\u00e8mes dramatiques \u00e9dit\u00e9s par [&hellip;]<\/p>\n","protected":false},"featured_media":52904,"template":"","meta":{"_acf_changed":false,"_genesis_hide_title":false,"_genesis_hide_breadcrumbs":false,"_genesis_hide_singular_image":false,"_genesis_hide_footer_widgets":false,"_genesis_custom_body_class":"","_genesis_custom_post_class":"","_genesis_layout":""},"product_brand":[],"product_cat":[7224,7216],"product_tag":[],"class_list":{"0":"post-52912","1":"product","2":"type-product","3":"status-publish","4":"has-post-thumbnail","6":"product_cat-litterature-musique-en","7":"product_cat-music-en","8":"pa_auteur-delpastre-marcela-en","9":"pa_editeur-lo-chamin-de-sent-jaume-en","10":"pa_langue-francais-en","11":"entry","13":"first","14":"instock","15":"shipping-taxable","16":"purchasable","17":"product-type-simple"},"acf":[],"_links":{"self":[{"href":"https:\/\/www.libraria-occitana.org\/en\/wp-json\/wp\/v2\/product\/52912","targetHints":{"allow":["GET"]}}],"collection":[{"href":"https:\/\/www.libraria-occitana.org\/en\/wp-json\/wp\/v2\/product"}],"about":[{"href":"https:\/\/www.libraria-occitana.org\/en\/wp-json\/wp\/v2\/types\/product"}],"wp:featuredmedia":[{"embeddable":true,"href":"https:\/\/www.libraria-occitana.org\/en\/wp-json\/wp\/v2\/media\/52904"}],"wp:attachment":[{"href":"https:\/\/www.libraria-occitana.org\/en\/wp-json\/wp\/v2\/media?parent=52912"}],"wp:term":[{"taxonomy":"product_brand","embeddable":true,"href":"https:\/\/www.libraria-occitana.org\/en\/wp-json\/wp\/v2\/product_brand?post=52912"},{"taxonomy":"product_cat","embeddable":true,"href":"https:\/\/www.libraria-occitana.org\/en\/wp-json\/wp\/v2\/product_cat?post=52912"},{"taxonomy":"product_tag","embeddable":true,"href":"https:\/\/www.libraria-occitana.org\/en\/wp-json\/wp\/v2\/product_tag?post=52912"}],"curies":[{"name":"wp","href":"https:\/\/api.w.org\/{rel}","templated":true}]}}