{"id":52916,"date":"2020-11-13T12:50:56","date_gmt":"2020-11-13T11:50:56","guid":{"rendered":"http:\/\/www.libraria-occitana.org\/?post_type=product&#038;p=52916"},"modified":"2026-04-29T02:21:38","modified_gmt":"2026-04-29T00:21:38","slug":"la-trauchada-le-passage-lort-le-jardin-sous-la-lune","status":"publish","type":"product","link":"https:\/\/www.libraria-occitana.org\/en\/product\/la-trauchada-le-passage-lort-le-jardin-sous-la-lune\/","title":{"rendered":"La trauchada &#8211; Le passage &#8211; L&#8217;\u00f2rt &#8211; Le jardin sous la lune"},"content":{"rendered":"<p>Ces textes, dits par Jan dau Melhau, ont \u00e9t\u00e9 \u00e9dit\u00e9s dans le volume intitul\u00e9 <a href=\"http:\/\/www.libraria-occitana.org\/produit\/duna-lenga-lautra\/\"><em>D&#8217;una lenga l&#8217;autra<\/em><\/a> par Lo chamin de sent Jaume.<\/p>\n","protected":false},"excerpt":{"rendered":"<p>Ces textes, dits par Jan dau Melhau, ont \u00e9t\u00e9 \u00e9dit\u00e9s dans le volume intitul\u00e9 D&#8217;una lenga l&#8217;autra par Lo chamin de sent Jaume.<\/p>\n","protected":false},"featured_media":52901,"template":"","meta":{"_acf_changed":false,"_genesis_hide_title":false,"_genesis_hide_breadcrumbs":false,"_genesis_hide_singular_image":false,"_genesis_hide_footer_widgets":false,"_genesis_custom_body_class":"","_genesis_custom_post_class":"","_genesis_layout":""},"product_brand":[],"product_cat":[7224,7216],"product_tag":[],"class_list":{"0":"post-52916","1":"product","2":"type-product","3":"status-publish","4":"has-post-thumbnail","6":"product_cat-litterature-musique-en","7":"product_cat-music-en","8":"pa_auteur-delpastre-marcela-en","9":"pa_editeur-lo-chamin-de-sent-jaume-en","10":"pa_langue-francais-en","11":"pa_langue-occitan-en","12":"pa_langue-occitan-lemosin-en","13":"entry","15":"first","16":"instock","17":"shipping-taxable","18":"purchasable","19":"product-type-simple"},"acf":[],"_links":{"self":[{"href":"https:\/\/www.libraria-occitana.org\/en\/wp-json\/wp\/v2\/product\/52916","targetHints":{"allow":["GET"]}}],"collection":[{"href":"https:\/\/www.libraria-occitana.org\/en\/wp-json\/wp\/v2\/product"}],"about":[{"href":"https:\/\/www.libraria-occitana.org\/en\/wp-json\/wp\/v2\/types\/product"}],"wp:featuredmedia":[{"embeddable":true,"href":"https:\/\/www.libraria-occitana.org\/en\/wp-json\/wp\/v2\/media\/52901"}],"wp:attachment":[{"href":"https:\/\/www.libraria-occitana.org\/en\/wp-json\/wp\/v2\/media?parent=52916"}],"wp:term":[{"taxonomy":"product_brand","embeddable":true,"href":"https:\/\/www.libraria-occitana.org\/en\/wp-json\/wp\/v2\/product_brand?post=52916"},{"taxonomy":"product_cat","embeddable":true,"href":"https:\/\/www.libraria-occitana.org\/en\/wp-json\/wp\/v2\/product_cat?post=52916"},{"taxonomy":"product_tag","embeddable":true,"href":"https:\/\/www.libraria-occitana.org\/en\/wp-json\/wp\/v2\/product_tag?post=52916"}],"curies":[{"name":"wp","href":"https:\/\/api.w.org\/{rel}","templated":true}]}}