{"id":52933,"date":"2020-11-14T10:44:01","date_gmt":"2020-11-14T09:44:01","guid":{"rendered":"http:\/\/www.libraria-occitana.org\/?post_type=product&#038;p=52933"},"modified":"2026-04-02T20:16:00","modified_gmt":"2026-04-02T18:16:00","slug":"ques-entau-petit-manuel-des-usages-habitudes-et-autres-manies-des-honnetes-gens-du-perigord-limousin","status":"publish","type":"product","link":"https:\/\/www.libraria-occitana.org\/en\/product\/ques-entau-petit-manuel-des-usages-habitudes-et-autres-manies-des-honnetes-gens-du-perigord-limousin\/","title":{"rendered":"Qu&#8217;es entau : Petit manuel des usages, habitudes et autres manies des (honn\u00eates) gens du P\u00e9rigord-Limousin"},"content":{"rendered":"<p>En P\u00e9rigord-Limousin, il y a des originalit\u00e9s qui se cultivent.<br \/>\nOn y affiche, bien souvent sans le savoir, une identit\u00e9 culturelle h\u00e9rit\u00e9e d\u2019une longue histoire occitane.<br \/>\nC\u2019est tout un univers qui s\u2019offre \u00e0 vous si vous prenez le temps de pousser les \u00ab cl\u00e9dous \u00bb des jardins et d\u2019\u00e9couter les gens d\u2019ici, d\u2019observer leurs comportements, de vous confronter au fran\u00e7ais local et \u00e0 ses r\u00e8gles de prononciation&#8230;<br \/>\nCe sont ces petites clefs culturelles que ces chroniques vous invitent \u00e0 ranger sous votre bonnet pour qu\u2019au moment venu vous ayez<br \/>\npleinement le plaisir du partage et de la communication.<\/p>\n<p>Un recueil d&#8217;une soixantaine de chroniques en fran\u00e7ais maill\u00e9 d&#8217;occitan.<br \/>\nR\u00e9alis\u00e9 pour le Parc Naturel R\u00e9gional P\u00e9rigord-Limousin par l\u2019Institut d\u2019\u00c9tudes Occitanes du Limousin.<br \/>\nGratuit.<\/p>\n","protected":false},"excerpt":{"rendered":"<p>En P\u00e9rigord-Limousin, il y a des originalit\u00e9s qui se cultivent. On y affiche, bien souvent sans le savoir, une identit\u00e9 culturelle h\u00e9rit\u00e9e d\u2019une longue histoire occitane. C\u2019est tout un univers qui s\u2019offre \u00e0 vous si vous prenez le temps de pousser les \u00ab cl\u00e9dous \u00bb des jardins et d\u2019\u00e9couter les gens d\u2019ici, d\u2019observer leurs comportements, [&hellip;]<\/p>\n","protected":false},"featured_media":52931,"template":"","meta":{"_acf_changed":false,"_genesis_hide_title":false,"_genesis_hide_breadcrumbs":false,"_genesis_hide_singular_image":false,"_genesis_hide_footer_widgets":false,"_genesis_custom_body_class":"","_genesis_custom_post_class":"","_genesis_layout":""},"product_brand":[],"product_cat":[7132,7198,7196],"product_tag":[],"class_list":{"0":"post-52933","1":"product","2":"type-product","3":"status-publish","4":"has-post-thumbnail","6":"product_cat-books","7":"product_cat-guides-tourism-en","8":"product_cat-nature-tourism-en","9":"pa_auteur-tixeuil-marianne-en","10":"pa_auteur-vignaud-j-f-en","11":"pa_editeur-pnr-perigord-limousin-en","12":"pa_langue-francais-en","13":"pa_langue-occitan-en","14":"pa_langue-occitan-lemosin-en","15":"entry","17":"first","18":"instock","19":"shipping-taxable","20":"purchasable","21":"product-type-simple"},"acf":[],"_links":{"self":[{"href":"https:\/\/www.libraria-occitana.org\/en\/wp-json\/wp\/v2\/product\/52933","targetHints":{"allow":["GET"]}}],"collection":[{"href":"https:\/\/www.libraria-occitana.org\/en\/wp-json\/wp\/v2\/product"}],"about":[{"href":"https:\/\/www.libraria-occitana.org\/en\/wp-json\/wp\/v2\/types\/product"}],"wp:featuredmedia":[{"embeddable":true,"href":"https:\/\/www.libraria-occitana.org\/en\/wp-json\/wp\/v2\/media\/52931"}],"wp:attachment":[{"href":"https:\/\/www.libraria-occitana.org\/en\/wp-json\/wp\/v2\/media?parent=52933"}],"wp:term":[{"taxonomy":"product_brand","embeddable":true,"href":"https:\/\/www.libraria-occitana.org\/en\/wp-json\/wp\/v2\/product_brand?post=52933"},{"taxonomy":"product_cat","embeddable":true,"href":"https:\/\/www.libraria-occitana.org\/en\/wp-json\/wp\/v2\/product_cat?post=52933"},{"taxonomy":"product_tag","embeddable":true,"href":"https:\/\/www.libraria-occitana.org\/en\/wp-json\/wp\/v2\/product_tag?post=52933"}],"curies":[{"name":"wp","href":"https:\/\/api.w.org\/{rel}","templated":true}]}}