{"id":52942,"date":"2020-04-14T10:45:46","date_gmt":"2020-04-14T08:45:46","guid":{"rendered":"http:\/\/www.libraria-occitana.org\/?post_type=product&#038;p=52942"},"modified":"2021-01-26T18:31:05","modified_gmt":"2021-01-26T17:31:05","slug":"la-grande-boucle-du-parc-200-km-sur-les-chemins-du-perigord-limousin-vaque-veire-viens-voir","status":"publish","type":"product","link":"https:\/\/www.libraria-occitana.org\/en\/product\/la-grande-boucle-du-parc-200-km-sur-les-chemins-du-perigord-limousin-vaque-veire-viens-voir\/","title":{"rendered":"La Grande Boucle du Parc : 200 km sur les chemins du P\u00e9rigord-Limousin &#8211; Vaque veire ! Viens voir !"},"content":{"rendered":"<p><strong>Vaque veire !<\/strong><br \/>\n<strong>La Grande Boucle du PNR P\u00e9rigord-Limousin<\/strong><\/p>\n<p>\u00ab Eh, toi le randonneur, \u00e9pris de paysages profonds et de chemins myst\u00e9rieux, <em>vaque veire<\/em> ! Oui, viens voir en P\u00e9rigord-Limousin, tu y trouveras assur\u00e9ment de quoi faire une <em>pradelada<\/em> propre \u00e0 te ravir le c\u0153ur et les mollets.<br \/>\nC\u2019est que, vois-tu, les choses ont \u00e9t\u00e9 bien faites, te voil\u00e0 neuf \u00e9tapes bien \u00e9quilibr\u00e9es qui te feront d\u00e9couvrir le pays entre taillis de ch\u00e2taigniers, bonnes fontaines et villages aux tuiles rousses.<br \/>\nEt comme tout a \u00e9t\u00e9 pr\u00e9vu au mieux pour ton agr\u00e9ment, tu seras guid\u00e9 par des textes \u00e0 l\u2019accent du pays qui te mettront en garde des bestioles<br \/>\nmal\u00e9fiques et t\u2019assureront une bonne immersion culturelle \u00e0 la rencontre des gens d\u2019ici. \u00bb<\/p>\n<p>Un voyage de 200 km pour 7 \u00e0 10 jours de marche ou 3 \u00e0 4 jours en VTT, \u00e0 travers les plateaux et les vall\u00e9es p\u00e9rigourdines, le bocage limousin et les for\u00eats de ch\u00e2taigniers. Les amateurs de VTT boucleront la boucle en 3 ou 4 jours m\u00eame ! Gr\u00e2ce \u00e0 la proximit\u00e9 des transports en commun (train, bus) et des voies vertes il est aussi possible de moduler son itin\u00e9rance \u00e0 souhait, ce qui fait un des points forts de cette Grande Boucle.<br \/>\nVous trouverez dans ce guide les cartes de l\u2019itin\u00e9raire indiquant les points d\u2019int\u00e9r\u00eat, les services et les possibilit\u00e9s d\u2019h\u00e9bergements.<\/p>\n<p>Textes : Jean-Fran\u00e7ois Vignaud &#8211; Illustrations : Jean-Marie Caunet sauf p. 46 (Lucie Jeunet) \/ Institut d\u2019\u00c9tudes Occitanes du Limousin.<br \/>\nGratuit.<\/p>\n<p>&nbsp;<\/p>\n","protected":false},"excerpt":{"rendered":"<p>Vaque veire ! La Grande Boucle du PNR P\u00e9rigord-Limousin \u00ab Eh, toi le randonneur, \u00e9pris de paysages profonds et de chemins myst\u00e9rieux, vaque veire ! Oui, viens voir en P\u00e9rigord-Limousin, tu y trouveras assur\u00e9ment de quoi faire une pradelada propre \u00e0 te ravir le c\u0153ur et les mollets. C\u2019est que, vois-tu, les choses ont \u00e9t\u00e9 [&hellip;]<\/p>\n","protected":false},"featured_media":52945,"template":"","meta":{"_acf_changed":false,"_genesis_hide_title":false,"_genesis_hide_breadcrumbs":false,"_genesis_hide_singular_image":false,"_genesis_hide_footer_widgets":false,"_genesis_custom_body_class":"","_genesis_custom_post_class":"","_genesis_layout":""},"product_brand":[],"product_cat":[7132,7198,7196],"product_tag":[],"class_list":{"0":"post-52942","1":"product","2":"type-product","3":"status-publish","4":"has-post-thumbnail","6":"product_cat-books","7":"product_cat-guides-tourism-en","8":"product_cat-nature-tourism-en","9":"pa_auteur-service-tourisme-du-conseil-departemental-de-la-dordogne-en","10":"pa_auteur-vignaud-j-f-en","11":"pa_editeur-pnr-perigord-limousin-en","12":"pa_editeur-service-tourisme-cd-24-en","13":"pa_illustrateur-caunet-jean-marie-en","14":"pa_langue-francais-en","15":"pa_langue-occitan-en","16":"pa_langue-occitan-lemosin-en","17":"entry","19":"first","20":"instock","21":"shipping-taxable","22":"purchasable","23":"product-type-simple"},"acf":[],"_links":{"self":[{"href":"https:\/\/www.libraria-occitana.org\/en\/wp-json\/wp\/v2\/product\/52942","targetHints":{"allow":["GET"]}}],"collection":[{"href":"https:\/\/www.libraria-occitana.org\/en\/wp-json\/wp\/v2\/product"}],"about":[{"href":"https:\/\/www.libraria-occitana.org\/en\/wp-json\/wp\/v2\/types\/product"}],"wp:featuredmedia":[{"embeddable":true,"href":"https:\/\/www.libraria-occitana.org\/en\/wp-json\/wp\/v2\/media\/52945"}],"wp:attachment":[{"href":"https:\/\/www.libraria-occitana.org\/en\/wp-json\/wp\/v2\/media?parent=52942"}],"wp:term":[{"taxonomy":"product_brand","embeddable":true,"href":"https:\/\/www.libraria-occitana.org\/en\/wp-json\/wp\/v2\/product_brand?post=52942"},{"taxonomy":"product_cat","embeddable":true,"href":"https:\/\/www.libraria-occitana.org\/en\/wp-json\/wp\/v2\/product_cat?post=52942"},{"taxonomy":"product_tag","embeddable":true,"href":"https:\/\/www.libraria-occitana.org\/en\/wp-json\/wp\/v2\/product_tag?post=52942"}],"curies":[{"name":"wp","href":"https:\/\/api.w.org\/{rel}","templated":true}]}}