{"id":53037,"date":"2006-01-18T16:25:50","date_gmt":"2006-01-18T15:25:50","guid":{"rendered":"http:\/\/www.libraria-occitana.org\/?post_type=product&#038;p=53037"},"modified":"2026-04-25T06:16:18","modified_gmt":"2026-04-25T04:16:18","slug":"tresors-doccitanie-pierre-bec-morceaux-choisis-dits-par-lauteur","status":"publish","type":"product","link":"https:\/\/www.libraria-occitana.org\/en\/product\/tresors-doccitanie-pierre-bec-morceaux-choisis-dits-par-lauteur\/","title":{"rendered":"Tr\u00e9sors d&#8217;Occitanie : Pierre Bec, morceaux choisis dits par l&#8217;auteur"},"content":{"rendered":"<p>Pierre Bec est n\u00e9 \u00e0 Paris en 1921 d&#8217;une m\u00e8re cr\u00e9ole et d&#8217;un p\u00e8re gascon. Apr\u00e8s une enfance dans le Comminges il passe deux th\u00e8ses d&#8217;allemand et d&#8217;italien et enseignera ensuite \u00e0 l&#8217;universit\u00e9 de Poitiers jusqu&#8217;\u00e0 sa retraite. Il est mort en 2014 \u00e0 Poitiers.<br \/>\nSp\u00e9cialiste des troubadours, Pierre bec a pr\u00e9sid\u00e9 l&#8217;Institut d&#8217;\u00c9tudes Occitanes pendant dix-huit ans et dirig\u00e9 le Centre d&#8217;\u00e9tudes sup\u00e9rieures de civilisation m\u00e9di\u00e9vale de Poitiers. Outre son \u0153uvre litt\u00e9raire en occitan, il a \u00e9crit de nombreux ouvrages sur la linguistique romane, la dialectologie d&#8217;Oc, la litt\u00e9rature m\u00e9di\u00e9vale, les instruments de musique et la chanson traditionnelle occitane.<\/p>\n<p><strong>Extrachs de :<\/strong><br \/>\n<em>&#8211; Filosofia<\/em><br \/>\n<em>&#8211; La quista de l&#8217;auta<\/em><br \/>\n<em>&#8211; Sonets barr\u00f2cs enta Iseut<\/em><br \/>\n<em>&#8211; Cant reiau<\/em><br \/>\n<em>&#8211; Cants de l&#8217;arr\u00e8r-vita<\/em><br \/>\n<em>&#8211; Perpetuum mobile<\/em><\/p>\n","protected":false},"excerpt":{"rendered":"<p>Pierre Bec est n\u00e9 \u00e0 Paris en 1921 d&#8217;une m\u00e8re cr\u00e9ole et d&#8217;un p\u00e8re gascon. Apr\u00e8s une enfance dans le Comminges il passe deux th\u00e8ses d&#8217;allemand et d&#8217;italien et enseignera ensuite \u00e0 l&#8217;universit\u00e9 de Poitiers jusqu&#8217;\u00e0 sa retraite. Il est mort en 2014 \u00e0 Poitiers. Sp\u00e9cialiste des troubadours, Pierre bec a pr\u00e9sid\u00e9 l&#8217;Institut d&#8217;\u00c9tudes Occitanes [&hellip;]<\/p>\n","protected":false},"featured_media":52993,"template":"","meta":{"_acf_changed":false,"_genesis_hide_title":false,"_genesis_hide_breadcrumbs":false,"_genesis_hide_singular_image":false,"_genesis_hide_footer_widgets":false,"_genesis_custom_body_class":"","_genesis_custom_post_class":"","_genesis_layout":""},"product_brand":[],"product_cat":[7224,7216],"product_tag":[],"class_list":{"0":"post-53037","1":"product","2":"type-product","3":"status-publish","4":"has-post-thumbnail","6":"product_cat-litterature-musique-en","7":"product_cat-music-en","8":"pa_auteur-bec-peire-en","9":"pa_editeur-occitania-produccions-en","10":"pa_langue-occitan-en","11":"pa_langue-occitan-gascon-en","12":"entry","14":"first","15":"outofstock","16":"shipping-taxable","17":"purchasable","18":"product-type-simple"},"acf":[],"_links":{"self":[{"href":"https:\/\/www.libraria-occitana.org\/en\/wp-json\/wp\/v2\/product\/53037","targetHints":{"allow":["GET"]}}],"collection":[{"href":"https:\/\/www.libraria-occitana.org\/en\/wp-json\/wp\/v2\/product"}],"about":[{"href":"https:\/\/www.libraria-occitana.org\/en\/wp-json\/wp\/v2\/types\/product"}],"wp:featuredmedia":[{"embeddable":true,"href":"https:\/\/www.libraria-occitana.org\/en\/wp-json\/wp\/v2\/media\/52993"}],"wp:attachment":[{"href":"https:\/\/www.libraria-occitana.org\/en\/wp-json\/wp\/v2\/media?parent=53037"}],"wp:term":[{"taxonomy":"product_brand","embeddable":true,"href":"https:\/\/www.libraria-occitana.org\/en\/wp-json\/wp\/v2\/product_brand?post=53037"},{"taxonomy":"product_cat","embeddable":true,"href":"https:\/\/www.libraria-occitana.org\/en\/wp-json\/wp\/v2\/product_cat?post=53037"},{"taxonomy":"product_tag","embeddable":true,"href":"https:\/\/www.libraria-occitana.org\/en\/wp-json\/wp\/v2\/product_tag?post=53037"}],"curies":[{"name":"wp","href":"https:\/\/api.w.org\/{rel}","templated":true}]}}