{"id":53049,"date":"2020-11-18T17:36:46","date_gmt":"2020-11-18T16:36:46","guid":{"rendered":"http:\/\/www.libraria-occitana.org\/?post_type=product&#038;p=53049"},"modified":"2026-04-29T05:26:40","modified_gmt":"2026-04-29T03:26:40","slug":"pantai","status":"publish","type":"product","link":"https:\/\/www.libraria-occitana.org\/en\/product\/pantai\/","title":{"rendered":"Panta\u00ef"},"content":{"rendered":"<p><strong>J\u00e9r\u00e9my Couraut :<\/strong> Espina, chant<br \/>\n<strong>Antoine Perdriolle :<\/strong> Batterie et chant<br \/>\n<strong>Menad Moussaoui :<\/strong> Basse, chant<\/p>\n<p>La musique de Dj\u00e9 Bal\u00e8ti glisse progressivement vers un afro rock punk psych\u00e9d\u00e9lique nourrie des influences carib\u00e9ennes et de la culture Roots occitane qui caract\u00e9rise le style d\u00e9j\u00e0 \u00e9tabli du trio.<br \/>\nLe power trio ancre sa musique encore un peu plus dans l\u2019espace m\u00e9diterran\u00e9en en pla\u00e7ant son \u00e9vocation sous les auspices des personnages de la religion carnavalesque et des grandes figures du paganisme rabelaisien.<br \/>\n<em>Panta\u00ef<\/em> en Nissart veut dire \u00ab r\u00eave \u00bb mais une sorte de r\u00eave qui s\u2019inscrit dans la r\u00e9alit\u00e9 o\u00f9 l\u2019imaginaire permet de voir le monde autrement et par la m\u00eame occasion de le changer. <em>Panta\u00ef<\/em> ! Agir sur le monde ici et maintenant ! Le monde appartient aux r\u00eaveurs fous !<\/p>\n<p><strong>Titres :<\/strong><br \/>\n1. Sortil\u00e8ge (manifeste de la joie) 5&#8217;56<br \/>\n2. Romantica 5&#8217;03<br \/>\n3. Dea 3&#8217;51<br \/>\n4. Catarina 5&#8217;22<br \/>\n5. Fou 3&#8217;40<br \/>\n6. Santa Mounina 4&#8217;38<br \/>\n7. Tenacitat 6&#8217;08<br \/>\n8. La dor\u00e9e 3&#8217;27<br \/>\n9. Peis-can (la porta) 10&#8217;27<br \/>\n10. Bofa vent 4&#8217;06<br \/>\n11. Ratapignata 3&#8217;27<br \/>\n12. Fin de carneval 2&#8217;40<\/p>\n","protected":false},"excerpt":{"rendered":"<p>J\u00e9r\u00e9my Couraut : Espina, chant Antoine Perdriolle : Batterie et chant Menad Moussaoui : Basse, chant La musique de Dj\u00e9 Bal\u00e8ti glisse progressivement vers un afro rock punk psych\u00e9d\u00e9lique nourrie des influences carib\u00e9ennes et de la culture Roots occitane qui caract\u00e9rise le style d\u00e9j\u00e0 \u00e9tabli du trio. Le power trio ancre sa musique encore un [&hellip;]<\/p>\n","protected":false},"featured_media":53052,"template":"","meta":{"_acf_changed":false,"_genesis_hide_title":false,"_genesis_hide_breadcrumbs":false,"_genesis_hide_singular_image":false,"_genesis_hide_footer_widgets":false,"_genesis_custom_body_class":"","_genesis_custom_post_class":"","_genesis_layout":""},"product_brand":[],"product_cat":[7216,7232],"product_tag":[],"class_list":{"0":"post-53049","1":"product","2":"type-product","3":"status-publish","4":"has-post-thumbnail","6":"product_cat-music-en","7":"product_cat-rock-pop-en","8":"pa_auteur-dje-baleti-en","9":"pa_editeur-sirventes-en","10":"pa_langue-francais-en","11":"pa_langue-occitan-en","12":"pa_langue-occitan-provencau-en","13":"entry","15":"first","16":"instock","17":"shipping-taxable","18":"purchasable","19":"product-type-simple"},"acf":[],"_links":{"self":[{"href":"https:\/\/www.libraria-occitana.org\/en\/wp-json\/wp\/v2\/product\/53049","targetHints":{"allow":["GET"]}}],"collection":[{"href":"https:\/\/www.libraria-occitana.org\/en\/wp-json\/wp\/v2\/product"}],"about":[{"href":"https:\/\/www.libraria-occitana.org\/en\/wp-json\/wp\/v2\/types\/product"}],"wp:featuredmedia":[{"embeddable":true,"href":"https:\/\/www.libraria-occitana.org\/en\/wp-json\/wp\/v2\/media\/53052"}],"wp:attachment":[{"href":"https:\/\/www.libraria-occitana.org\/en\/wp-json\/wp\/v2\/media?parent=53049"}],"wp:term":[{"taxonomy":"product_brand","embeddable":true,"href":"https:\/\/www.libraria-occitana.org\/en\/wp-json\/wp\/v2\/product_brand?post=53049"},{"taxonomy":"product_cat","embeddable":true,"href":"https:\/\/www.libraria-occitana.org\/en\/wp-json\/wp\/v2\/product_cat?post=53049"},{"taxonomy":"product_tag","embeddable":true,"href":"https:\/\/www.libraria-occitana.org\/en\/wp-json\/wp\/v2\/product_tag?post=53049"}],"curies":[{"name":"wp","href":"https:\/\/api.w.org\/{rel}","templated":true}]}}