{"id":53104,"date":"2020-11-26T11:26:06","date_gmt":"2020-11-26T10:26:06","guid":{"rendered":"http:\/\/www.libraria-occitana.org\/?post_type=product&#038;p=53104"},"modified":"2025-03-09T00:56:17","modified_gmt":"2025-03-08T23:56:17","slug":"la-lenga-de-chas-nos-la-creuse-chansons-et-poemes","status":"publish","type":"product","link":"https:\/\/www.libraria-occitana.org\/en\/product\/la-lenga-de-chas-nos-la-creuse-chansons-et-poemes\/","title":{"rendered":"La lenga de chas nos : La Creuse, Chansons et po\u00e8mes"},"content":{"rendered":"<p><strong>Maryse Avril-Caillaud :<\/strong> Paroles, m\u00e9lodies et chant<br \/>\n<strong>J\u00e9r\u00f4me Avril :<\/strong> Enregistrement, orchestration, mixage mastering<\/p>\n<p>\u00ab Chansons et po\u00e9sies inspir\u00e9es de mon coin de Creuse. \u00bb<br \/>\nLivret avec les paroles en occitan et la traduction en fran\u00e7ais.<\/p>\n<p><strong>Titres :<\/strong><br \/>\n1. Lo fau de Jorgi (Le h\u00eatre de Georges)<br \/>\n2. La vacha limosina (La vache limousine)<br \/>\n3. Peiras de la Creusa (Pierres de Creuse)<br \/>\n4. Combauverd (Combeauvert)<br \/>\n5. La levada dau diable (La rigole du diable)<br \/>\n6. Lo pastis de treflas (Le p\u00e2t\u00e9 de pommes de terre)<br \/>\n7. La luna (La lune)<br \/>\n8. Lo niblasson (Le petit nuage)<br \/>\n9. Cors l&#8217;i viste (Cours-y-vite)<br \/>\n10. La lenga de chas nos (La langue de chez nous)<\/p>\n","protected":false},"excerpt":{"rendered":"<p>Maryse Avril-Caillaud : Paroles, m\u00e9lodies et chant J\u00e9r\u00f4me Avril : Enregistrement, orchestration, mixage mastering \u00ab Chansons et po\u00e9sies inspir\u00e9es de mon coin de Creuse. \u00bb Livret avec les paroles en occitan et la traduction en fran\u00e7ais. Titres : 1. Lo fau de Jorgi (Le h\u00eatre de Georges) 2. La vacha limosina (La vache limousine) 3. [&hellip;]<\/p>\n","protected":false},"featured_media":53107,"template":"","meta":{"_acf_changed":false,"_genesis_hide_title":false,"_genesis_hide_breadcrumbs":false,"_genesis_hide_singular_image":false,"_genesis_hide_footer_widgets":false,"_genesis_custom_body_class":"","_genesis_custom_post_class":"","_genesis_layout":""},"product_brand":[],"product_cat":[7216,7218],"product_tag":[],"class_list":{"0":"post-53104","1":"product","2":"type-product","3":"status-publish","4":"has-post-thumbnail","6":"product_cat-music-en","7":"product_cat-voice-en","8":"pa_auteur-avril-caillaud-maryse-en","9":"pa_editeur-maryse-avril-caillaud-en","10":"pa_langue-occitan-lemosin-en","11":"pa_langue-occitan-francais-en","12":"entry","14":"first","15":"outofstock","16":"shipping-taxable","17":"purchasable","18":"product-type-simple"},"acf":[],"_links":{"self":[{"href":"https:\/\/www.libraria-occitana.org\/en\/wp-json\/wp\/v2\/product\/53104","targetHints":{"allow":["GET"]}}],"collection":[{"href":"https:\/\/www.libraria-occitana.org\/en\/wp-json\/wp\/v2\/product"}],"about":[{"href":"https:\/\/www.libraria-occitana.org\/en\/wp-json\/wp\/v2\/types\/product"}],"wp:featuredmedia":[{"embeddable":true,"href":"https:\/\/www.libraria-occitana.org\/en\/wp-json\/wp\/v2\/media\/53107"}],"wp:attachment":[{"href":"https:\/\/www.libraria-occitana.org\/en\/wp-json\/wp\/v2\/media?parent=53104"}],"wp:term":[{"taxonomy":"product_brand","embeddable":true,"href":"https:\/\/www.libraria-occitana.org\/en\/wp-json\/wp\/v2\/product_brand?post=53104"},{"taxonomy":"product_cat","embeddable":true,"href":"https:\/\/www.libraria-occitana.org\/en\/wp-json\/wp\/v2\/product_cat?post=53104"},{"taxonomy":"product_tag","embeddable":true,"href":"https:\/\/www.libraria-occitana.org\/en\/wp-json\/wp\/v2\/product_tag?post=53104"}],"curies":[{"name":"wp","href":"https:\/\/api.w.org\/{rel}","templated":true}]}}