{"id":53132,"date":"2020-11-26T12:54:35","date_gmt":"2020-11-26T11:54:35","guid":{"rendered":"http:\/\/www.libraria-occitana.org\/?post_type=product&#038;p=53132"},"modified":"2026-04-17T22:27:02","modified_gmt":"2026-04-17T20:27:02","slug":"dans-la-nef-des-fous-chansons-et-sirventes-de-peire-cardenal","status":"publish","type":"product","link":"https:\/\/www.libraria-occitana.org\/en\/product\/dans-la-nef-des-fous-chansons-et-sirventes-de-peire-cardenal\/","title":{"rendered":"Dans la Nef des Fous : Chansons et sirvent\u00e8s de Peire Cardenal"},"content":{"rendered":"<p>\u00ab N\u00e9 en 1180 au Puy-en-Velay et mort en 1278 \u00e0 Montpellier, Peire Cardenal est l\u2019un des tout premiers po\u00e8tes satiriques. Au XIIIe si\u00e8cle, celui de l\u2019Inquisition, ce troubadour occitan composa de virulents sirvent\u00e8s (ou po\u00e8mes satiriques) contre les Francs et le clerg\u00e9 qui ruin\u00e8rent la terre d\u2019oc.<br \/>\nOn se demande par quelle main des gr\u00e2ces, ses sirvent\u00e8s connus de tous, purent \u00e9chapper au fichage des sinistres \u00ab clercs\u2008\u00bb, au cl\u00e9ricalisme inquisiteur, aux pillages des \u00ab Fran\u00e7ais\u2008\u00bb envahisseurs, au b\u00fbcher de tous ces br\u00fbleurs de livres et d\u2019hommes. L\u2019\u0153uvre de Peire Cardenal appartient \u00e0 la grande tradition contestataire de la po\u00e9sie universelle, de Juv\u00e9nal \u00e0 Andr\u00e9 Ch\u00e9nier ou d\u2019Ossip Mandelstam \u00e0 Federico Garc\u00eda Lorca. \u00bb<\/p>\n<p style=\"text-align: right;\">Yves Leclair<\/p>\n<p>Apr\u00e8s le succ\u00e8s rencontr\u00e9 par sa traduction des <em>Chansons pour un amour lointain<\/em> de Jaufre Rudel, Yves Leclair rassemble ici un surprenant floril\u00e8ge cueilli dans l\u2019\u0153uvre po\u00e9tique de Peire Cardenal. On ne trouvera pas ici les conventionnelles chansons d\u2019amour, mais des satires de notre <em>Nef des fous<\/em> : car, pour ce troubadour, pr\u00e9cise encore le traducteur dans sa pr\u00e9face, il ne s\u2019agit plus de \u00ab bien dire, bien chanter, \u00ab colorer \u00bb, \u00ab feindre \u00bb, \u00ab louer \u00bb, \u00ab dorer [s]on chant \u00bb, mais de \u00ab l\u2019ourdir\u2008\u00bb et le \u00ab tisser \u00bb de \u00ab mal dire \u00bb.<\/p>\n<p>Dans la \u00ab transposition \u00bb rythm\u00e9e des ces chansons satiriques et le constant respect du sens m\u00e9di\u00e9val, Yves Leclair pr\u00eate sa voix de po\u00e8te contemporain au troubadour le plus<br \/>\nanticonformiste qu\u2019il nous rend tr\u00e8s proche.<\/p>\n","protected":false},"excerpt":{"rendered":"<p>\u00ab N\u00e9 en 1180 au Puy-en-Velay et mort en 1278 \u00e0 Montpellier, Peire Cardenal est l\u2019un des tout premiers po\u00e8tes satiriques. Au XIIIe si\u00e8cle, celui de l\u2019Inquisition, ce troubadour occitan composa de virulents sirvent\u00e8s (ou po\u00e8mes satiriques) contre les Francs et le clerg\u00e9 qui ruin\u00e8rent la terre d\u2019oc. On se demande par quelle main des [&hellip;]<\/p>\n","protected":false},"featured_media":53110,"template":"","meta":{"_acf_changed":false,"_genesis_hide_title":false,"_genesis_hide_breadcrumbs":false,"_genesis_hide_singular_image":false,"_genesis_hide_footer_widgets":false,"_genesis_custom_body_class":"","_genesis_custom_post_class":"","_genesis_layout":""},"product_brand":[],"product_cat":[7132,7174,7180],"product_tag":[],"class_list":{"0":"post-53132","1":"product","2":"type-product","3":"status-publish","4":"has-post-thumbnail","6":"product_cat-books","7":"product_cat-literature-en","8":"product_cat-poetry-en","9":"pa_auteur-cardenal-peire-en","10":"pa_editeur-federop-en","11":"pa_illustrateur-leclair-yves-en","12":"pa_langue-occitan-medievau-en","13":"pa_langue-occitan-francais-en","14":"entry","16":"first","17":"instock","18":"shipping-taxable","19":"purchasable","20":"product-type-simple"},"acf":[],"_links":{"self":[{"href":"https:\/\/www.libraria-occitana.org\/en\/wp-json\/wp\/v2\/product\/53132","targetHints":{"allow":["GET"]}}],"collection":[{"href":"https:\/\/www.libraria-occitana.org\/en\/wp-json\/wp\/v2\/product"}],"about":[{"href":"https:\/\/www.libraria-occitana.org\/en\/wp-json\/wp\/v2\/types\/product"}],"wp:featuredmedia":[{"embeddable":true,"href":"https:\/\/www.libraria-occitana.org\/en\/wp-json\/wp\/v2\/media\/53110"}],"wp:attachment":[{"href":"https:\/\/www.libraria-occitana.org\/en\/wp-json\/wp\/v2\/media?parent=53132"}],"wp:term":[{"taxonomy":"product_brand","embeddable":true,"href":"https:\/\/www.libraria-occitana.org\/en\/wp-json\/wp\/v2\/product_brand?post=53132"},{"taxonomy":"product_cat","embeddable":true,"href":"https:\/\/www.libraria-occitana.org\/en\/wp-json\/wp\/v2\/product_cat?post=53132"},{"taxonomy":"product_tag","embeddable":true,"href":"https:\/\/www.libraria-occitana.org\/en\/wp-json\/wp\/v2\/product_tag?post=53132"}],"curies":[{"name":"wp","href":"https:\/\/api.w.org\/{rel}","templated":true}]}}