{"id":53136,"date":"2020-11-26T15:28:08","date_gmt":"2020-11-26T14:28:08","guid":{"rendered":"http:\/\/www.libraria-occitana.org\/?post_type=product&#038;p=53136"},"modified":"2026-04-26T02:26:51","modified_gmt":"2026-04-26T00:26:51","slug":"violon-le-son-de-lartense-musique-traditionnelle-dauvergne","status":"publish","type":"product","link":"https:\/\/www.libraria-occitana.org\/en\/product\/violon-le-son-de-lartense-musique-traditionnelle-dauvergne\/","title":{"rendered":"Violon : Le son de l&#8217;Artense &#8211; Musique traditionnelle d&#8217;Auvergne"},"content":{"rendered":"<p><strong>Jean-Marc Delaunay :<\/strong> Violon<\/p>\n<p>Traditionnel : Auvergne (37 titres).<br \/>\nLivret 16 pages.<\/p>\n<p>Jean-Marc Delaunay est un savant complet en ce qui concerne les musiques traditionnelles, et notamment les musiques de violon d\u2019Auvergne : sa ma\u00eetrise th\u00e9orique des musiques modales, par exemple et entre autres, sa capacit\u00e9 d\u2019analyse hors pair des techniques de jeu des violoneux de l\u2019Artense, dont il a connu et c\u00f4toy\u00e9 nombre d\u2019entre eux, se marie en parfaite harmonie avec la ma\u00eetrise de son instrument et du jeu, ou plut\u00f4t des jeux traditionnels de cette r\u00e9gion si particuli\u00e8re d\u2019Auvergne.<\/p>\n<p>\u00ab Par cet enregistrement aujourd\u2019hui, je souhaite partager et faire ressentir la particularit\u00e9 de ce terroir musical, entre la diversit\u00e9 individuelle des anciens violoneux et l\u2019inscription de cette musique dans l\u2019intersection entre des univers plus larges : l\u2019espace de la bourr\u00e9e \u00e0 trois temps, les musiques du Massif Central, la musicalit\u00e9 du violon populaire en France et au-del\u00e0\u2026 \u00bb<\/p>\n<p style=\"text-align: right;\">Extrait du livret<\/p>\n<p><strong>Titres :<\/strong><br \/>\n1. Bourre\u0301e de Lanla \/ Bourre\u0301e de Chabaud 2&#8217;49<br \/>\n2. \u00ab Bourre\u0301e grave \u00bb \/ Au bo\u0300sc de la fuelhada 2&#8217;35<br \/>\n3. Brave soldat \/ Mazurka \/ Soldat quand tu partiras 3&#8217;26<br \/>\n4. Bourre\u0301e coule\u0301e de Tre\u0301nou \/ Bourre\u0301e coule\u0301e de Mouret 2&#8217;33<br \/>\n5. La Catinon \/ Bourre\u0301e de Benoit 2&#8217;30<br \/>\n6. Une fille et un garc\u0327on 2&#8217;43<br \/>\n7. Seras pas mon gendre \/ Marche de noces 2&#8217;42<br \/>\n8. Bourre\u0301e des quatre tours (Borre\u0301ia de las quatre viradas) 2&#8217;27<br \/>\n9. Complainte \u00ab Le coq et la poule \u00bb 2&#8217;13<br \/>\n10. Bourre\u0301e \u00ab coule\u0301e-de\u0301tache\u0301e \u00bb \/ Bourre\u0301e 2&#8217;44<br \/>\n11. Mazurka de Jean-Marie Tournadre 2&#8217;17<br \/>\n12. Deux bourre\u0301es 2\u201909<br \/>\n13. Scottisch de Tre\u0301nou \/ Dans un pre\u0301 2&#8217;48<br \/>\n14. Introduction \/ Lorevelhet \u00ab Jan chas Jordon \u00bb \/ Lo dijo\u0300us de la Ce\u0301na 4&#8217;09<br \/>\n15. Pie\u0300re es partit \/ Bourre\u0301e de Chapon 3&#8217;08<br \/>\n16. Bourre\u0301e de Choulette \/ Bourre\u0301e glisse\u0301e 2&#8217;29<br \/>\n17. Mazurka de Jean Cocquard \/ Mazurka de Jules Lacoste 2&#8217;48<br \/>\n18. Re\u0301veillez-vous mes che\u0300res a\u0302mes 1&#8217;57<br \/>\n19. Passa aqui (Bourre\u0301e de la Marguerite d\u2019Espinchal) 3&#8217;11<br \/>\n20. Interlude en doubles cordes 1&#8217;02<br \/>\n21. Bourre\u0301e de Le\u0301ger Perrier \/ Calarem, calarem pas 2&#8217;31<br \/>\n22. Quand ieu z-era chas ma maire 1&#8217;29<\/p>\n","protected":false},"excerpt":{"rendered":"<p>Jean-Marc Delaunay : Violon Traditionnel : Auvergne (37 titres). Livret 16 pages. Jean-Marc Delaunay est un savant complet en ce qui concerne les musiques traditionnelles, et notamment les musiques de violon d\u2019Auvergne : sa ma\u00eetrise th\u00e9orique des musiques modales, par exemple et entre autres, sa capacit\u00e9 d\u2019analyse hors pair des techniques de jeu des violoneux [&hellip;]<\/p>\n","protected":false},"featured_media":53139,"template":"","meta":{"_acf_changed":false,"_genesis_hide_title":false,"_genesis_hide_breadcrumbs":false,"_genesis_hide_singular_image":false,"_genesis_hide_footer_widgets":false,"_genesis_custom_body_class":"","_genesis_custom_post_class":"","_genesis_layout":""},"product_brand":[],"product_cat":[7228,7216],"product_tag":[],"class_list":{"0":"post-53136","1":"product","2":"type-product","3":"status-publish","4":"has-post-thumbnail","6":"product_cat-modern-folk-en","7":"product_cat-music-en","8":"pa_auteur-delaunay-jean-marc-en","9":"pa_editeur-aepem-en","10":"entry","12":"first","13":"instock","14":"shipping-taxable","15":"purchasable","16":"product-type-simple"},"acf":[],"_links":{"self":[{"href":"https:\/\/www.libraria-occitana.org\/en\/wp-json\/wp\/v2\/product\/53136","targetHints":{"allow":["GET"]}}],"collection":[{"href":"https:\/\/www.libraria-occitana.org\/en\/wp-json\/wp\/v2\/product"}],"about":[{"href":"https:\/\/www.libraria-occitana.org\/en\/wp-json\/wp\/v2\/types\/product"}],"wp:featuredmedia":[{"embeddable":true,"href":"https:\/\/www.libraria-occitana.org\/en\/wp-json\/wp\/v2\/media\/53139"}],"wp:attachment":[{"href":"https:\/\/www.libraria-occitana.org\/en\/wp-json\/wp\/v2\/media?parent=53136"}],"wp:term":[{"taxonomy":"product_brand","embeddable":true,"href":"https:\/\/www.libraria-occitana.org\/en\/wp-json\/wp\/v2\/product_brand?post=53136"},{"taxonomy":"product_cat","embeddable":true,"href":"https:\/\/www.libraria-occitana.org\/en\/wp-json\/wp\/v2\/product_cat?post=53136"},{"taxonomy":"product_tag","embeddable":true,"href":"https:\/\/www.libraria-occitana.org\/en\/wp-json\/wp\/v2\/product_tag?post=53136"}],"curies":[{"name":"wp","href":"https:\/\/api.w.org\/{rel}","templated":true}]}}