{"id":53145,"date":"2001-05-26T16:51:56","date_gmt":"2001-05-26T14:51:56","guid":{"rendered":"http:\/\/www.libraria-occitana.org\/?post_type=product&#038;p=53145"},"modified":"2025-03-09T00:02:29","modified_gmt":"2025-03-08T23:02:29","slug":"accordeon-diatonique-marche-limousin-combrailles-auvergne","status":"publish","type":"product","link":"https:\/\/www.libraria-occitana.org\/en\/product\/accordeon-diatonique-marche-limousin-combrailles-auvergne\/","title":{"rendered":"Accord\u00e9on diatonique : Marche, Limousin, Combrailles, Auvergne"},"content":{"rendered":"<p><strong>Jean Blanchard :<\/strong> Accord\u00e9on diatonique<\/p>\n<p><strong>Titres :<\/strong><br \/>\n1. La Bourr\u00e9e \u00e0 Fran\u00e7ois \/ Te Te Rete 3&#8217;07<br \/>\n2. La Polka de Quartier \/ Lou Boulontino 3&#8217;03<br \/>\n3. Mazurka \u00e0 Jabut \/ La Vieille Mazurka 3&#8217;30<br \/>\n4. Jolie musette \/ Lou Moridon Cotet 2&#8217;31<br \/>\n5. Scottish de Servant 3&#8217;03<br \/>\n6. La Bourr\u00e9e de Marcillat en Combrailles \/ Mazurka de Servant 2&#8217;29<br \/>\n7. Scottish \u00e0 Catinaux \/ Scottish \u00e0 Jabut 3&#8217;05<br \/>\n8. Flou de Lono 2&#8217;02<br \/>\n9. La Pobre Nobio 2&#8217;12<br \/>\n10. C&#8217;est en Plan\u00e8ze \/ La Tricoutado 2&#8217;28<br \/>\n11. La Fille du Fermier \/ Rosalie de Bon Matin 3&#8217;44<br \/>\n12. La Bourr\u00e9e du Coualhon 1&#8217;40<br \/>\n13. Le Jeune Marchois 1&#8217;35<\/p>\n","protected":false},"excerpt":{"rendered":"<p>Jean Blanchard : Accord\u00e9on diatonique Titres : 1. La Bourr\u00e9e \u00e0 Fran\u00e7ois \/ Te Te Rete 3&#8217;07 2. La Polka de Quartier \/ Lou Boulontino 3&#8217;03 3. Mazurka \u00e0 Jabut \/ La Vieille Mazurka 3&#8217;30 4. Jolie musette \/ Lou Moridon Cotet 2&#8217;31 5. Scottish de Servant 3&#8217;03 6. La Bourr\u00e9e de Marcillat en Combrailles [&hellip;]<\/p>\n","protected":false},"featured_media":53119,"template":"","meta":{"_acf_changed":false,"_genesis_hide_title":false,"_genesis_hide_breadcrumbs":false,"_genesis_hide_singular_image":false,"_genesis_hide_footer_widgets":false,"_genesis_custom_body_class":"","_genesis_custom_post_class":"","_genesis_layout":""},"product_brand":[],"product_cat":[7228,7216],"product_tag":[],"class_list":{"0":"post-53145","1":"product","2":"type-product","3":"status-publish","4":"has-post-thumbnail","6":"product_cat-modern-folk-en","7":"product_cat-music-en","8":"pa_auteur-blanchard-jean-en","9":"pa_editeur-music-and-words-en","10":"entry","12":"first","13":"outofstock","14":"shipping-taxable","15":"purchasable","16":"product-type-simple"},"acf":[],"_links":{"self":[{"href":"https:\/\/www.libraria-occitana.org\/en\/wp-json\/wp\/v2\/product\/53145","targetHints":{"allow":["GET"]}}],"collection":[{"href":"https:\/\/www.libraria-occitana.org\/en\/wp-json\/wp\/v2\/product"}],"about":[{"href":"https:\/\/www.libraria-occitana.org\/en\/wp-json\/wp\/v2\/types\/product"}],"wp:featuredmedia":[{"embeddable":true,"href":"https:\/\/www.libraria-occitana.org\/en\/wp-json\/wp\/v2\/media\/53119"}],"wp:attachment":[{"href":"https:\/\/www.libraria-occitana.org\/en\/wp-json\/wp\/v2\/media?parent=53145"}],"wp:term":[{"taxonomy":"product_brand","embeddable":true,"href":"https:\/\/www.libraria-occitana.org\/en\/wp-json\/wp\/v2\/product_brand?post=53145"},{"taxonomy":"product_cat","embeddable":true,"href":"https:\/\/www.libraria-occitana.org\/en\/wp-json\/wp\/v2\/product_cat?post=53145"},{"taxonomy":"product_tag","embeddable":true,"href":"https:\/\/www.libraria-occitana.org\/en\/wp-json\/wp\/v2\/product_tag?post=53145"}],"curies":[{"name":"wp","href":"https:\/\/api.w.org\/{rel}","templated":true}]}}