{"id":53160,"date":"2020-11-26T18:45:52","date_gmt":"2020-11-26T17:45:52","guid":{"rendered":"http:\/\/www.libraria-occitana.org\/product\/vaches\/"},"modified":"2026-04-14T21:36:59","modified_gmt":"2026-04-14T19:36:59","slug":"vaches","status":"publish","type":"product","link":"https:\/\/www.libraria-occitana.org\/en\/product\/vaches\/","title":{"rendered":"Vaches"},"content":{"rendered":"<ul>\n<li>Les 46 races fran\u00e7aises et visibles en France.<br \/>\nChacune avec un texte de pr\u00e9sentation et les caract\u00e9ristiques de la race, son histoire, ses points particuliers.<\/li>\n<li>Un reportage photo in\u00e9dit, des rencontres avec des \u00e9leveurs passionn\u00e9s.<\/li>\n<li>Ab\u00e9c\u00e9daire amoureux, comices, transhumance, fromages&#8230; tout l\u2019univers du sujet.<\/li>\n<\/ul>\n","protected":false},"excerpt":{"rendered":"<p>Les 46 races fran\u00e7aises et visibles en France. Chacune avec un texte de pr\u00e9sentation et les caract\u00e9ristiques de la race, son histoire, ses points particuliers. Un reportage photo in\u00e9dit, des rencontres avec des \u00e9leveurs passionn\u00e9s. Ab\u00e9c\u00e9daire amoureux, comices, transhumance, fromages&#8230; tout l\u2019univers du sujet.<\/p>\n","protected":false},"featured_media":53155,"template":"","meta":{"_acf_changed":false,"_genesis_hide_title":false,"_genesis_hide_breadcrumbs":false,"_genesis_hide_singular_image":false,"_genesis_hide_footer_widgets":false,"_genesis_custom_body_class":"","_genesis_custom_post_class":"","_genesis_layout":""},"product_brand":[],"product_cat":[7132,7212,7206],"product_tag":[],"class_list":{"0":"post-53160","1":"product","2":"type-product","3":"status-publish","4":"has-post-thumbnail","6":"product_cat-books","7":"product_cat-traditional-skills-savoirs-faire-en","8":"product_cat-traditions-heritage-en","9":"pa_auteur-barruel-laurence-en","10":"pa_editeur-de-boree-en","11":"pa_illustrateur-bruges-daniel-en","12":"pa_langue-francais-en","13":"entry","15":"first","16":"instock","17":"shipping-taxable","18":"purchasable","19":"product-type-simple"},"acf":[],"_links":{"self":[{"href":"https:\/\/www.libraria-occitana.org\/en\/wp-json\/wp\/v2\/product\/53160","targetHints":{"allow":["GET"]}}],"collection":[{"href":"https:\/\/www.libraria-occitana.org\/en\/wp-json\/wp\/v2\/product"}],"about":[{"href":"https:\/\/www.libraria-occitana.org\/en\/wp-json\/wp\/v2\/types\/product"}],"wp:featuredmedia":[{"embeddable":true,"href":"https:\/\/www.libraria-occitana.org\/en\/wp-json\/wp\/v2\/media\/53155"}],"wp:attachment":[{"href":"https:\/\/www.libraria-occitana.org\/en\/wp-json\/wp\/v2\/media?parent=53160"}],"wp:term":[{"taxonomy":"product_brand","embeddable":true,"href":"https:\/\/www.libraria-occitana.org\/en\/wp-json\/wp\/v2\/product_brand?post=53160"},{"taxonomy":"product_cat","embeddable":true,"href":"https:\/\/www.libraria-occitana.org\/en\/wp-json\/wp\/v2\/product_cat?post=53160"},{"taxonomy":"product_tag","embeddable":true,"href":"https:\/\/www.libraria-occitana.org\/en\/wp-json\/wp\/v2\/product_tag?post=53160"}],"curies":[{"name":"wp","href":"https:\/\/api.w.org\/{rel}","templated":true}]}}